{"id":2585,"date":"2024-02-22T08:29:38","date_gmt":"2024-02-22T08:29:38","guid":{"rendered":"https:\/\/ignaciomarin.com\/producto\/cava\/"},"modified":"2024-03-12T07:20:06","modified_gmt":"2024-03-12T07:20:06","slug":"cava","status":"publish","type":"product","link":"https:\/\/ignaciomarin.com\/en\/producto\/cava\/","title":{"rendered":"Cava"},"content":{"rendered":"\t\t<div data-elementor-type=\"wp-post\" data-elementor-id=\"2585\" class=\"elementor elementor-2585 elementor-1564\">\n\t\t\t\t<div class=\"elementor-element elementor-element-15f45757 e-flex e-con-boxed e-con e-parent\" data-id=\"15f45757\" data-element_type=\"container\">\n\t\t\t\t\t<div class=\"e-con-inner\">\n\t\t\t\t<div class=\"elementor-element elementor-element-2ad6b1e1 elementor-widget elementor-widget-text-editor\" data-id=\"2ad6b1e1\" data-element_type=\"widget\" data-widget_type=\"text-editor.default\">\n\t\t\t\t<div class=\"elementor-widget-container\">\n\t\t\t\t\t\t\t\t\tIn our <strong>Cava<\/strong> pack, we offer an exclusive set of bottles of cava, consisting of:\n<ul>\n \t<li>3 bottles of <strong>Cava Reserva Brut Nature<\/strong><\/li>\n \t<li>3 bottles of <strong>Ros\u00e9 Cava<\/strong><\/li>\n<\/ul>\t\t\t\t\t\t\t\t<\/div>\n\t\t\t\t<\/div>\n\t\t\t\t\t<\/div>\n\t\t\t\t<\/div>\n\t\t\t\t<\/div>\n\t\t","protected":false},"excerpt":{"rendered":"<p>Discover our exclusive batch of <strong>Cava<\/strong>: 3 Cava Reserva Brut Nature and 3 ros\u00e9 Cava<\/p>\n","protected":false},"featured_media":2586,"comment_status":"open","ping_status":"closed","template":"","meta":{"site-sidebar-layout":"default","site-content-layout":"","ast-site-content-layout":"default","site-content-style":"default","site-sidebar-style":"default","ast-global-header-display":"","ast-banner-title-visibility":"","ast-main-header-display":"","ast-hfb-above-header-display":"","ast-hfb-below-header-display":"","ast-hfb-mobile-header-display":"","site-post-title":"","ast-breadcrumbs-content":"","ast-featured-img":"","footer-sml-layout":"","theme-transparent-header-meta":"default","adv-header-id-meta":"","stick-header-meta":"","header-above-stick-meta":"","header-main-stick-meta":"","header-below-stick-meta":"","astra-migrate-meta-layouts":"default","ast-page-background-enabled":"default","ast-page-background-meta":{"desktop":{"background-color":"var(--ast-global-color-4)","background-image":"","background-repeat":"repeat","background-position":"center center","background-size":"auto","background-attachment":"scroll","background-type":"","background-media":"","overlay-type":"","overlay-color":"","overlay-opacity":"","overlay-gradient":""},"tablet":{"background-color":"","background-image":"","background-repeat":"repeat","background-position":"center center","background-size":"auto","background-attachment":"scroll","background-type":"","background-media":"","overlay-type":"","overlay-color":"","overlay-opacity":"","overlay-gradient":""},"mobile":{"background-color":"","background-image":"","background-repeat":"repeat","background-position":"center center","background-size":"auto","background-attachment":"scroll","background-type":"","background-media":"","overlay-type":"","overlay-color":"","overlay-opacity":"","overlay-gradient":""}},"ast-content-background-meta":{"desktop":{"background-color":"var(--ast-global-color-5)","background-image":"","background-repeat":"repeat","background-position":"center center","background-size":"auto","background-attachment":"scroll","background-type":"","background-media":"","overlay-type":"","overlay-color":"","overlay-opacity":"","overlay-gradient":""},"tablet":{"background-color":"var(--ast-global-color-5)","background-image":"","background-repeat":"repeat","background-position":"center center","background-size":"auto","background-attachment":"scroll","background-type":"","background-media":"","overlay-type":"","overlay-color":"","overlay-opacity":"","overlay-gradient":""},"mobile":{"background-color":"var(--ast-global-color-5)","background-image":"","background-repeat":"repeat","background-position":"center center","background-size":"auto","background-attachment":"scroll","background-type":"","background-media":"","overlay-type":"","overlay-color":"","overlay-opacity":"","overlay-gradient":""}}},"product_brand":[],"product_cat":[158,157,141],"product_tag":[],"class_list":{"0":"post-2585","1":"product","2":"type-product","3":"status-publish","4":"has-post-thumbnail","6":"product_cat-cava-en","7":"product_cat-rose","8":"product_cat-brut-nature-en","9":"desktop-align-left","10":"tablet-align-left","11":"mobile-align-left","13":"first","14":"instock","15":"shipping-taxable","16":"purchasable","17":"product-type-simple"},"yoast_head":"<!-- This site is optimized with the Yoast SEO plugin v26.0 - https:\/\/yoast.com\/wordpress\/plugins\/seo\/ -->\n<title>Cava | Bodegas Ignacio Mar\u00edn<\/title>\n<meta name=\"robots\" content=\"index, follow, max-snippet:-1, max-image-preview:large, max-video-preview:-1\" \/>\n<link rel=\"canonical\" href=\"https:\/\/ignaciomarin.com\/en\/producto\/cava\/\" \/>\n<meta property=\"og:locale\" content=\"en_US\" \/>\n<meta property=\"og:type\" content=\"article\" \/>\n<meta property=\"og:title\" content=\"Cava | Bodegas Ignacio Mar\u00edn\" \/>\n<meta property=\"og:description\" content=\"Discover our exclusive batch of Cava: 3 Cava Reserva Brut Nature and 3 ros\u00e9 Cava\" \/>\n<meta property=\"og:url\" content=\"https:\/\/ignaciomarin.com\/en\/producto\/cava\/\" \/>\n<meta property=\"og:site_name\" content=\"Bodegas Ignacio Mar\u00edn\" \/>\n<meta property=\"article:publisher\" content=\"https:\/\/www.facebook.com\/BodegasIgnacioMarin\/\" \/>\n<meta property=\"article:modified_time\" content=\"2024-03-12T07:20:06+00:00\" \/>\n<meta property=\"og:image\" content=\"https:\/\/ignaciomarin.com\/wp-content\/uploads\/2024\/02\/Pack-Cava-1.png\" \/>\n\t<meta property=\"og:image:width\" content=\"810\" \/>\n\t<meta property=\"og:image:height\" content=\"810\" \/>\n\t<meta property=\"og:image:type\" content=\"image\/png\" \/>\n<meta name=\"twitter:card\" content=\"summary_large_image\" \/>\n<script type=\"application\/ld+json\" class=\"yoast-schema-graph\">{\"@context\":\"https:\/\/schema.org\",\"@graph\":[{\"@type\":\"WebPage\",\"@id\":\"https:\/\/ignaciomarin.com\/en\/producto\/cava\/\",\"url\":\"https:\/\/ignaciomarin.com\/en\/producto\/cava\/\",\"name\":\"Cava | Bodegas Ignacio Mar\u00edn\",\"isPartOf\":{\"@id\":\"https:\/\/ignaciomarin.com\/en\/#website\"},\"primaryImageOfPage\":{\"@id\":\"https:\/\/ignaciomarin.com\/en\/producto\/cava\/#primaryimage\"},\"image\":{\"@id\":\"https:\/\/ignaciomarin.com\/en\/producto\/cava\/#primaryimage\"},\"thumbnailUrl\":\"https:\/\/ignaciomarin.com\/wp-content\/uploads\/2024\/02\/Pack-Cava-1.png\",\"datePublished\":\"2024-02-22T08:29:38+00:00\",\"dateModified\":\"2024-03-12T07:20:06+00:00\",\"breadcrumb\":{\"@id\":\"https:\/\/ignaciomarin.com\/en\/producto\/cava\/#breadcrumb\"},\"inLanguage\":\"en-US\",\"potentialAction\":[{\"@type\":\"ReadAction\",\"target\":[\"https:\/\/ignaciomarin.com\/en\/producto\/cava\/\"]}]},{\"@type\":\"ImageObject\",\"inLanguage\":\"en-US\",\"@id\":\"https:\/\/ignaciomarin.com\/en\/producto\/cava\/#primaryimage\",\"url\":\"https:\/\/ignaciomarin.com\/wp-content\/uploads\/2024\/02\/Pack-Cava-1.png\",\"contentUrl\":\"https:\/\/ignaciomarin.com\/wp-content\/uploads\/2024\/02\/Pack-Cava-1.png\",\"width\":810,\"height\":810,\"caption\":\"Pack Cava\"},{\"@type\":\"BreadcrumbList\",\"@id\":\"https:\/\/ignaciomarin.com\/en\/producto\/cava\/#breadcrumb\",\"itemListElement\":[{\"@type\":\"ListItem\",\"position\":1,\"name\":\"Portada\",\"item\":\"https:\/\/ignaciomarin.com\/en\/\"},{\"@type\":\"ListItem\",\"position\":2,\"name\":\"Shop\",\"item\":\"https:\/\/ignaciomarin.com\/en\/shop\/\"},{\"@type\":\"ListItem\",\"position\":3,\"name\":\"Cava\"}]},{\"@type\":\"WebSite\",\"@id\":\"https:\/\/ignaciomarin.com\/en\/#website\",\"url\":\"https:\/\/ignaciomarin.com\/en\/\",\"name\":\"Bodegas Ignacio Mar\u00edn | Vinos de Cari\u00f1ena\",\"description\":\"Bodegas Ignacio Mar\u00edn: tradici\u00f3n familiar y pasi\u00f3n por el vino desde 1903. Descubre nuestros vinos de calidad elaborados en Cari\u00f1ena.\",\"alternateName\":\"Bodegas Ignacio Mar\u00edn\",\"potentialAction\":[{\"@type\":\"SearchAction\",\"target\":{\"@type\":\"EntryPoint\",\"urlTemplate\":\"https:\/\/ignaciomarin.com\/en\/?s={search_term_string}\"},\"query-input\":{\"@type\":\"PropertyValueSpecification\",\"valueRequired\":true,\"valueName\":\"search_term_string\"}}],\"inLanguage\":\"en-US\"}]}<\/script>\n<!-- \/ Yoast SEO plugin. -->","yoast_head_json":{"title":"Cava | Bodegas Ignacio Mar\u00edn","robots":{"index":"index","follow":"follow","max-snippet":"max-snippet:-1","max-image-preview":"max-image-preview:large","max-video-preview":"max-video-preview:-1"},"canonical":"https:\/\/ignaciomarin.com\/en\/producto\/cava\/","og_locale":"en_US","og_type":"article","og_title":"Cava | Bodegas Ignacio Mar\u00edn","og_description":"Discover our exclusive batch of Cava: 3 Cava Reserva Brut Nature and 3 ros\u00e9 Cava","og_url":"https:\/\/ignaciomarin.com\/en\/producto\/cava\/","og_site_name":"Bodegas Ignacio Mar\u00edn","article_publisher":"https:\/\/www.facebook.com\/BodegasIgnacioMarin\/","article_modified_time":"2024-03-12T07:20:06+00:00","og_image":[{"width":810,"height":810,"url":"https:\/\/ignaciomarin.com\/wp-content\/uploads\/2024\/02\/Pack-Cava-1.png","type":"image\/png"}],"twitter_card":"summary_large_image","schema":{"@context":"https:\/\/schema.org","@graph":[{"@type":"WebPage","@id":"https:\/\/ignaciomarin.com\/en\/producto\/cava\/","url":"https:\/\/ignaciomarin.com\/en\/producto\/cava\/","name":"Cava | Bodegas Ignacio Mar\u00edn","isPartOf":{"@id":"https:\/\/ignaciomarin.com\/en\/#website"},"primaryImageOfPage":{"@id":"https:\/\/ignaciomarin.com\/en\/producto\/cava\/#primaryimage"},"image":{"@id":"https:\/\/ignaciomarin.com\/en\/producto\/cava\/#primaryimage"},"thumbnailUrl":"https:\/\/ignaciomarin.com\/wp-content\/uploads\/2024\/02\/Pack-Cava-1.png","datePublished":"2024-02-22T08:29:38+00:00","dateModified":"2024-03-12T07:20:06+00:00","breadcrumb":{"@id":"https:\/\/ignaciomarin.com\/en\/producto\/cava\/#breadcrumb"},"inLanguage":"en-US","potentialAction":[{"@type":"ReadAction","target":["https:\/\/ignaciomarin.com\/en\/producto\/cava\/"]}]},{"@type":"ImageObject","inLanguage":"en-US","@id":"https:\/\/ignaciomarin.com\/en\/producto\/cava\/#primaryimage","url":"https:\/\/ignaciomarin.com\/wp-content\/uploads\/2024\/02\/Pack-Cava-1.png","contentUrl":"https:\/\/ignaciomarin.com\/wp-content\/uploads\/2024\/02\/Pack-Cava-1.png","width":810,"height":810,"caption":"Pack Cava"},{"@type":"BreadcrumbList","@id":"https:\/\/ignaciomarin.com\/en\/producto\/cava\/#breadcrumb","itemListElement":[{"@type":"ListItem","position":1,"name":"Portada","item":"https:\/\/ignaciomarin.com\/en\/"},{"@type":"ListItem","position":2,"name":"Shop","item":"https:\/\/ignaciomarin.com\/en\/shop\/"},{"@type":"ListItem","position":3,"name":"Cava"}]},{"@type":"WebSite","@id":"https:\/\/ignaciomarin.com\/en\/#website","url":"https:\/\/ignaciomarin.com\/en\/","name":"Bodegas Ignacio Mar\u00edn | Vinos de Cari\u00f1ena","description":"Bodegas Ignacio Mar\u00edn: tradici\u00f3n familiar y pasi\u00f3n por el vino desde 1903. Descubre nuestros vinos de calidad elaborados en Cari\u00f1ena.","alternateName":"Bodegas Ignacio Mar\u00edn","potentialAction":[{"@type":"SearchAction","target":{"@type":"EntryPoint","urlTemplate":"https:\/\/ignaciomarin.com\/en\/?s={search_term_string}"},"query-input":{"@type":"PropertyValueSpecification","valueRequired":true,"valueName":"search_term_string"}}],"inLanguage":"en-US"}]}},"_links":{"self":[{"href":"https:\/\/ignaciomarin.com\/en\/wp-json\/wp\/v2\/product\/2585","targetHints":{"allow":["GET"]}}],"collection":[{"href":"https:\/\/ignaciomarin.com\/en\/wp-json\/wp\/v2\/product"}],"about":[{"href":"https:\/\/ignaciomarin.com\/en\/wp-json\/wp\/v2\/types\/product"}],"replies":[{"embeddable":true,"href":"https:\/\/ignaciomarin.com\/en\/wp-json\/wp\/v2\/comments?post=2585"}],"version-history":[{"count":1,"href":"https:\/\/ignaciomarin.com\/en\/wp-json\/wp\/v2\/product\/2585\/revisions"}],"predecessor-version":[{"id":2587,"href":"https:\/\/ignaciomarin.com\/en\/wp-json\/wp\/v2\/product\/2585\/revisions\/2587"}],"wp:featuredmedia":[{"embeddable":true,"href":"https:\/\/ignaciomarin.com\/en\/wp-json\/wp\/v2\/media\/2586"}],"wp:attachment":[{"href":"https:\/\/ignaciomarin.com\/en\/wp-json\/wp\/v2\/media?parent=2585"}],"wp:term":[{"taxonomy":"product_brand","embeddable":true,"href":"https:\/\/ignaciomarin.com\/en\/wp-json\/wp\/v2\/product_brand?post=2585"},{"taxonomy":"product_cat","embeddable":true,"href":"https:\/\/ignaciomarin.com\/en\/wp-json\/wp\/v2\/product_cat?post=2585"},{"taxonomy":"product_tag","embeddable":true,"href":"https:\/\/ignaciomarin.com\/en\/wp-json\/wp\/v2\/product_tag?post=2585"}],"curies":[{"name":"wp","href":"https:\/\/api.w.org\/{rel}","templated":true}]}}