{"id":2638,"date":"2024-02-13T13:45:32","date_gmt":"2024-02-13T13:45:32","guid":{"rendered":"https:\/\/ignaciomarin.com\/politica-de-cookies-ue\/"},"modified":"2024-12-11T07:13:29","modified_gmt":"2024-12-11T07:13:29","slug":"politica-de-cookies-ue","status":"publish","type":"page","link":"https:\/\/ignaciomarin.com\/en\/politica-de-cookies-ue\/","title":{"rendered":"Cookies policy"},"content":{"rendered":"\t\t<div data-elementor-type=\"wp-page\" data-elementor-id=\"2638\" class=\"elementor elementor-2638 elementor-1505\">\n\t\t\t\t<div class=\"elementor-element elementor-element-6ae8977 e-flex e-con-boxed e-con e-parent\" data-id=\"6ae8977\" data-element_type=\"container\">\n\t\t\t\t\t<div class=\"e-con-inner\">\n\t\t\t\t<div class=\"elementor-element elementor-element-67cd0fd elementor-widget elementor-widget-heading\" data-id=\"67cd0fd\" data-element_type=\"widget\" data-widget_type=\"heading.default\">\n\t\t\t\t<div class=\"elementor-widget-container\">\n\t\t\t\t\t<h3 class=\"elementor-heading-title elementor-size-default\">I. Cookies Policy<\/h3>\t\t\t\t<\/div>\n\t\t\t\t<\/div>\n\t\t\t\t\t<\/div>\n\t\t\t\t<\/div>\n\t\t<div class=\"elementor-element elementor-element-9983d1b e-flex e-con-boxed e-con e-parent\" data-id=\"9983d1b\" data-element_type=\"container\">\n\t\t\t\t\t<div class=\"e-con-inner\">\n\t\t\t\t<div class=\"elementor-element elementor-element-0ee0356 elementor-widget elementor-widget-text-editor\" data-id=\"0ee0356\" data-element_type=\"widget\" data-widget_type=\"text-editor.default\">\n\t\t\t\t<div class=\"elementor-widget-container\">\n\t\t\t\t\t\t\t\t\t<div class=\"page\" title=\"Page 1\">\n<div class=\"layoutArea\">\n<div class=\"column\">\n<div class=\"page\" title=\"Page 1\">\n<div class=\"layoutArea\">\n<div class=\"column\">\n<div class=\"page\" title=\"Page 1\">\n<div class=\"layoutArea\">\n<div class=\"column\">\n<p>Access to this Website may involve the use of cookies. Cookies are small amounts of information that are stored in the browser used by each User &#8211; on the different devices they may use to browse &#8211; so that the server remembers certain information that will later be read only by the server that implemented it. Cookies make browsing easier, more user-friendly, and do not damage the browsing device.<\/p>\n<p>Cookies are automatic procedures for collecting information related to the preferences determined by the User during their visit to the Website in order to recognize them as a User, and personalize their experience and use of the Website, and they can also, for example, help to identify and resolve errors.<\/p>\n<p>The information collected through cookies may include the date and time of visits to the Website, the pages viewed, the time spent on the Website and the sites visited just before and after the Website. However, no cookie allows it to contact the User&#8217;s telephone number or any other means of personal contact. No cookie can extract information from the User&#8217;s hard drive or steal personal information. The only way for the User&#8217;s private information to be part of the Cookie file is for the user to personally provide that information to the server.<\/p>\n<p>Cookies that allow a person to be identified are considered personal data. Therefore, the Privacy Policy described above will apply to them. In this sense, the User&#8217;s consent will be necessary for their use. This consent will be communicated, based on an authentic choice, offered through an affirmative and positive decision, before the initial, removable and documented treatment.<\/p>\n<\/div>\n<\/div>\n<\/div>\n<\/div>\n<\/div>\n<\/div>\n<\/div>\n<\/div>\n<\/div>\n\t\t\t\t\t\t\t\t<\/div>\n\t\t\t\t<\/div>\n\t\t\t\t<div class=\"elementor-element elementor-element-ac4df47 elementor-widget elementor-widget-heading\" data-id=\"ac4df47\" data-element_type=\"widget\" data-widget_type=\"heading.default\">\n\t\t\t\t<div class=\"elementor-widget-container\">\n\t\t\t\t\t<h3 class=\"elementor-heading-title elementor-size-default\">1. Own cookies<\/h3>\t\t\t\t<\/div>\n\t\t\t\t<\/div>\n\t\t\t\t<div class=\"elementor-element elementor-element-c396a2c elementor-widget elementor-widget-text-editor\" data-id=\"c396a2c\" data-element_type=\"widget\" data-widget_type=\"text-editor.default\">\n\t\t\t\t<div class=\"elementor-widget-container\">\n\t\t\t\t\t\t\t\t\t<div class=\"page\" title=\"Page 1\">\n<div class=\"layoutArea\">\n<div class=\"column\">\n<div class=\"page\" title=\"Page 1\">\n<div class=\"layoutArea\">\n<div class=\"column\">\n<p>They are those cookies that are sent to the User&#8217;s computer or device and managed exclusively by Bodegas Ignacio Mar\u00edn for the best functioning of the Website. The information collected is used to improve the quality of the Website and its Content and your experience as a User. These cookies allow us to recognize the User as a recurring visitor to the Website and adapt the content to offer content that fits their preferences.<\/p>\n<\/div>\n<\/div>\n<\/div>\n<\/div>\n<\/div>\n<\/div>\n\t\t\t\t\t\t\t\t<\/div>\n\t\t\t\t<\/div>\n\t\t\t\t\t<\/div>\n\t\t\t\t<\/div>\n\t\t<div class=\"elementor-element elementor-element-b123ca9 e-flex e-con-boxed e-con e-parent\" data-id=\"b123ca9\" data-element_type=\"container\">\n\t\t\t\t\t<div class=\"e-con-inner\">\n\t\t\t\t<div class=\"elementor-element elementor-element-ed2fc5a elementor-widget elementor-widget-heading\" data-id=\"ed2fc5a\" data-element_type=\"widget\" data-widget_type=\"heading.default\">\n\t\t\t\t<div class=\"elementor-widget-container\">\n\t\t\t\t\t<h3 class=\"elementor-heading-title elementor-size-default\">2. Social network cookies<\/h3>\t\t\t\t<\/div>\n\t\t\t\t<\/div>\n\t\t\t\t<div class=\"elementor-element elementor-element-af148d9 elementor-widget elementor-widget-text-editor\" data-id=\"af148d9\" data-element_type=\"widget\" data-widget_type=\"text-editor.default\">\n\t\t\t\t<div class=\"elementor-widget-container\">\n\t\t\t\t\t\t\t\t\t<div title=\"Page 1\">\n<div>\n<div>\n<div title=\"Page 1\">\n<div>\n<div>\n<div title=\"Page 1\">\n<div>\n<div>\n<p>Bodegas Ignacio Mar\u00edn incorporates social network plugins, which allow access to them from the Website. For this reason, social network cookies may be stored in the User&#8217;s browser. The owners of these social networks have their own data protection and cookie policies, being themselves, in each case, responsible for their own files and their own privacy practices. The User must refer to them to find out about these cookies and, where applicable, the processing of their personal data. For information purposes only, the links where you can consult these privacy and\/or cookie policies are indicated below:<\/p>\n<div class=\"page\" title=\"Page 2\">\n<div class=\"layoutArea\">\n<div class=\"column\">\n<ul>\n<li>Facebook: https:\/\/www.facebook.com\/policies\/cookies\/<\/li>\n<li><span style=\"font-style: inherit; font-weight: inherit; text-align: var(--text-align); color: var(--ast-global-color-3);\">Instagram: https:\/\/help.instagram.com\/1896641480634370?ref=ig<\/span><\/li>\n<li><span style=\"font-style: inherit; font-weight: inherit; text-align: var(--text-align); color: var(--ast-global-color-3);\">LinkedIn: https:\/\/www.linkedin.com\/legal\/cookie-policy?trk=hp-cookies<\/span><\/li>\n<\/ul>\n<\/div>\n<\/div>\n<\/div>\n<\/div>\n<\/div>\n<\/div>\n<\/div>\n<\/div>\n<\/div>\n<\/div>\n<\/div>\n<\/div>\n\t\t\t\t\t\t\t\t<\/div>\n\t\t\t\t<\/div>\n\t\t\t\t\t<\/div>\n\t\t\t\t<\/div>\n\t\t<div class=\"elementor-element elementor-element-ffa4ede e-flex e-con-boxed e-con e-parent\" data-id=\"ffa4ede\" data-element_type=\"container\">\n\t\t\t\t\t<div class=\"e-con-inner\">\n\t\t\t\t<div class=\"elementor-element elementor-element-54c5f80 elementor-widget elementor-widget-heading\" data-id=\"54c5f80\" data-element_type=\"widget\" data-widget_type=\"heading.default\">\n\t\t\t\t<div class=\"elementor-widget-container\">\n\t\t\t\t\t<h3 class=\"elementor-heading-title elementor-size-default\">3. Disable, reject and delete cookies<\/h3>\t\t\t\t<\/div>\n\t\t\t\t<\/div>\n\t\t\t\t<div class=\"elementor-element elementor-element-b5ac183 elementor-widget elementor-widget-text-editor\" data-id=\"b5ac183\" data-element_type=\"widget\" data-widget_type=\"text-editor.default\">\n\t\t\t\t<div class=\"elementor-widget-container\">\n\t\t\t\t\t\t\t\t\t<div title=\"Page 1\">\n<div title=\"Page 1\">\n<div title=\"Page 1\">\n<div class=\"page\" title=\"Page 2\">\n<div class=\"layoutArea\">\n<div class=\"column\">\n<p>The User can disable, reject and delete the cookies \u2013 totally or partially \u2013 installed on their device through the settings of their browser (including, for example, Chrome, Firefox, Safari, Explorer). In this sense, the procedures for rejecting and deleting cookies may differ from one Internet browser to another. Consequently, the User must follow the instructions provided by the Internet browser they are using. In the event that you reject the use of cookies \u2013 in whole or in part \u2013 you may continue using the Website, although the use of some of its features may be limited.<\/p>\n<\/div>\n<\/div>\n<\/div>\n<\/div>\n<\/div>\n<\/div>\t\t\t\t\t\t\t\t<\/div>\n\t\t\t\t<\/div>\n\t\t\t\t\t<\/div>\n\t\t\t\t<\/div>\n\t\t\t\t<\/div>\n\t\t","protected":false},"excerpt":{"rendered":"<p>I. Cookies Policy Access to this Website may involve the use of cookies. Cookies are small amounts of information that are stored in the browser used by each User &#8211; on the different devices they may use to browse &#8211; so that the server remembers certain information that will later be read only by the [&hellip;]<\/p>\n","protected":false},"author":1,"featured_media":0,"parent":0,"menu_order":0,"comment_status":"closed","ping_status":"closed","template":"elementor_header_footer","meta":{"site-sidebar-layout":"no-sidebar","site-content-layout":"page-builder","ast-site-content-layout":"default","site-content-style":"default","site-sidebar-style":"default","ast-global-header-display":"","ast-banner-title-visibility":"","ast-main-header-display":"","ast-hfb-above-header-display":"","ast-hfb-below-header-display":"","ast-hfb-mobile-header-display":"","site-post-title":"disabled","ast-breadcrumbs-content":"","ast-featured-img":"disabled","footer-sml-layout":"","theme-transparent-header-meta":"","adv-header-id-meta":"","stick-header-meta":"","header-above-stick-meta":"","header-main-stick-meta":"","header-below-stick-meta":"","astra-migrate-meta-layouts":"default","ast-page-background-enabled":"default","ast-page-background-meta":{"desktop":{"background-color":"var(--ast-global-color-4)","background-image":"","background-repeat":"repeat","background-position":"center center","background-size":"auto","background-attachment":"scroll","background-type":"","background-media":"","overlay-type":"","overlay-color":"","overlay-opacity":"","overlay-gradient":""},"tablet":{"background-color":"","background-image":"","background-repeat":"repeat","background-position":"center center","background-size":"auto","background-attachment":"scroll","background-type":"","background-media":"","overlay-type":"","overlay-color":"","overlay-opacity":"","overlay-gradient":""},"mobile":{"background-color":"","background-image":"","background-repeat":"repeat","background-position":"center center","background-size":"auto","background-attachment":"scroll","background-type":"","background-media":"","overlay-type":"","overlay-color":"","overlay-opacity":"","overlay-gradient":""}},"ast-content-background-meta":{"desktop":{"background-color":"var(--ast-global-color-5)","background-image":"","background-repeat":"repeat","background-position":"center center","background-size":"auto","background-attachment":"scroll","background-type":"","background-media":"","overlay-type":"","overlay-color":"","overlay-opacity":"","overlay-gradient":""},"tablet":{"background-color":"var(--ast-global-color-5)","background-image":"","background-repeat":"repeat","background-position":"center center","background-size":"auto","background-attachment":"scroll","background-type":"","background-media":"","overlay-type":"","overlay-color":"","overlay-opacity":"","overlay-gradient":""},"mobile":{"background-color":"var(--ast-global-color-5)","background-image":"","background-repeat":"repeat","background-position":"center center","background-size":"auto","background-attachment":"scroll","background-type":"","background-media":"","overlay-type":"","overlay-color":"","overlay-opacity":"","overlay-gradient":""}},"footnotes":""},"class_list":["post-2638","page","type-page","status-publish","hentry"],"yoast_head":"<!-- This site is optimized with the Yoast SEO plugin v26.0 - https:\/\/yoast.com\/wordpress\/plugins\/seo\/ -->\n<title>Cookies policy | Bodegas Ignacio Mar\u00edn<\/title>\n<meta name=\"robots\" content=\"noindex, follow\" \/>\n<meta property=\"og:locale\" content=\"en_US\" \/>\n<meta property=\"og:type\" content=\"article\" \/>\n<meta property=\"og:title\" content=\"Cookies policy | Bodegas Ignacio Mar\u00edn\" \/>\n<meta property=\"og:description\" content=\"I. Cookies Policy Access to this Website may involve the use of cookies. Cookies are small amounts of information that are stored in the browser used by each User &#8211; on the different devices they may use to browse &#8211; so that the server remembers certain information that will later be read only by the [&hellip;]\" \/>\n<meta property=\"og:url\" content=\"https:\/\/ignaciomarin.com\/en\/politica-de-cookies-ue\/\" \/>\n<meta property=\"og:site_name\" content=\"Bodegas Ignacio Mar\u00edn\" \/>\n<meta property=\"article:publisher\" content=\"https:\/\/www.facebook.com\/BodegasIgnacioMarin\/\" \/>\n<meta property=\"article:modified_time\" content=\"2024-12-11T07:13:29+00:00\" \/>\n<meta name=\"twitter:card\" content=\"summary_large_image\" \/>\n<meta name=\"twitter:label1\" content=\"Est. reading time\" \/>\n\t<meta name=\"twitter:data1\" content=\"3 minutes\" \/>\n<script type=\"application\/ld+json\" class=\"yoast-schema-graph\">{\"@context\":\"https:\/\/schema.org\",\"@graph\":[{\"@type\":\"WebPage\",\"@id\":\"https:\/\/ignaciomarin.com\/en\/politica-de-cookies-ue\/\",\"url\":\"https:\/\/ignaciomarin.com\/en\/politica-de-cookies-ue\/\",\"name\":\"Cookies policy | Bodegas Ignacio Mar\u00edn\",\"isPartOf\":{\"@id\":\"https:\/\/ignaciomarin.com\/en\/#website\"},\"datePublished\":\"2024-02-13T13:45:32+00:00\",\"dateModified\":\"2024-12-11T07:13:29+00:00\",\"breadcrumb\":{\"@id\":\"https:\/\/ignaciomarin.com\/en\/politica-de-cookies-ue\/#breadcrumb\"},\"inLanguage\":\"en-US\",\"potentialAction\":[{\"@type\":\"ReadAction\",\"target\":[\"https:\/\/ignaciomarin.com\/en\/politica-de-cookies-ue\/\"]}]},{\"@type\":\"BreadcrumbList\",\"@id\":\"https:\/\/ignaciomarin.com\/en\/politica-de-cookies-ue\/#breadcrumb\",\"itemListElement\":[{\"@type\":\"ListItem\",\"position\":1,\"name\":\"Portada\",\"item\":\"https:\/\/ignaciomarin.com\/en\/\"},{\"@type\":\"ListItem\",\"position\":2,\"name\":\"Cookies policy\"}]},{\"@type\":\"WebSite\",\"@id\":\"https:\/\/ignaciomarin.com\/en\/#website\",\"url\":\"https:\/\/ignaciomarin.com\/en\/\",\"name\":\"Bodegas Ignacio Mar\u00edn | Vinos de Cari\u00f1ena\",\"description\":\"Bodegas Ignacio Mar\u00edn: tradici\u00f3n familiar y pasi\u00f3n por el vino desde 1903. Descubre nuestros vinos de calidad elaborados en Cari\u00f1ena.\",\"alternateName\":\"Bodegas Ignacio Mar\u00edn\",\"potentialAction\":[{\"@type\":\"SearchAction\",\"target\":{\"@type\":\"EntryPoint\",\"urlTemplate\":\"https:\/\/ignaciomarin.com\/en\/?s={search_term_string}\"},\"query-input\":{\"@type\":\"PropertyValueSpecification\",\"valueRequired\":true,\"valueName\":\"search_term_string\"}}],\"inLanguage\":\"en-US\"}]}<\/script>\n<!-- \/ Yoast SEO plugin. -->","yoast_head_json":{"title":"Cookies policy | Bodegas Ignacio Mar\u00edn","robots":{"index":"noindex","follow":"follow"},"og_locale":"en_US","og_type":"article","og_title":"Cookies policy | Bodegas Ignacio Mar\u00edn","og_description":"I. Cookies Policy Access to this Website may involve the use of cookies. Cookies are small amounts of information that are stored in the browser used by each User &#8211; on the different devices they may use to browse &#8211; so that the server remembers certain information that will later be read only by the [&hellip;]","og_url":"https:\/\/ignaciomarin.com\/en\/politica-de-cookies-ue\/","og_site_name":"Bodegas Ignacio Mar\u00edn","article_publisher":"https:\/\/www.facebook.com\/BodegasIgnacioMarin\/","article_modified_time":"2024-12-11T07:13:29+00:00","twitter_card":"summary_large_image","twitter_misc":{"Est. reading time":"3 minutes"},"schema":{"@context":"https:\/\/schema.org","@graph":[{"@type":"WebPage","@id":"https:\/\/ignaciomarin.com\/en\/politica-de-cookies-ue\/","url":"https:\/\/ignaciomarin.com\/en\/politica-de-cookies-ue\/","name":"Cookies policy | Bodegas Ignacio Mar\u00edn","isPartOf":{"@id":"https:\/\/ignaciomarin.com\/en\/#website"},"datePublished":"2024-02-13T13:45:32+00:00","dateModified":"2024-12-11T07:13:29+00:00","breadcrumb":{"@id":"https:\/\/ignaciomarin.com\/en\/politica-de-cookies-ue\/#breadcrumb"},"inLanguage":"en-US","potentialAction":[{"@type":"ReadAction","target":["https:\/\/ignaciomarin.com\/en\/politica-de-cookies-ue\/"]}]},{"@type":"BreadcrumbList","@id":"https:\/\/ignaciomarin.com\/en\/politica-de-cookies-ue\/#breadcrumb","itemListElement":[{"@type":"ListItem","position":1,"name":"Portada","item":"https:\/\/ignaciomarin.com\/en\/"},{"@type":"ListItem","position":2,"name":"Cookies policy"}]},{"@type":"WebSite","@id":"https:\/\/ignaciomarin.com\/en\/#website","url":"https:\/\/ignaciomarin.com\/en\/","name":"Bodegas Ignacio Mar\u00edn | Vinos de Cari\u00f1ena","description":"Bodegas Ignacio Mar\u00edn: tradici\u00f3n familiar y pasi\u00f3n por el vino desde 1903. Descubre nuestros vinos de calidad elaborados en Cari\u00f1ena.","alternateName":"Bodegas Ignacio Mar\u00edn","potentialAction":[{"@type":"SearchAction","target":{"@type":"EntryPoint","urlTemplate":"https:\/\/ignaciomarin.com\/en\/?s={search_term_string}"},"query-input":{"@type":"PropertyValueSpecification","valueRequired":true,"valueName":"search_term_string"}}],"inLanguage":"en-US"}]}},"_links":{"self":[{"href":"https:\/\/ignaciomarin.com\/en\/wp-json\/wp\/v2\/pages\/2638","targetHints":{"allow":["GET"]}}],"collection":[{"href":"https:\/\/ignaciomarin.com\/en\/wp-json\/wp\/v2\/pages"}],"about":[{"href":"https:\/\/ignaciomarin.com\/en\/wp-json\/wp\/v2\/types\/page"}],"author":[{"embeddable":true,"href":"https:\/\/ignaciomarin.com\/en\/wp-json\/wp\/v2\/users\/1"}],"replies":[{"embeddable":true,"href":"https:\/\/ignaciomarin.com\/en\/wp-json\/wp\/v2\/comments?post=2638"}],"version-history":[{"count":2,"href":"https:\/\/ignaciomarin.com\/en\/wp-json\/wp\/v2\/pages\/2638\/revisions"}],"predecessor-version":[{"id":2767,"href":"https:\/\/ignaciomarin.com\/en\/wp-json\/wp\/v2\/pages\/2638\/revisions\/2767"}],"wp:attachment":[{"href":"https:\/\/ignaciomarin.com\/en\/wp-json\/wp\/v2\/media?parent=2638"}],"curies":[{"name":"wp","href":"https:\/\/api.w.org\/{rel}","templated":true}]}}