{"id":2636,"date":"2024-03-01T12:51:22","date_gmt":"2024-03-01T12:51:22","guid":{"rendered":"https:\/\/ignaciomarin.com\/accessibility\/"},"modified":"2024-03-12T08:25:14","modified_gmt":"2024-03-12T08:25:14","slug":"accessibility","status":"publish","type":"page","link":"https:\/\/ignaciomarin.com\/en\/accessibility\/","title":{"rendered":"Accessibility statement"},"content":{"rendered":"\t\t<div data-elementor-type=\"wp-page\" data-elementor-id=\"2636\" class=\"elementor elementor-2636 elementor-2293\">\n\t\t\t\t<div class=\"elementor-element elementor-element-5f36993 e-flex e-con-boxed e-con e-parent\" data-id=\"5f36993\" data-element_type=\"container\">\n\t\t\t\t\t<div class=\"e-con-inner\">\n\t\t\t\t<div class=\"elementor-element elementor-element-9af09b4 elementor-widget elementor-widget-heading\" data-id=\"9af09b4\" data-element_type=\"widget\" data-widget_type=\"heading.default\">\n\t\t\t\t<div class=\"elementor-widget-container\">\n\t\t\t\t\t<h3 class=\"elementor-heading-title elementor-size-default\">I. Accessibility Statement<\/h3>\t\t\t\t<\/div>\n\t\t\t\t<\/div>\n\t\t\t\t\t<\/div>\n\t\t\t\t<\/div>\n\t\t<div class=\"elementor-element elementor-element-873c980 e-flex e-con-boxed e-con e-parent\" data-id=\"873c980\" data-element_type=\"container\">\n\t\t\t\t\t<div class=\"e-con-inner\">\n\t\t\t\t<div class=\"elementor-element elementor-element-8e62792 elementor-widget elementor-widget-text-editor\" data-id=\"8e62792\" data-element_type=\"widget\" data-widget_type=\"text-editor.default\">\n\t\t\t\t<div class=\"elementor-widget-container\">\n\t\t\t\t\t\t\t\t\t<div class=\"page\" title=\"Page 1\">\n<div class=\"layoutArea\">\n<div class=\"column\">\n<div class=\"page\" title=\"Page 1\">\n<div class=\"layoutArea\">\n<div class=\"column\">\n<div class=\"page\" title=\"Page 1\">\n<div class=\"layoutArea\">\n<div class=\"column\">\n<p>The Spanish Data Protection Agency has committed to making its websites accessible in accordance with <a href=\"https:\/\/www.boe.es\/buscar\/act.php?id=BOE-A-2018-12699\"><span class=\"s4\">Royal Decree 1112\/2018, of September 7, on accessibility of websites and applications for mobile devices in the public sector.<\/span><\/a>.<\/p>\n<\/div>\n<\/div>\n<\/div>\n<\/div>\n<\/div>\n<\/div>\n<\/div>\n<\/div>\n<\/div>\n\t\t\t\t\t\t\t\t<\/div>\n\t\t\t\t<\/div>\n\t\t\t\t<div class=\"elementor-element elementor-element-c796ff9 elementor-widget elementor-widget-heading\" data-id=\"c796ff9\" data-element_type=\"widget\" data-widget_type=\"heading.default\">\n\t\t\t\t<div class=\"elementor-widget-container\">\n\t\t\t\t\t<h3 class=\"elementor-heading-title elementor-size-default\">1. Compliance status<\/h3>\t\t\t\t<\/div>\n\t\t\t\t<\/div>\n\t\t\t\t<div class=\"elementor-element elementor-element-37f36cf elementor-widget elementor-widget-text-editor\" data-id=\"37f36cf\" data-element_type=\"widget\" data-widget_type=\"text-editor.default\">\n\t\t\t\t<div class=\"elementor-widget-container\">\n\t\t\t\t\t\t\t\t\t<div class=\"page\" title=\"Page 1\">\n<div class=\"layoutArea\">\n<div class=\"column\">\n<div class=\"page\" title=\"Page 1\">\n<div class=\"layoutArea\">\n<div class=\"column\">\n<p><span class=\"s1\" style=\"color: #666666; font-family: Lora; font-size: 16px;\">This website <\/span><span class=\"s5\" style=\"color: #666666; font-family: Lora; font-size: 16px;\"><b>partially complies<\/b><\/span><span class=\"s1\" style=\"color: #666666; font-family: Lora; font-size: 16px;\">con el <a style=\"color: #594c3b; transition-timing-function: ease-in-out;\" href=\"https:\/\/www.boe.es\/diario_boe\/txt.php?id=BOE-A-2018-12699\"><span class=\"s6\">RD 1112\/2018<\/span><\/a> due to the exceptions and lack of conformity of the aspects indicated below.<\/span><\/p>\n<\/div>\n<\/div>\n<\/div>\n<\/div>\n<\/div>\n<\/div>\n\t\t\t\t\t\t\t\t<\/div>\n\t\t\t\t<\/div>\n\t\t\t\t\t<\/div>\n\t\t\t\t<\/div>\n\t\t<div class=\"elementor-element elementor-element-11b84cf e-flex e-con-boxed e-con e-parent\" data-id=\"11b84cf\" data-element_type=\"container\">\n\t\t\t\t\t<div class=\"e-con-inner\">\n\t\t\t\t<div class=\"elementor-element elementor-element-7838452 elementor-widget elementor-widget-heading\" data-id=\"7838452\" data-element_type=\"widget\" data-widget_type=\"heading.default\">\n\t\t\t\t<div class=\"elementor-widget-container\">\n\t\t\t\t\t<h3 class=\"elementor-heading-title elementor-size-default\">2. Content not accessible<\/h3>\t\t\t\t<\/div>\n\t\t\t\t<\/div>\n\t\t\t\t<div class=\"elementor-element elementor-element-0fc8951 elementor-widget elementor-widget-text-editor\" data-id=\"0fc8951\" data-element_type=\"widget\" data-widget_type=\"text-editor.default\">\n\t\t\t\t<div class=\"elementor-widget-container\">\n\t\t\t\t\t\t\t\t\t<div class=\"page\" title=\"Page 1\">\n<div class=\"layoutArea\">\n<div class=\"column\">\n<div class=\"page\" title=\"Page 1\">\n<div class=\"layoutArea\">\n<div class=\"column\">\n<p class=\"p2\"><span class=\"s1\">The content collected below is not accessible due to the following:<\/span><\/p>\n<ul class=\"ul1\">\n<li class=\"li7\"><span class=\"s1\">LACK OF COMPLIANCE WITH RD 1112\/2018: <\/span>THERE IS NO LABELING OF THE HTML STRUCTURE USING ARIA TAGS<\/li>\n<\/ul>\n<ul class=\"ul1\">\n<li class=\"li7\"><span class=\"s1\">ON SOME PAGES THE CONTRAST MAY NOT BE OPTIMUM<\/span><\/li>\n<\/ul>\n<ul class=\"ul1\">\n<li class=\"li7\"><span class=\"s1\">KEYBOARD FOCUS IS NOT PERCEIVED DUE TO CSS STYLES<\/span><\/li>\n<\/ul>\n<ul class=\"ul1\">\n<li class=\"li7\"><span class=\"s1\">HTML TAGS MAY NOT INCLUDE THE NAME OF WHAT THEY VISUALLY PRESENT<\/span><\/li>\n<\/ul>\n<ul class=\"ul1\">\n<li class=\"li7\"><span class=\"s1\">THERE COULD EXIST ERRORS IN HTML LABELING AND &#8220;ID&#8221; LABEL OWN TO THE CMS GENERATION<\/span><\/li>\n<\/ul>\n<ul class=\"ul1\">\n<li class=\"li7\"><span class=\"s1\">DISPROPORTIONATE LOAD:<\/span> NOT APPLICABLE.<\/li>\n<\/ul>\n<ul class=\"ul1\">\n<li class=\"li7\"><span class=\"s1\">CONTENT DOES NOT FALL WITHIN THE SCOPE OF THE APPLICABLE LEGISLATION:<\/span> THERE MAY EXIST DOCUMENTS IN PDF FORMAT PUBLISHED BEFORE SEPTEMBER 20, 2018 THAT DO NOT FULLY MEET ALL ACCESSIBILITY REQUIREMENTS.<\/li>\n<\/ul>\n<\/div>\n<\/div>\n<\/div>\n<\/div>\n<\/div>\n<\/div>\n\t\t\t\t\t\t\t\t<\/div>\n\t\t\t\t<\/div>\n\t\t\t\t\t<\/div>\n\t\t\t\t<\/div>\n\t\t<div class=\"elementor-element elementor-element-ce286c9 e-flex e-con-boxed e-con e-parent\" data-id=\"ce286c9\" data-element_type=\"container\">\n\t\t\t\t\t<div class=\"e-con-inner\">\n\t\t\t\t<div class=\"elementor-element elementor-element-20c99f2 elementor-widget elementor-widget-heading\" data-id=\"20c99f2\" data-element_type=\"widget\" data-widget_type=\"heading.default\">\n\t\t\t\t<div class=\"elementor-widget-container\">\n\t\t\t\t\t<h3 class=\"elementor-heading-title elementor-size-default\">3. Preparation of this accessibility declaration<\/h3>\t\t\t\t<\/div>\n\t\t\t\t<\/div>\n\t\t\t\t<div class=\"elementor-element elementor-element-7deba12 elementor-widget elementor-widget-text-editor\" data-id=\"7deba12\" data-element_type=\"widget\" data-widget_type=\"text-editor.default\">\n\t\t\t\t<div class=\"elementor-widget-container\">\n\t\t\t\t\t\t\t\t\t<div title=\"Page 1\">\n<div>\n<div>\n<div title=\"Page 1\">\n<div>\n<div>\n<p><span style=\"color: #666666; font-family: Lora; font-size: 16px;\">This statement was prepared on February 29, 2024.<\/span><span style=\"color: #666666; font-family: Lora; font-size: 16px;\"><br \/><\/span><span style=\"color: #666666; font-family: Lora; font-size: 16px;\">The method used for this statement has been a self-assessment carried out by the Company itself following the guidelines of the official accessibility justification document provided by www.red.es <\/span><span style=\"color: #666666; font-family: Lora; font-size: 16px;\"><br \/><\/span><span style=\"color: #666666; font-family: Lora; font-size: 16px;\">Last revision of the declaration: March 1, 2024.<\/span><\/p>\n<\/div>\n<\/div>\n<\/div>\n<\/div>\n<\/div>\n<\/div>\n\t\t\t\t\t\t\t\t<\/div>\n\t\t\t\t<\/div>\n\t\t\t\t\t<\/div>\n\t\t\t\t<\/div>\n\t\t<div class=\"elementor-element elementor-element-592d5d6 e-flex e-con-boxed e-con e-parent\" data-id=\"592d5d6\" data-element_type=\"container\">\n\t\t\t\t\t<div class=\"e-con-inner\">\n\t\t\t\t<div class=\"elementor-element elementor-element-fb42601 elementor-widget elementor-widget-heading\" data-id=\"fb42601\" data-element_type=\"widget\" data-widget_type=\"heading.default\">\n\t\t\t\t<div class=\"elementor-widget-container\">\n\t\t\t\t\t<h3 class=\"elementor-heading-title elementor-size-default\">4. Observations and contact information<\/h3>\t\t\t\t<\/div>\n\t\t\t\t<\/div>\n\t\t\t\t<div class=\"elementor-element elementor-element-7e39b9e elementor-widget elementor-widget-heading\" data-id=\"7e39b9e\" data-element_type=\"widget\" data-widget_type=\"heading.default\">\n\t\t\t\t<div class=\"elementor-widget-container\">\n\t\t\t\t\t<h3 class=\"elementor-heading-title elementor-size-default\">Communications regarding accessibility requirements<\/h3>\t\t\t\t<\/div>\n\t\t\t\t<\/div>\n\t\t\t\t<div class=\"elementor-element elementor-element-badb123 elementor-widget elementor-widget-text-editor\" data-id=\"badb123\" data-element_type=\"widget\" data-widget_type=\"text-editor.default\">\n\t\t\t\t<div class=\"elementor-widget-container\">\n\t\t\t\t\t\t\t\t\t<div title=\"Page 1\">\n<div>\n<div>\n<div title=\"Page 1\">\n<div>\n<div>\n<p class=\"p2\" style=\"margin-bottom: 15px; color: #666666; font-family: Lora; font-size: 16px; font-style: normal; font-weight: 400;\"><span class=\"s1\">You can make communications about accessibility requirements (article 10.2.a of RD 1112\/2018) such as, for example:<\/span><\/p>\n<ul class=\"ul1\" style=\"margin-bottom: 15px; list-style-type: square; color: #666666; font-family: Lora; font-size: 16px; font-style: normal; font-weight: 400;\">\n<li class=\"li9\"><span class=\"s1\">report any possible non-compliance by this website<\/span><\/li>\n<\/ul>\n<ul class=\"ul1\" style=\"margin-bottom: 15px; list-style-type: square; color: #666666; font-family: Lora; font-size: 16px; font-style: normal; font-weight: 400;\">\n<li class=\"li9\"><span class=\"s1\">transmit other content access difficulties<\/span><\/li>\n<\/ul>\n<ul class=\"ul1\" style=\"margin-bottom: 15px; list-style-type: square; color: #666666; font-family: Lora; font-size: 16px; font-style: normal; font-weight: 400;\">\n<li class=\"li9\"><span class=\"s1\">formulate any other query or suggestion for improvement regarding the accessibility of the website<\/span><\/li>\n<\/ul>\n<p class=\"p2\" style=\"margin-bottom: 15px; color: #666666; font-family: Lora; font-size: 16px; font-style: normal; font-weight: 400;\"><span class=\"s1\">through email <a style=\"color: #594c3b; transition-timing-function: ease-in-out;\" href=\"mailto:desarrollo@mique.es?Subject=Accesiblidad%20Inox%20Miral\"><span class=\"s6\">desarrollo@mique.es<\/span><\/a><\/span><\/p>\n<\/div>\n<\/div>\n<\/div>\n<\/div>\n<\/div>\n<\/div>\n\t\t\t\t\t\t\t\t<\/div>\n\t\t\t\t<\/div>\n\t\t\t\t<div class=\"elementor-element elementor-element-d69e9e2 elementor-widget elementor-widget-heading\" data-id=\"d69e9e2\" data-element_type=\"widget\" data-widget_type=\"heading.default\">\n\t\t\t\t<div class=\"elementor-widget-container\">\n\t\t\t\t\t<h3 class=\"elementor-heading-title elementor-size-default\">Accessible information requests and complaints<\/h3>\t\t\t\t<\/div>\n\t\t\t\t<\/div>\n\t\t\t\t<div class=\"elementor-element elementor-element-1fac9d1 elementor-widget elementor-widget-text-editor\" data-id=\"1fac9d1\" data-element_type=\"widget\" data-widget_type=\"text-editor.default\">\n\t\t\t\t<div class=\"elementor-widget-container\">\n\t\t\t\t\t\t\t\t\t<div title=\"Page 1\">\n<div title=\"Page 1\">\n<p class=\"p2\"><span class=\"s1\">THROUGH EMAIL YOU CAN PRESENT:<\/span><\/p>\n<ul class=\"ul1\">\n<li class=\"li7\"><span class=\"s1\">A COMPLAINT REGARDING COMPLIANCE WITH THE REQUIREMENTS OF RD 1112\/2018 OR<\/span><\/li>\n<\/ul>\n<ul class=\"ul1\">\n<li class=\"li7\"><span class=\"s1\">A REQUEST FOR ACCESSIBLE INFORMATION REGARDING:<\/span><\/li>\n<\/ul>\n<ul class=\"ul1\">\n<li class=\"li7\"><span class=\"s1\">CONTENTS THAT ARE EXCLUDED FROM THE SCOPE OF APPLICATION OF RD 1112\/2018 AS ESTABLISHED BY ARTICLE 3, SECTION 4<\/span><\/li>\n<\/ul>\n<ul class=\"ul1\">\n<li class=\"li7\"><span class=\"s1\">CONTENTS THAT ARE EXEMPT FROM COMPLIANCE WITH ACCESSIBILITY REQUIREMENTS FOR IMPOSING A DISPROPORTIONATE BURDEN.<\/span><\/li>\n<\/ul>\n<p class=\"p2\"><span class=\"s1\">IN THE REQUEST FOR ACCESSIBLE INFORMATION, THE FACTS, REASONS AND REQUEST MUST BE SPECIFIED WITH COMPLETE CLARITY, WHICH ALLOW IT TO BE ESTABLISHED THAT IT IS A REASONABLE AND LEGITIMATE REQUEST.<\/span><\/p>\n<\/div>\n<\/div>\n\t\t\t\t\t\t\t\t<\/div>\n\t\t\t\t<\/div>\n\t\t\t\t\t<\/div>\n\t\t\t\t<\/div>\n\t\t<div class=\"elementor-element elementor-element-8699949 e-flex e-con-boxed e-con e-parent\" data-id=\"8699949\" data-element_type=\"container\">\n\t\t\t\t\t<div class=\"e-con-inner\">\n\t\t\t\t<div class=\"elementor-element elementor-element-ef9f0f1 elementor-widget elementor-widget-heading\" data-id=\"ef9f0f1\" data-element_type=\"widget\" data-widget_type=\"heading.default\">\n\t\t\t\t<div class=\"elementor-widget-container\">\n\t\t\t\t\t<h3 class=\"elementor-heading-title elementor-size-default\">5. Application procedure<\/h3>\t\t\t\t<\/div>\n\t\t\t\t<\/div>\n\t\t\t\t<div class=\"elementor-element elementor-element-e669e81 elementor-widget elementor-widget-text-editor\" data-id=\"e669e81\" data-element_type=\"widget\" data-widget_type=\"text-editor.default\">\n\t\t\t\t<div class=\"elementor-widget-container\">\n\t\t\t\t\t\t\t\t\t<div title=\"Page 1\">\n<div title=\"Page 1\">\n<p class=\"p2\" style=\"margin-bottom: 15px; color: #666666; font-family: Lora; font-size: 16px; font-style: normal; font-weight: 400;\"><span class=\"s1\">If once a request for accessible information or complaint has been made, it has been rejected, the decision taken is not agreed upon, or the response does not meet the requirements contemplated in article 12.5 of RD 1112\/2018, the interested person may initiate a claim. Likewise, a claim may be initiated if no response has been obtained.<\/span><span class=\"s2\"><br \/><\/span><span class=\"s1\">The claim procedure included in article 13 of RD 1112\/2018 can be started through this <a href=\"http:\/\/ignaciomarin.com\/contacto\" target=\"_blank\" rel=\"noopener\">link<\/a>.<\/span><\/p>\n<\/div>\n<\/div>\n\t\t\t\t\t\t\t\t<\/div>\n\t\t\t\t<\/div>\n\t\t\t\t\t<\/div>\n\t\t\t\t<\/div>\n\t\t<div class=\"elementor-element elementor-element-9b76fd2 e-flex e-con-boxed e-con e-parent\" data-id=\"9b76fd2\" data-element_type=\"container\">\n\t\t\t\t\t<div class=\"e-con-inner\">\n\t\t\t\t<div class=\"elementor-element elementor-element-fe59f54 elementor-widget elementor-widget-heading\" data-id=\"fe59f54\" data-element_type=\"widget\" data-widget_type=\"heading.default\">\n\t\t\t\t<div class=\"elementor-widget-container\">\n\t\t\t\t\t<h3 class=\"elementor-heading-title elementor-size-default\">6. Optional content<\/h3>\t\t\t\t<\/div>\n\t\t\t\t<\/div>\n\t\t\t\t<div class=\"elementor-element elementor-element-deb3a37 elementor-widget elementor-widget-heading\" data-id=\"deb3a37\" data-element_type=\"widget\" data-widget_type=\"heading.default\">\n\t\t\t\t<div class=\"elementor-widget-container\">\n\t\t\t\t\t<h3 class=\"elementor-heading-title elementor-size-default\">The website<\/h3>\t\t\t\t<\/div>\n\t\t\t\t<\/div>\n\t\t\t\t<div class=\"elementor-element elementor-element-6209408 elementor-widget elementor-widget-text-editor\" data-id=\"6209408\" data-element_type=\"widget\" data-widget_type=\"text-editor.default\">\n\t\t\t\t<div class=\"elementor-widget-container\">\n\t\t\t\t\t\t\t\t\t<div title=\"Page 1\">\n<div title=\"Page 1\">\n<ul class=\"ul1\">\n<li class=\"li9\"><span class=\"s1\">It has been designed to adapt to current standards and regulations in relation to accessibility, complying with the priority 2 (AA) verification points defined in the Web Content Accessibility Guidelines specification (WCAG 2.1).<\/span><\/li>\n<\/ul>\n<ul class=\"ul1\">\n<li class=\"li9\"><span class=\"s1\">It is optimized for the latest versions of Chrome, Edge, Firefox, Safari and Opera<\/span><\/li>\n<\/ul>\n<ul class=\"ul1\">\n<li class=\"li9\"><span class=\"s1\">It is designed for correct viewing on any resolution and desktop, tablet or mobile device (<i>responsive<\/i> design)<\/span><\/li>\n<\/ul>\n<ul class=\"ul1\">\n<li class=\"li9\"><span class=\"s1\">It has been made using HTML5 as a markup language and CSS 3 style sheets for its design.<\/span><\/li>\n<\/ul>\n<\/div>\n<\/div>\n\t\t\t\t\t\t\t\t<\/div>\n\t\t\t\t<\/div>\n\t\t\t\t\t<\/div>\n\t\t\t\t<\/div>\n\t\t\t\t<\/div>\n\t\t","protected":false},"excerpt":{"rendered":"<p>I. Accessibility Statement The Spanish Data Protection Agency has committed to making its websites accessible in accordance with Royal Decree 1112\/2018, of September 7, on accessibility of websites and applications for mobile devices in the public sector.. 1. Compliance status This website partially compliescon el RD 1112\/2018 due to the exceptions and lack of conformity [&hellip;]<\/p>\n","protected":false},"author":1,"featured_media":0,"parent":0,"menu_order":0,"comment_status":"closed","ping_status":"closed","template":"","meta":{"site-sidebar-layout":"no-sidebar","site-content-layout":"page-builder","ast-site-content-layout":"full-width-container","site-content-style":"default","site-sidebar-style":"default","ast-global-header-display":"","ast-banner-title-visibility":"","ast-main-header-display":"","ast-hfb-above-header-display":"","ast-hfb-below-header-display":"","ast-hfb-mobile-header-display":"","site-post-title":"disabled","ast-breadcrumbs-content":"","ast-featured-img":"disabled","footer-sml-layout":"","theme-transparent-header-meta":"","adv-header-id-meta":"","stick-header-meta":"","header-above-stick-meta":"","header-main-stick-meta":"","header-below-stick-meta":"","astra-migrate-meta-layouts":"default","ast-page-background-enabled":"default","ast-page-background-meta":{"desktop":{"background-color":"var(--ast-global-color-4)","background-image":"","background-repeat":"repeat","background-position":"center center","background-size":"auto","background-attachment":"scroll","background-type":"","background-media":"","overlay-type":"","overlay-color":"","overlay-opacity":"","overlay-gradient":""},"tablet":{"background-color":"","background-image":"","background-repeat":"repeat","background-position":"center center","background-size":"auto","background-attachment":"scroll","background-type":"","background-media":"","overlay-type":"","overlay-color":"","overlay-opacity":"","overlay-gradient":""},"mobile":{"background-color":"","background-image":"","background-repeat":"repeat","background-position":"center center","background-size":"auto","background-attachment":"scroll","background-type":"","background-media":"","overlay-type":"","overlay-color":"","overlay-opacity":"","overlay-gradient":""}},"ast-content-background-meta":{"desktop":{"background-color":"var(--ast-global-color-5)","background-image":"","background-repeat":"repeat","background-position":"center center","background-size":"auto","background-attachment":"scroll","background-type":"","background-media":"","overlay-type":"","overlay-color":"","overlay-opacity":"","overlay-gradient":""},"tablet":{"background-color":"var(--ast-global-color-5)","background-image":"","background-repeat":"repeat","background-position":"center center","background-size":"auto","background-attachment":"scroll","background-type":"","background-media":"","overlay-type":"","overlay-color":"","overlay-opacity":"","overlay-gradient":""},"mobile":{"background-color":"var(--ast-global-color-5)","background-image":"","background-repeat":"repeat","background-position":"center center","background-size":"auto","background-attachment":"scroll","background-type":"","background-media":"","overlay-type":"","overlay-color":"","overlay-opacity":"","overlay-gradient":""}},"footnotes":""},"class_list":["post-2636","page","type-page","status-publish","hentry"],"yoast_head":"<!-- This site is optimized with the Yoast SEO plugin v26.0 - https:\/\/yoast.com\/wordpress\/plugins\/seo\/ -->\n<title>Accessibility statement | Bodegas Ignacio Mar\u00edn<\/title>\n<meta name=\"robots\" content=\"noindex, follow\" \/>\n<meta property=\"og:locale\" content=\"en_US\" \/>\n<meta property=\"og:type\" content=\"article\" \/>\n<meta property=\"og:title\" content=\"Accessibility statement | Bodegas Ignacio Mar\u00edn\" \/>\n<meta property=\"og:description\" content=\"I. Accessibility Statement The Spanish Data Protection Agency has committed to making its websites accessible in accordance with Royal Decree 1112\/2018, of September 7, on accessibility of websites and applications for mobile devices in the public sector.. 1. Compliance status This website partially compliescon el RD 1112\/2018 due to the exceptions and lack of conformity [&hellip;]\" \/>\n<meta property=\"og:url\" content=\"https:\/\/ignaciomarin.com\/en\/accessibility\/\" \/>\n<meta property=\"og:site_name\" content=\"Bodegas Ignacio Mar\u00edn\" \/>\n<meta property=\"article:publisher\" content=\"https:\/\/www.facebook.com\/BodegasIgnacioMarin\/\" \/>\n<meta property=\"article:modified_time\" content=\"2024-03-12T08:25:14+00:00\" \/>\n<meta name=\"twitter:card\" content=\"summary_large_image\" \/>\n<meta name=\"twitter:label1\" content=\"Est. reading time\" \/>\n\t<meta name=\"twitter:data1\" content=\"3 minutes\" \/>\n<script type=\"application\/ld+json\" class=\"yoast-schema-graph\">{\"@context\":\"https:\/\/schema.org\",\"@graph\":[{\"@type\":\"WebPage\",\"@id\":\"https:\/\/ignaciomarin.com\/en\/accessibility\/\",\"url\":\"https:\/\/ignaciomarin.com\/en\/accessibility\/\",\"name\":\"Accessibility statement | Bodegas Ignacio Mar\u00edn\",\"isPartOf\":{\"@id\":\"https:\/\/ignaciomarin.com\/en\/#website\"},\"datePublished\":\"2024-03-01T12:51:22+00:00\",\"dateModified\":\"2024-03-12T08:25:14+00:00\",\"breadcrumb\":{\"@id\":\"https:\/\/ignaciomarin.com\/en\/accessibility\/#breadcrumb\"},\"inLanguage\":\"en-US\",\"potentialAction\":[{\"@type\":\"ReadAction\",\"target\":[\"https:\/\/ignaciomarin.com\/en\/accessibility\/\"]}]},{\"@type\":\"BreadcrumbList\",\"@id\":\"https:\/\/ignaciomarin.com\/en\/accessibility\/#breadcrumb\",\"itemListElement\":[{\"@type\":\"ListItem\",\"position\":1,\"name\":\"Portada\",\"item\":\"https:\/\/ignaciomarin.com\/en\/\"},{\"@type\":\"ListItem\",\"position\":2,\"name\":\"Accessibility statement\"}]},{\"@type\":\"WebSite\",\"@id\":\"https:\/\/ignaciomarin.com\/en\/#website\",\"url\":\"https:\/\/ignaciomarin.com\/en\/\",\"name\":\"Bodegas Ignacio Mar\u00edn | Vinos de Cari\u00f1ena\",\"description\":\"Bodegas Ignacio Mar\u00edn: tradici\u00f3n familiar y pasi\u00f3n por el vino desde 1903. Descubre nuestros vinos de calidad elaborados en Cari\u00f1ena.\",\"alternateName\":\"Bodegas Ignacio Mar\u00edn\",\"potentialAction\":[{\"@type\":\"SearchAction\",\"target\":{\"@type\":\"EntryPoint\",\"urlTemplate\":\"https:\/\/ignaciomarin.com\/en\/?s={search_term_string}\"},\"query-input\":{\"@type\":\"PropertyValueSpecification\",\"valueRequired\":true,\"valueName\":\"search_term_string\"}}],\"inLanguage\":\"en-US\"}]}<\/script>\n<!-- \/ Yoast SEO plugin. -->","yoast_head_json":{"title":"Accessibility statement | Bodegas Ignacio Mar\u00edn","robots":{"index":"noindex","follow":"follow"},"og_locale":"en_US","og_type":"article","og_title":"Accessibility statement | Bodegas Ignacio Mar\u00edn","og_description":"I. Accessibility Statement The Spanish Data Protection Agency has committed to making its websites accessible in accordance with Royal Decree 1112\/2018, of September 7, on accessibility of websites and applications for mobile devices in the public sector.. 1. Compliance status This website partially compliescon el RD 1112\/2018 due to the exceptions and lack of conformity [&hellip;]","og_url":"https:\/\/ignaciomarin.com\/en\/accessibility\/","og_site_name":"Bodegas Ignacio Mar\u00edn","article_publisher":"https:\/\/www.facebook.com\/BodegasIgnacioMarin\/","article_modified_time":"2024-03-12T08:25:14+00:00","twitter_card":"summary_large_image","twitter_misc":{"Est. reading time":"3 minutes"},"schema":{"@context":"https:\/\/schema.org","@graph":[{"@type":"WebPage","@id":"https:\/\/ignaciomarin.com\/en\/accessibility\/","url":"https:\/\/ignaciomarin.com\/en\/accessibility\/","name":"Accessibility statement | Bodegas Ignacio Mar\u00edn","isPartOf":{"@id":"https:\/\/ignaciomarin.com\/en\/#website"},"datePublished":"2024-03-01T12:51:22+00:00","dateModified":"2024-03-12T08:25:14+00:00","breadcrumb":{"@id":"https:\/\/ignaciomarin.com\/en\/accessibility\/#breadcrumb"},"inLanguage":"en-US","potentialAction":[{"@type":"ReadAction","target":["https:\/\/ignaciomarin.com\/en\/accessibility\/"]}]},{"@type":"BreadcrumbList","@id":"https:\/\/ignaciomarin.com\/en\/accessibility\/#breadcrumb","itemListElement":[{"@type":"ListItem","position":1,"name":"Portada","item":"https:\/\/ignaciomarin.com\/en\/"},{"@type":"ListItem","position":2,"name":"Accessibility statement"}]},{"@type":"WebSite","@id":"https:\/\/ignaciomarin.com\/en\/#website","url":"https:\/\/ignaciomarin.com\/en\/","name":"Bodegas Ignacio Mar\u00edn | Vinos de Cari\u00f1ena","description":"Bodegas Ignacio Mar\u00edn: tradici\u00f3n familiar y pasi\u00f3n por el vino desde 1903. Descubre nuestros vinos de calidad elaborados en Cari\u00f1ena.","alternateName":"Bodegas Ignacio Mar\u00edn","potentialAction":[{"@type":"SearchAction","target":{"@type":"EntryPoint","urlTemplate":"https:\/\/ignaciomarin.com\/en\/?s={search_term_string}"},"query-input":{"@type":"PropertyValueSpecification","valueRequired":true,"valueName":"search_term_string"}}],"inLanguage":"en-US"}]}},"_links":{"self":[{"href":"https:\/\/ignaciomarin.com\/en\/wp-json\/wp\/v2\/pages\/2636","targetHints":{"allow":["GET"]}}],"collection":[{"href":"https:\/\/ignaciomarin.com\/en\/wp-json\/wp\/v2\/pages"}],"about":[{"href":"https:\/\/ignaciomarin.com\/en\/wp-json\/wp\/v2\/types\/page"}],"author":[{"embeddable":true,"href":"https:\/\/ignaciomarin.com\/en\/wp-json\/wp\/v2\/users\/1"}],"replies":[{"embeddable":true,"href":"https:\/\/ignaciomarin.com\/en\/wp-json\/wp\/v2\/comments?post=2636"}],"version-history":[{"count":1,"href":"https:\/\/ignaciomarin.com\/en\/wp-json\/wp\/v2\/pages\/2636\/revisions"}],"predecessor-version":[{"id":2637,"href":"https:\/\/ignaciomarin.com\/en\/wp-json\/wp\/v2\/pages\/2636\/revisions\/2637"}],"wp:attachment":[{"href":"https:\/\/ignaciomarin.com\/en\/wp-json\/wp\/v2\/media?parent=2636"}],"curies":[{"name":"wp","href":"https:\/\/api.w.org\/{rel}","templated":true}]}}