{"id":2634,"date":"2024-03-12T08:17:37","date_gmt":"2024-03-12T08:17:37","guid":{"rendered":"https:\/\/ignaciomarin.com\/campo-marin\/"},"modified":"2024-12-16T08:03:19","modified_gmt":"2024-12-16T08:03:19","slug":"campo-marin","status":"publish","type":"page","link":"https:\/\/ignaciomarin.com\/en\/campo-marin\/","title":{"rendered":"Campo Mar\u00edn Wines"},"content":{"rendered":"\t\t<div data-elementor-type=\"wp-page\" data-elementor-id=\"2634\" class=\"elementor elementor-2634 elementor-2632\">\n\t\t\t\t<div class=\"elementor-element elementor-element-44af795 e-con-full e-flex e-con e-parent\" data-id=\"44af795\" data-element_type=\"container\" data-settings=\"{&quot;background_background&quot;:&quot;classic&quot;}\">\n\t\t<div class=\"elementor-element elementor-element-3589330 e-flex e-con-boxed e-con e-child\" data-id=\"3589330\" data-element_type=\"container\" data-settings=\"{&quot;shape_divider_bottom&quot;:&quot;pyramids&quot;,&quot;background_background&quot;:&quot;classic&quot;}\">\n\t\t\t\t\t<div class=\"e-con-inner\">\n\t\t\t\t<div class=\"elementor-shape elementor-shape-bottom\" aria-hidden=\"true\" data-negative=\"false\">\n\t\t\t<svg xmlns=\"http:\/\/www.w3.org\/2000\/svg\" viewBox=\"0 0 1000 100\" preserveAspectRatio=\"none\">\n\t<path class=\"elementor-shape-fill\" d=\"M761.9,44.1L643.1,27.2L333.8,98L0,3.8V0l1000,0v3.9\"\/>\n<\/svg>\t\t<\/div>\n\t\t<div class=\"elementor-element elementor-element-82da51e e-con-full e-flex e-con e-child\" data-id=\"82da51e\" data-element_type=\"container\">\n\t\t\t\t<div class=\"elementor-element elementor-element-4a1465f elementor-widget elementor-widget-heading\" data-id=\"4a1465f\" data-element_type=\"widget\" data-widget_type=\"heading.default\">\n\t\t\t\t<div class=\"elementor-widget-container\">\n\t\t\t\t\t<h1 class=\"elementor-heading-title elementor-size-default\">Campo Mar\u00edn<\/h1>\t\t\t\t<\/div>\n\t\t\t\t<\/div>\n\t\t\t\t<\/div>\n\t\t\t\t\t<\/div>\n\t\t\t\t<\/div>\n\t\t\t\t<\/div>\n\t\t<div class=\"elementor-element elementor-element-d725d8a e-flex e-con-boxed e-con e-parent\" data-id=\"d725d8a\" data-element_type=\"container\">\n\t\t\t\t\t<div class=\"e-con-inner\">\n\t\t<div class=\"elementor-element elementor-element-6c79538 e-con-full e-flex e-con e-child\" data-id=\"6c79538\" data-element_type=\"container\">\n\t\t\t\t<div class=\"elementor-element elementor-element-df8790c elementor-widget elementor-widget-image\" data-id=\"df8790c\" data-element_type=\"widget\" data-widget_type=\"image.default\">\n\t\t\t\t<div class=\"elementor-widget-container\">\n\t\t\t\t\t\t\t\t\t\t\t\t\t\t\t<img fetchpriority=\"high\" decoding=\"async\" width=\"1080\" height=\"1080\" src=\"https:\/\/ignaciomarin.com\/wp-content\/uploads\/2024\/02\/Campo-Marin-Blanco.png\" class=\"attachment-full size-full wp-image-2595\" alt=\"\" srcset=\"https:\/\/ignaciomarin.com\/wp-content\/uploads\/2024\/02\/Campo-Marin-Blanco.png 1080w, https:\/\/ignaciomarin.com\/wp-content\/uploads\/2024\/02\/Campo-Marin-Blanco-300x300.png 300w, https:\/\/ignaciomarin.com\/wp-content\/uploads\/2024\/02\/Campo-Marin-Blanco-1024x1024.png 1024w, https:\/\/ignaciomarin.com\/wp-content\/uploads\/2024\/02\/Campo-Marin-Blanco-150x150.png 150w, https:\/\/ignaciomarin.com\/wp-content\/uploads\/2024\/02\/Campo-Marin-Blanco-768x768.png 768w, https:\/\/ignaciomarin.com\/wp-content\/uploads\/2024\/02\/Campo-Marin-Blanco-600x600.png 600w, https:\/\/ignaciomarin.com\/wp-content\/uploads\/2024\/02\/Campo-Marin-Blanco-100x100.png 100w\" sizes=\"(max-width: 1080px) 100vw, 1080px\" \/>\t\t\t\t\t\t\t\t\t\t\t\t\t\t\t<\/div>\n\t\t\t\t<\/div>\n\t\t\t\t<div class=\"elementor-element elementor-element-c1775ce elementor-widget elementor-widget-heading\" data-id=\"c1775ce\" data-element_type=\"widget\" data-widget_type=\"heading.default\">\n\t\t\t\t<div class=\"elementor-widget-container\">\n\t\t\t\t\t<h2 class=\"elementor-heading-title elementor-size-default\">Campo Marin White<\/h2>\t\t\t\t<\/div>\n\t\t\t\t<\/div>\n\t\t\t\t<\/div>\n\t\t<div class=\"elementor-element elementor-element-ef05f1e e-con-full e-flex e-con e-child\" data-id=\"ef05f1e\" data-element_type=\"container\">\n\t\t\t\t<div class=\"elementor-element elementor-element-c96d71c elementor-widget elementor-widget-image\" data-id=\"c96d71c\" data-element_type=\"widget\" data-widget_type=\"image.default\">\n\t\t\t\t<div class=\"elementor-widget-container\">\n\t\t\t\t\t\t\t\t\t\t\t\t\t\t\t<img decoding=\"async\" width=\"1080\" height=\"1080\" src=\"https:\/\/ignaciomarin.com\/wp-content\/uploads\/2024\/02\/Campo-Marin-Rosado.png\" class=\"attachment-full size-full wp-image-2596\" alt=\"\" srcset=\"https:\/\/ignaciomarin.com\/wp-content\/uploads\/2024\/02\/Campo-Marin-Rosado.png 1080w, https:\/\/ignaciomarin.com\/wp-content\/uploads\/2024\/02\/Campo-Marin-Rosado-300x300.png 300w, https:\/\/ignaciomarin.com\/wp-content\/uploads\/2024\/02\/Campo-Marin-Rosado-1024x1024.png 1024w, https:\/\/ignaciomarin.com\/wp-content\/uploads\/2024\/02\/Campo-Marin-Rosado-150x150.png 150w, https:\/\/ignaciomarin.com\/wp-content\/uploads\/2024\/02\/Campo-Marin-Rosado-768x768.png 768w, https:\/\/ignaciomarin.com\/wp-content\/uploads\/2024\/02\/Campo-Marin-Rosado-600x600.png 600w, https:\/\/ignaciomarin.com\/wp-content\/uploads\/2024\/02\/Campo-Marin-Rosado-100x100.png 100w\" sizes=\"(max-width: 1080px) 100vw, 1080px\" \/>\t\t\t\t\t\t\t\t\t\t\t\t\t\t\t<\/div>\n\t\t\t\t<\/div>\n\t\t\t\t<div class=\"elementor-element elementor-element-711b0ea elementor-widget elementor-widget-heading\" data-id=\"711b0ea\" data-element_type=\"widget\" data-widget_type=\"heading.default\">\n\t\t\t\t<div class=\"elementor-widget-container\">\n\t\t\t\t\t<h2 class=\"elementor-heading-title elementor-size-default\">Campo Mar\u00edn Ros\u00e9<\/h2>\t\t\t\t<\/div>\n\t\t\t\t<\/div>\n\t\t\t\t<\/div>\n\t\t<div class=\"elementor-element elementor-element-271b053 e-con-full e-flex e-con e-child\" data-id=\"271b053\" data-element_type=\"container\">\n\t\t\t\t<div class=\"elementor-element elementor-element-8a5dddb elementor-widget elementor-widget-image\" data-id=\"8a5dddb\" data-element_type=\"widget\" data-widget_type=\"image.default\">\n\t\t\t\t<div class=\"elementor-widget-container\">\n\t\t\t\t\t\t\t\t\t\t\t\t\t\t\t<img decoding=\"async\" width=\"1080\" height=\"1080\" src=\"https:\/\/ignaciomarin.com\/wp-content\/uploads\/2024\/02\/Campo-Marin-Tinto.png\" class=\"attachment-full size-full wp-image-2597\" alt=\"\" srcset=\"https:\/\/ignaciomarin.com\/wp-content\/uploads\/2024\/02\/Campo-Marin-Tinto.png 1080w, https:\/\/ignaciomarin.com\/wp-content\/uploads\/2024\/02\/Campo-Marin-Tinto-300x300.png 300w, https:\/\/ignaciomarin.com\/wp-content\/uploads\/2024\/02\/Campo-Marin-Tinto-1024x1024.png 1024w, https:\/\/ignaciomarin.com\/wp-content\/uploads\/2024\/02\/Campo-Marin-Tinto-150x150.png 150w, https:\/\/ignaciomarin.com\/wp-content\/uploads\/2024\/02\/Campo-Marin-Tinto-768x768.png 768w, https:\/\/ignaciomarin.com\/wp-content\/uploads\/2024\/02\/Campo-Marin-Tinto-600x600.png 600w, https:\/\/ignaciomarin.com\/wp-content\/uploads\/2024\/02\/Campo-Marin-Tinto-100x100.png 100w\" sizes=\"(max-width: 1080px) 100vw, 1080px\" \/>\t\t\t\t\t\t\t\t\t\t\t\t\t\t\t<\/div>\n\t\t\t\t<\/div>\n\t\t\t\t<div class=\"elementor-element elementor-element-2f2f6f0 elementor-widget elementor-widget-heading\" data-id=\"2f2f6f0\" data-element_type=\"widget\" data-widget_type=\"heading.default\">\n\t\t\t\t<div class=\"elementor-widget-container\">\n\t\t\t\t\t<h2 class=\"elementor-heading-title elementor-size-default\">Campo Mar\u00edn Red Wine<\/h2>\t\t\t\t<\/div>\n\t\t\t\t<\/div>\n\t\t\t\t<\/div>\n\t\t<div class=\"elementor-element elementor-element-9933927 e-con-full e-flex e-con e-child\" data-id=\"9933927\" data-element_type=\"container\">\n\t\t\t\t<div class=\"elementor-element elementor-element-88f7527 elementor-widget elementor-widget-image\" data-id=\"88f7527\" data-element_type=\"widget\" data-widget_type=\"image.default\">\n\t\t\t\t<div class=\"elementor-widget-container\">\n\t\t\t\t\t\t\t\t\t\t\t\t\t\t\t<img decoding=\"async\" src=\"https:\/\/ignaciomarin.com\/wp-content\/uploads\/2024\/02\/Campo-Marin-individual.png\" title=\"Campo Mari\u0301n Crianza\" alt=\"Campo Mari\u0301n Crianza\" loading=\"lazy\" \/>\t\t\t\t\t\t\t\t\t\t\t\t\t\t\t<\/div>\n\t\t\t\t<\/div>\n\t\t\t\t<div class=\"elementor-element elementor-element-daec959 elementor-widget elementor-widget-heading\" data-id=\"daec959\" data-element_type=\"widget\" data-widget_type=\"heading.default\">\n\t\t\t\t<div class=\"elementor-widget-container\">\n\t\t\t\t\t<h2 class=\"elementor-heading-title elementor-size-default\">Campo Mar\u00edn Aged Crianza<\/h2>\t\t\t\t<\/div>\n\t\t\t\t<\/div>\n\t\t\t\t<\/div>\n\t\t\t\t\t<\/div>\n\t\t\t\t<\/div>\n\t\t<div class=\"elementor-element elementor-element-b9ea714 e-flex e-con-boxed e-con e-parent\" data-id=\"b9ea714\" data-element_type=\"container\">\n\t\t\t\t\t<div class=\"e-con-inner\">\n\t\t<div class=\"elementor-element elementor-element-1cb568c e-con-full e-flex e-con e-child\" data-id=\"1cb568c\" data-element_type=\"container\">\n\t\t\t\t<div class=\"elementor-element elementor-element-5b6663f elementor-widget elementor-widget-image\" data-id=\"5b6663f\" data-element_type=\"widget\" data-widget_type=\"image.default\">\n\t\t\t\t<div class=\"elementor-widget-container\">\n\t\t\t\t\t\t\t\t\t\t\t\t\t\t\t<img loading=\"lazy\" decoding=\"async\" width=\"1080\" height=\"1080\" src=\"https:\/\/ignaciomarin.com\/wp-content\/uploads\/2024\/02\/Campo-Marin-Reserva.png\" class=\"attachment-full size-full wp-image-1791\" alt=\"Campo Mari\u0301n Reserva\" srcset=\"https:\/\/ignaciomarin.com\/wp-content\/uploads\/2024\/02\/Campo-Marin-Reserva.png 1080w, https:\/\/ignaciomarin.com\/wp-content\/uploads\/2024\/02\/Campo-Marin-Reserva-300x300.png 300w, https:\/\/ignaciomarin.com\/wp-content\/uploads\/2024\/02\/Campo-Marin-Reserva-1024x1024.png 1024w, https:\/\/ignaciomarin.com\/wp-content\/uploads\/2024\/02\/Campo-Marin-Reserva-150x150.png 150w, https:\/\/ignaciomarin.com\/wp-content\/uploads\/2024\/02\/Campo-Marin-Reserva-768x768.png 768w, https:\/\/ignaciomarin.com\/wp-content\/uploads\/2024\/02\/Campo-Marin-Reserva-600x600.png 600w, https:\/\/ignaciomarin.com\/wp-content\/uploads\/2024\/02\/Campo-Marin-Reserva-100x100.png 100w\" sizes=\"(max-width: 1080px) 100vw, 1080px\" \/>\t\t\t\t\t\t\t\t\t\t\t\t\t\t\t<\/div>\n\t\t\t\t<\/div>\n\t\t\t\t<div class=\"elementor-element elementor-element-a2f764a elementor-widget elementor-widget-heading\" data-id=\"a2f764a\" data-element_type=\"widget\" data-widget_type=\"heading.default\">\n\t\t\t\t<div class=\"elementor-widget-container\">\n\t\t\t\t\t<h2 class=\"elementor-heading-title elementor-size-default\">Campo Mar\u00edn Reserve<\/h2>\t\t\t\t<\/div>\n\t\t\t\t<\/div>\n\t\t\t\t<\/div>\n\t\t<div class=\"elementor-element elementor-element-74502ce e-con-full e-flex e-con e-child\" data-id=\"74502ce\" data-element_type=\"container\">\n\t\t\t\t<div class=\"elementor-element elementor-element-fb5ae25 elementor-widget elementor-widget-image\" data-id=\"fb5ae25\" data-element_type=\"widget\" data-widget_type=\"image.default\">\n\t\t\t\t<div class=\"elementor-widget-container\">\n\t\t\t\t\t\t\t\t\t\t\t\t\t\t\t<img loading=\"lazy\" decoding=\"async\" width=\"1080\" height=\"1080\" src=\"https:\/\/ignaciomarin.com\/wp-content\/uploads\/2024\/02\/Campo-Marin-Gran-reserva.png\" class=\"attachment-full size-full wp-image-1790\" alt=\"Campo Mari\u0301n Gran reserva\" srcset=\"https:\/\/ignaciomarin.com\/wp-content\/uploads\/2024\/02\/Campo-Marin-Gran-reserva.png 1080w, https:\/\/ignaciomarin.com\/wp-content\/uploads\/2024\/02\/Campo-Marin-Gran-reserva-300x300.png 300w, https:\/\/ignaciomarin.com\/wp-content\/uploads\/2024\/02\/Campo-Marin-Gran-reserva-1024x1024.png 1024w, https:\/\/ignaciomarin.com\/wp-content\/uploads\/2024\/02\/Campo-Marin-Gran-reserva-150x150.png 150w, https:\/\/ignaciomarin.com\/wp-content\/uploads\/2024\/02\/Campo-Marin-Gran-reserva-768x768.png 768w, https:\/\/ignaciomarin.com\/wp-content\/uploads\/2024\/02\/Campo-Marin-Gran-reserva-600x600.png 600w, https:\/\/ignaciomarin.com\/wp-content\/uploads\/2024\/02\/Campo-Marin-Gran-reserva-100x100.png 100w\" sizes=\"(max-width: 1080px) 100vw, 1080px\" \/>\t\t\t\t\t\t\t\t\t\t\t\t\t\t\t<\/div>\n\t\t\t\t<\/div>\n\t\t\t\t<div class=\"elementor-element elementor-element-e0c638d elementor-widget elementor-widget-heading\" data-id=\"e0c638d\" data-element_type=\"widget\" data-widget_type=\"heading.default\">\n\t\t\t\t<div class=\"elementor-widget-container\">\n\t\t\t\t\t<h2 class=\"elementor-heading-title elementor-size-default\">Campo Mar\u00edn Grand Reserve<\/h2>\t\t\t\t<\/div>\n\t\t\t\t<\/div>\n\t\t\t\t<\/div>\n\t\t<div class=\"elementor-element elementor-element-28923c6 e-con-full e-flex e-con e-child\" data-id=\"28923c6\" data-element_type=\"container\">\n\t\t\t\t<\/div>\n\t\t<div class=\"elementor-element elementor-element-689b96f e-con-full e-flex e-con e-child\" data-id=\"689b96f\" data-element_type=\"container\">\n\t\t\t\t<\/div>\n\t\t\t\t\t<\/div>\n\t\t\t\t<\/div>\n\t\t\t\t<\/div>\n\t\t","protected":false},"excerpt":{"rendered":"<p>Campo Mar\u00edn Campo Marin White Campo Mar\u00edn Ros\u00e9 Campo Mar\u00edn Red Wine Campo Mar\u00edn Aged Crianza Campo Mar\u00edn Reserve Campo Mar\u00edn Grand Reserve<\/p>\n","protected":false},"author":1,"featured_media":0,"parent":0,"menu_order":0,"comment_status":"closed","ping_status":"closed","template":"elementor_header_footer","meta":{"site-sidebar-layout":"no-sidebar","site-content-layout":"page-builder","ast-site-content-layout":"full-width-container","site-content-style":"default","site-sidebar-style":"default","ast-global-header-display":"","ast-banner-title-visibility":"","ast-main-header-display":"","ast-hfb-above-header-display":"","ast-hfb-below-header-display":"","ast-hfb-mobile-header-display":"","site-post-title":"disabled","ast-breadcrumbs-content":"","ast-featured-img":"disabled","footer-sml-layout":"","theme-transparent-header-meta":"","adv-header-id-meta":"","stick-header-meta":"","header-above-stick-meta":"","header-main-stick-meta":"","header-below-stick-meta":"","astra-migrate-meta-layouts":"default","ast-page-background-enabled":"default","ast-page-background-meta":{"desktop":{"background-color":"var(--ast-global-color-4)","background-image":"","background-repeat":"repeat","background-position":"center center","background-size":"auto","background-attachment":"scroll","background-type":"","background-media":"","overlay-type":"","overlay-color":"","overlay-opacity":"","overlay-gradient":""},"tablet":{"background-color":"","background-image":"","background-repeat":"repeat","background-position":"center center","background-size":"auto","background-attachment":"scroll","background-type":"","background-media":"","overlay-type":"","overlay-color":"","overlay-opacity":"","overlay-gradient":""},"mobile":{"background-color":"","background-image":"","background-repeat":"repeat","background-position":"center center","background-size":"auto","background-attachment":"scroll","background-type":"","background-media":"","overlay-type":"","overlay-color":"","overlay-opacity":"","overlay-gradient":""}},"ast-content-background-meta":{"desktop":{"background-color":"var(--ast-global-color-5)","background-image":"","background-repeat":"repeat","background-position":"center center","background-size":"auto","background-attachment":"scroll","background-type":"","background-media":"","overlay-type":"","overlay-color":"","overlay-opacity":"","overlay-gradient":""},"tablet":{"background-color":"var(--ast-global-color-5)","background-image":"","background-repeat":"repeat","background-position":"center center","background-size":"auto","background-attachment":"scroll","background-type":"","background-media":"","overlay-type":"","overlay-color":"","overlay-opacity":"","overlay-gradient":""},"mobile":{"background-color":"var(--ast-global-color-5)","background-image":"","background-repeat":"repeat","background-position":"center center","background-size":"auto","background-attachment":"scroll","background-type":"","background-media":"","overlay-type":"","overlay-color":"","overlay-opacity":"","overlay-gradient":""}},"footnotes":""},"class_list":["post-2634","page","type-page","status-publish","hentry"],"yoast_head":"<!-- This site is optimized with the Yoast SEO plugin v26.0 - https:\/\/yoast.com\/wordpress\/plugins\/seo\/ -->\n<title>Campo Mar\u00edn Wines | Bodegas Ignacio Mar\u00edn<\/title>\n<meta name=\"description\" content=\"Campo Mar\u00edn Wines: Enjoy a selection of red, white, ros\u00e9 and sparkling wines made with passion by Bodegas Ignacio Mar\u00edn.\" \/>\n<meta name=\"robots\" content=\"index, follow, max-snippet:-1, max-image-preview:large, max-video-preview:-1\" \/>\n<link rel=\"canonical\" href=\"https:\/\/ignaciomarin.com\/en\/campo-marin\/\" \/>\n<meta property=\"og:locale\" content=\"en_US\" \/>\n<meta property=\"og:type\" content=\"article\" \/>\n<meta property=\"og:title\" content=\"Campo Mar\u00edn Wines | Bodegas Ignacio Mar\u00edn\" \/>\n<meta property=\"og:description\" content=\"Campo Mar\u00edn Wines: Enjoy a selection of red, white, ros\u00e9 and sparkling wines made with passion by Bodegas Ignacio Mar\u00edn.\" \/>\n<meta property=\"og:url\" content=\"https:\/\/ignaciomarin.com\/en\/campo-marin\/\" \/>\n<meta property=\"og:site_name\" content=\"Bodegas Ignacio Mar\u00edn\" \/>\n<meta property=\"article:publisher\" content=\"https:\/\/www.facebook.com\/BodegasIgnacioMarin\/\" \/>\n<meta property=\"article:modified_time\" content=\"2024-12-16T08:03:19+00:00\" \/>\n<meta property=\"og:image\" content=\"https:\/\/ignaciomarin.com\/wp-content\/uploads\/2024\/02\/Campo-Marin-Blanco.png\" \/>\n<meta name=\"twitter:card\" content=\"summary_large_image\" \/>\n<script type=\"application\/ld+json\" class=\"yoast-schema-graph\">{\"@context\":\"https:\/\/schema.org\",\"@graph\":[{\"@type\":\"WebPage\",\"@id\":\"https:\/\/ignaciomarin.com\/en\/campo-marin\/\",\"url\":\"https:\/\/ignaciomarin.com\/en\/campo-marin\/\",\"name\":\"Campo Mar\u00edn Wines | Bodegas Ignacio Mar\u00edn\",\"isPartOf\":{\"@id\":\"https:\/\/ignaciomarin.com\/en\/#website\"},\"primaryImageOfPage\":{\"@id\":\"https:\/\/ignaciomarin.com\/en\/campo-marin\/#primaryimage\"},\"image\":{\"@id\":\"https:\/\/ignaciomarin.com\/en\/campo-marin\/#primaryimage\"},\"thumbnailUrl\":\"https:\/\/ignaciomarin.com\/wp-content\/uploads\/2024\/02\/Campo-Marin-Blanco.png\",\"datePublished\":\"2024-03-12T08:17:37+00:00\",\"dateModified\":\"2024-12-16T08:03:19+00:00\",\"description\":\"Campo Mar\u00edn Wines: Enjoy a selection of red, white, ros\u00e9 and sparkling wines made with passion by Bodegas Ignacio Mar\u00edn.\",\"breadcrumb\":{\"@id\":\"https:\/\/ignaciomarin.com\/en\/campo-marin\/#breadcrumb\"},\"inLanguage\":\"en-US\",\"potentialAction\":[{\"@type\":\"ReadAction\",\"target\":[\"https:\/\/ignaciomarin.com\/en\/campo-marin\/\"]}]},{\"@type\":\"ImageObject\",\"inLanguage\":\"en-US\",\"@id\":\"https:\/\/ignaciomarin.com\/en\/campo-marin\/#primaryimage\",\"url\":\"https:\/\/ignaciomarin.com\/wp-content\/uploads\/2024\/02\/Campo-Marin-Blanco.png\",\"contentUrl\":\"https:\/\/ignaciomarin.com\/wp-content\/uploads\/2024\/02\/Campo-Marin-Blanco.png\"},{\"@type\":\"BreadcrumbList\",\"@id\":\"https:\/\/ignaciomarin.com\/en\/campo-marin\/#breadcrumb\",\"itemListElement\":[{\"@type\":\"ListItem\",\"position\":1,\"name\":\"Portada\",\"item\":\"https:\/\/ignaciomarin.com\/en\/\"},{\"@type\":\"ListItem\",\"position\":2,\"name\":\"Campo Mar\u00edn Wines\"}]},{\"@type\":\"WebSite\",\"@id\":\"https:\/\/ignaciomarin.com\/en\/#website\",\"url\":\"https:\/\/ignaciomarin.com\/en\/\",\"name\":\"Bodegas Ignacio Mar\u00edn | Vinos de Cari\u00f1ena\",\"description\":\"Bodegas Ignacio Mar\u00edn: tradici\u00f3n familiar y pasi\u00f3n por el vino desde 1903. Descubre nuestros vinos de calidad elaborados en Cari\u00f1ena.\",\"alternateName\":\"Bodegas Ignacio Mar\u00edn\",\"potentialAction\":[{\"@type\":\"SearchAction\",\"target\":{\"@type\":\"EntryPoint\",\"urlTemplate\":\"https:\/\/ignaciomarin.com\/en\/?s={search_term_string}\"},\"query-input\":{\"@type\":\"PropertyValueSpecification\",\"valueRequired\":true,\"valueName\":\"search_term_string\"}}],\"inLanguage\":\"en-US\"}]}<\/script>\n<!-- \/ Yoast SEO plugin. -->","yoast_head_json":{"title":"Campo Mar\u00edn Wines | Bodegas Ignacio Mar\u00edn","description":"Campo Mar\u00edn Wines: Enjoy a selection of red, white, ros\u00e9 and sparkling wines made with passion by Bodegas Ignacio Mar\u00edn.","robots":{"index":"index","follow":"follow","max-snippet":"max-snippet:-1","max-image-preview":"max-image-preview:large","max-video-preview":"max-video-preview:-1"},"canonical":"https:\/\/ignaciomarin.com\/en\/campo-marin\/","og_locale":"en_US","og_type":"article","og_title":"Campo Mar\u00edn Wines | Bodegas Ignacio Mar\u00edn","og_description":"Campo Mar\u00edn Wines: Enjoy a selection of red, white, ros\u00e9 and sparkling wines made with passion by Bodegas Ignacio Mar\u00edn.","og_url":"https:\/\/ignaciomarin.com\/en\/campo-marin\/","og_site_name":"Bodegas Ignacio Mar\u00edn","article_publisher":"https:\/\/www.facebook.com\/BodegasIgnacioMarin\/","article_modified_time":"2024-12-16T08:03:19+00:00","og_image":[{"url":"https:\/\/ignaciomarin.com\/wp-content\/uploads\/2024\/02\/Campo-Marin-Blanco.png","type":"","width":"","height":""}],"twitter_card":"summary_large_image","schema":{"@context":"https:\/\/schema.org","@graph":[{"@type":"WebPage","@id":"https:\/\/ignaciomarin.com\/en\/campo-marin\/","url":"https:\/\/ignaciomarin.com\/en\/campo-marin\/","name":"Campo Mar\u00edn Wines | Bodegas Ignacio Mar\u00edn","isPartOf":{"@id":"https:\/\/ignaciomarin.com\/en\/#website"},"primaryImageOfPage":{"@id":"https:\/\/ignaciomarin.com\/en\/campo-marin\/#primaryimage"},"image":{"@id":"https:\/\/ignaciomarin.com\/en\/campo-marin\/#primaryimage"},"thumbnailUrl":"https:\/\/ignaciomarin.com\/wp-content\/uploads\/2024\/02\/Campo-Marin-Blanco.png","datePublished":"2024-03-12T08:17:37+00:00","dateModified":"2024-12-16T08:03:19+00:00","description":"Campo Mar\u00edn Wines: Enjoy a selection of red, white, ros\u00e9 and sparkling wines made with passion by Bodegas Ignacio Mar\u00edn.","breadcrumb":{"@id":"https:\/\/ignaciomarin.com\/en\/campo-marin\/#breadcrumb"},"inLanguage":"en-US","potentialAction":[{"@type":"ReadAction","target":["https:\/\/ignaciomarin.com\/en\/campo-marin\/"]}]},{"@type":"ImageObject","inLanguage":"en-US","@id":"https:\/\/ignaciomarin.com\/en\/campo-marin\/#primaryimage","url":"https:\/\/ignaciomarin.com\/wp-content\/uploads\/2024\/02\/Campo-Marin-Blanco.png","contentUrl":"https:\/\/ignaciomarin.com\/wp-content\/uploads\/2024\/02\/Campo-Marin-Blanco.png"},{"@type":"BreadcrumbList","@id":"https:\/\/ignaciomarin.com\/en\/campo-marin\/#breadcrumb","itemListElement":[{"@type":"ListItem","position":1,"name":"Portada","item":"https:\/\/ignaciomarin.com\/en\/"},{"@type":"ListItem","position":2,"name":"Campo Mar\u00edn Wines"}]},{"@type":"WebSite","@id":"https:\/\/ignaciomarin.com\/en\/#website","url":"https:\/\/ignaciomarin.com\/en\/","name":"Bodegas Ignacio Mar\u00edn | Vinos de Cari\u00f1ena","description":"Bodegas Ignacio Mar\u00edn: tradici\u00f3n familiar y pasi\u00f3n por el vino desde 1903. Descubre nuestros vinos de calidad elaborados en Cari\u00f1ena.","alternateName":"Bodegas Ignacio Mar\u00edn","potentialAction":[{"@type":"SearchAction","target":{"@type":"EntryPoint","urlTemplate":"https:\/\/ignaciomarin.com\/en\/?s={search_term_string}"},"query-input":{"@type":"PropertyValueSpecification","valueRequired":true,"valueName":"search_term_string"}}],"inLanguage":"en-US"}]}},"_links":{"self":[{"href":"https:\/\/ignaciomarin.com\/en\/wp-json\/wp\/v2\/pages\/2634","targetHints":{"allow":["GET"]}}],"collection":[{"href":"https:\/\/ignaciomarin.com\/en\/wp-json\/wp\/v2\/pages"}],"about":[{"href":"https:\/\/ignaciomarin.com\/en\/wp-json\/wp\/v2\/types\/page"}],"author":[{"embeddable":true,"href":"https:\/\/ignaciomarin.com\/en\/wp-json\/wp\/v2\/users\/1"}],"replies":[{"embeddable":true,"href":"https:\/\/ignaciomarin.com\/en\/wp-json\/wp\/v2\/comments?post=2634"}],"version-history":[{"count":2,"href":"https:\/\/ignaciomarin.com\/en\/wp-json\/wp\/v2\/pages\/2634\/revisions"}],"predecessor-version":[{"id":2779,"href":"https:\/\/ignaciomarin.com\/en\/wp-json\/wp\/v2\/pages\/2634\/revisions\/2779"}],"wp:attachment":[{"href":"https:\/\/ignaciomarin.com\/en\/wp-json\/wp\/v2\/media?parent=2634"}],"curies":[{"name":"wp","href":"https:\/\/api.w.org\/{rel}","templated":true}]}}