{"id":2628,"date":"2024-03-12T08:11:43","date_gmt":"2024-03-12T08:11:43","guid":{"rendered":"https:\/\/ignaciomarin.com\/vina-angela\/"},"modified":"2024-03-12T08:16:04","modified_gmt":"2024-03-12T08:16:04","slug":"vina-angela","status":"publish","type":"page","link":"https:\/\/ignaciomarin.com\/en\/vina-angela\/","title":{"rendered":"Vi\u00f1a Angela Wines"},"content":{"rendered":"\t\t<div data-elementor-type=\"wp-page\" data-elementor-id=\"2628\" class=\"elementor elementor-2628 elementor-2620\">\n\t\t\t\t<div class=\"elementor-element elementor-element-c5c6dc9 e-con-full e-flex e-con e-parent\" data-id=\"c5c6dc9\" data-element_type=\"container\" data-settings=\"{&quot;background_background&quot;:&quot;classic&quot;}\">\n\t\t<div class=\"elementor-element elementor-element-8c154d8 e-flex e-con-boxed e-con e-child\" data-id=\"8c154d8\" data-element_type=\"container\" data-settings=\"{&quot;shape_divider_bottom&quot;:&quot;pyramids&quot;,&quot;background_background&quot;:&quot;classic&quot;}\">\n\t\t\t\t\t<div class=\"e-con-inner\">\n\t\t\t\t<div class=\"elementor-shape elementor-shape-bottom\" aria-hidden=\"true\" data-negative=\"false\">\n\t\t\t<svg xmlns=\"http:\/\/www.w3.org\/2000\/svg\" viewBox=\"0 0 1000 100\" preserveAspectRatio=\"none\">\n\t<path class=\"elementor-shape-fill\" d=\"M761.9,44.1L643.1,27.2L333.8,98L0,3.8V0l1000,0v3.9\"\/>\n<\/svg>\t\t<\/div>\n\t\t<div class=\"elementor-element elementor-element-dac2732 e-con-full e-flex e-con e-child\" data-id=\"dac2732\" data-element_type=\"container\">\n\t\t\t\t<div class=\"elementor-element elementor-element-c457cb2 elementor-widget elementor-widget-heading\" data-id=\"c457cb2\" data-element_type=\"widget\" data-widget_type=\"heading.default\">\n\t\t\t\t<div class=\"elementor-widget-container\">\n\t\t\t\t\t<h1 class=\"elementor-heading-title elementor-size-default\">Vi\u00f1a \u00c1ngela<\/h1>\t\t\t\t<\/div>\n\t\t\t\t<\/div>\n\t\t\t\t<\/div>\n\t\t\t\t\t<\/div>\n\t\t\t\t<\/div>\n\t\t\t\t<\/div>\n\t\t<div class=\"elementor-element elementor-element-a34be1d e-flex e-con-boxed e-con e-parent\" data-id=\"a34be1d\" data-element_type=\"container\">\n\t\t\t\t\t<div class=\"e-con-inner\">\n\t\t<div class=\"elementor-element elementor-element-ac6ca5b e-con-full e-flex e-con e-child\" data-id=\"ac6ca5b\" data-element_type=\"container\">\n\t\t\t\t<div class=\"elementor-element elementor-element-f3d041f elementor-widget elementor-widget-image\" data-id=\"f3d041f\" data-element_type=\"widget\" data-widget_type=\"image.default\">\n\t\t\t\t<div class=\"elementor-widget-container\">\n\t\t\t\t\t\t\t\t\t\t\t\t\t\t\t<img fetchpriority=\"high\" decoding=\"async\" width=\"810\" height=\"810\" src=\"https:\/\/ignaciomarin.com\/wp-content\/uploads\/2024\/02\/Vina-Angela-Gran-Reserva.png\" class=\"attachment-full size-full wp-image-2578\" alt=\"\" srcset=\"https:\/\/ignaciomarin.com\/wp-content\/uploads\/2024\/02\/Vina-Angela-Gran-Reserva.png 810w, https:\/\/ignaciomarin.com\/wp-content\/uploads\/2024\/02\/Vina-Angela-Gran-Reserva-300x300.png 300w, https:\/\/ignaciomarin.com\/wp-content\/uploads\/2024\/02\/Vina-Angela-Gran-Reserva-150x150.png 150w, https:\/\/ignaciomarin.com\/wp-content\/uploads\/2024\/02\/Vina-Angela-Gran-Reserva-768x768.png 768w, https:\/\/ignaciomarin.com\/wp-content\/uploads\/2024\/02\/Vina-Angela-Gran-Reserva-600x600.png 600w, https:\/\/ignaciomarin.com\/wp-content\/uploads\/2024\/02\/Vina-Angela-Gran-Reserva-100x100.png 100w\" sizes=\"(max-width: 810px) 100vw, 810px\" \/>\t\t\t\t\t\t\t\t\t\t\t\t\t\t\t<\/div>\n\t\t\t\t<\/div>\n\t\t\t\t<div class=\"elementor-element elementor-element-5efc000 elementor-widget elementor-widget-heading\" data-id=\"5efc000\" data-element_type=\"widget\" data-widget_type=\"heading.default\">\n\t\t\t\t<div class=\"elementor-widget-container\">\n\t\t\t\t\t<h2 class=\"elementor-heading-title elementor-size-default\">Vi\u00f1a Angela Grand Reserve<\/h2>\t\t\t\t<\/div>\n\t\t\t\t<\/div>\n\t\t\t\t<\/div>\n\t\t<div class=\"elementor-element elementor-element-8974804 e-con-full e-flex e-con e-child\" data-id=\"8974804\" data-element_type=\"container\">\n\t\t\t\t<div class=\"elementor-element elementor-element-56f0a6b elementor-widget elementor-widget-image\" data-id=\"56f0a6b\" data-element_type=\"widget\" data-widget_type=\"image.default\">\n\t\t\t\t<div class=\"elementor-widget-container\">\n\t\t\t\t\t\t\t\t\t\t\t\t\t\t\t<img decoding=\"async\" width=\"810\" height=\"810\" src=\"https:\/\/ignaciomarin.com\/wp-content\/uploads\/2024\/02\/Vina-Angela-Edicion-centenario-plata.png\" class=\"attachment-full size-full wp-image-1864\" alt=\"Vin\u0303a A\u0301ngela Edicio\u0301n centenario plata\" srcset=\"https:\/\/ignaciomarin.com\/wp-content\/uploads\/2024\/02\/Vina-Angela-Edicion-centenario-plata.png 810w, https:\/\/ignaciomarin.com\/wp-content\/uploads\/2024\/02\/Vina-Angela-Edicion-centenario-plata-300x300.png 300w, https:\/\/ignaciomarin.com\/wp-content\/uploads\/2024\/02\/Vina-Angela-Edicion-centenario-plata-150x150.png 150w, https:\/\/ignaciomarin.com\/wp-content\/uploads\/2024\/02\/Vina-Angela-Edicion-centenario-plata-768x768.png 768w, https:\/\/ignaciomarin.com\/wp-content\/uploads\/2024\/02\/Vina-Angela-Edicion-centenario-plata-600x600.png 600w, https:\/\/ignaciomarin.com\/wp-content\/uploads\/2024\/02\/Vina-Angela-Edicion-centenario-plata-100x100.png 100w\" sizes=\"(max-width: 810px) 100vw, 810px\" \/>\t\t\t\t\t\t\t\t\t\t\t\t\t\t\t<\/div>\n\t\t\t\t<\/div>\n\t\t\t\t<div class=\"elementor-element elementor-element-27ba6ec elementor-widget elementor-widget-heading\" data-id=\"27ba6ec\" data-element_type=\"widget\" data-widget_type=\"heading.default\">\n\t\t\t\t<div class=\"elementor-widget-container\">\n\t\t\t\t\t<h2 class=\"elementor-heading-title elementor-size-default\">Vi\u00f1a \u00c1ngela Silver<\/h2>\t\t\t\t<\/div>\n\t\t\t\t<\/div>\n\t\t\t\t<\/div>\n\t\t<div class=\"elementor-element elementor-element-d1c3407 e-con-full e-flex e-con e-child\" data-id=\"d1c3407\" data-element_type=\"container\">\n\t\t\t\t<div class=\"elementor-element elementor-element-4a00ae0 elementor-widget elementor-widget-image\" data-id=\"4a00ae0\" data-element_type=\"widget\" data-widget_type=\"image.default\">\n\t\t\t\t<div class=\"elementor-widget-container\">\n\t\t\t\t\t\t\t\t\t\t\t\t\t\t\t<img decoding=\"async\" width=\"810\" height=\"810\" src=\"https:\/\/ignaciomarin.com\/wp-content\/uploads\/2024\/02\/Vina-Angela-Edicion-centenario.png\" class=\"attachment-full size-full wp-image-2577\" alt=\"\" srcset=\"https:\/\/ignaciomarin.com\/wp-content\/uploads\/2024\/02\/Vina-Angela-Edicion-centenario.png 810w, https:\/\/ignaciomarin.com\/wp-content\/uploads\/2024\/02\/Vina-Angela-Edicion-centenario-300x300.png 300w, https:\/\/ignaciomarin.com\/wp-content\/uploads\/2024\/02\/Vina-Angela-Edicion-centenario-150x150.png 150w, https:\/\/ignaciomarin.com\/wp-content\/uploads\/2024\/02\/Vina-Angela-Edicion-centenario-768x768.png 768w, https:\/\/ignaciomarin.com\/wp-content\/uploads\/2024\/02\/Vina-Angela-Edicion-centenario-600x600.png 600w, https:\/\/ignaciomarin.com\/wp-content\/uploads\/2024\/02\/Vina-Angela-Edicion-centenario-100x100.png 100w\" sizes=\"(max-width: 810px) 100vw, 810px\" \/>\t\t\t\t\t\t\t\t\t\t\t\t\t\t\t<\/div>\n\t\t\t\t<\/div>\n\t\t\t\t<div class=\"elementor-element elementor-element-2514ccb elementor-widget elementor-widget-heading\" data-id=\"2514ccb\" data-element_type=\"widget\" data-widget_type=\"heading.default\">\n\t\t\t\t<div class=\"elementor-widget-container\">\n\t\t\t\t\t<h2 class=\"elementor-heading-title elementor-size-default\">Vi\u00f1a \u00c1ngela Gold<\/h2>\t\t\t\t<\/div>\n\t\t\t\t<\/div>\n\t\t\t\t<\/div>\n\t\t\t\t\t<\/div>\n\t\t\t\t<\/div>\n\t\t\t\t<\/div>\n\t\t","protected":false},"excerpt":{"rendered":"<p>Vi\u00f1a \u00c1ngela Vi\u00f1a Angela Grand Reserve Vi\u00f1a \u00c1ngela Silver Vi\u00f1a \u00c1ngela Gold<\/p>\n","protected":false},"author":1,"featured_media":0,"parent":0,"menu_order":0,"comment_status":"closed","ping_status":"closed","template":"elementor_header_footer","meta":{"site-sidebar-layout":"no-sidebar","site-content-layout":"page-builder","ast-site-content-layout":"full-width-container","site-content-style":"default","site-sidebar-style":"default","ast-global-header-display":"","ast-banner-title-visibility":"","ast-main-header-display":"","ast-hfb-above-header-display":"","ast-hfb-below-header-display":"","ast-hfb-mobile-header-display":"","site-post-title":"disabled","ast-breadcrumbs-content":"","ast-featured-img":"disabled","footer-sml-layout":"","theme-transparent-header-meta":"","adv-header-id-meta":"","stick-header-meta":"","header-above-stick-meta":"","header-main-stick-meta":"","header-below-stick-meta":"","astra-migrate-meta-layouts":"default","ast-page-background-enabled":"default","ast-page-background-meta":{"desktop":{"background-color":"var(--ast-global-color-4)","background-image":"","background-repeat":"repeat","background-position":"center center","background-size":"auto","background-attachment":"scroll","background-type":"","background-media":"","overlay-type":"","overlay-color":"","overlay-opacity":"","overlay-gradient":""},"tablet":{"background-color":"","background-image":"","background-repeat":"repeat","background-position":"center center","background-size":"auto","background-attachment":"scroll","background-type":"","background-media":"","overlay-type":"","overlay-color":"","overlay-opacity":"","overlay-gradient":""},"mobile":{"background-color":"","background-image":"","background-repeat":"repeat","background-position":"center center","background-size":"auto","background-attachment":"scroll","background-type":"","background-media":"","overlay-type":"","overlay-color":"","overlay-opacity":"","overlay-gradient":""}},"ast-content-background-meta":{"desktop":{"background-color":"var(--ast-global-color-5)","background-image":"","background-repeat":"repeat","background-position":"center center","background-size":"auto","background-attachment":"scroll","background-type":"","background-media":"","overlay-type":"","overlay-color":"","overlay-opacity":"","overlay-gradient":""},"tablet":{"background-color":"var(--ast-global-color-5)","background-image":"","background-repeat":"repeat","background-position":"center center","background-size":"auto","background-attachment":"scroll","background-type":"","background-media":"","overlay-type":"","overlay-color":"","overlay-opacity":"","overlay-gradient":""},"mobile":{"background-color":"var(--ast-global-color-5)","background-image":"","background-repeat":"repeat","background-position":"center center","background-size":"auto","background-attachment":"scroll","background-type":"","background-media":"","overlay-type":"","overlay-color":"","overlay-opacity":"","overlay-gradient":""}},"footnotes":""},"class_list":["post-2628","page","type-page","status-publish","hentry"],"yoast_head":"<!-- This site is optimized with the Yoast SEO plugin v26.0 - https:\/\/yoast.com\/wordpress\/plugins\/seo\/ -->\n<title>Vi\u00f1a Angela Wines | Bodegas Ignacio Mar\u00edn<\/title>\n<meta name=\"description\" content=\"Vinos Vi\u00f1a Angela: Taste the tradition, the terroir and the passion for wine in every bottle. Wide selection of wines from the best grapes.\" \/>\n<meta name=\"robots\" content=\"index, follow, max-snippet:-1, max-image-preview:large, max-video-preview:-1\" \/>\n<link rel=\"canonical\" href=\"https:\/\/ignaciomarin.com\/en\/vina-angela\/\" \/>\n<meta property=\"og:locale\" content=\"en_US\" \/>\n<meta property=\"og:type\" content=\"article\" \/>\n<meta property=\"og:title\" content=\"Vi\u00f1a Angela Wines | Bodegas Ignacio Mar\u00edn\" \/>\n<meta property=\"og:description\" content=\"Vinos Vi\u00f1a Angela: Taste the tradition, the terroir and the passion for wine in every bottle. Wide selection of wines from the best grapes.\" \/>\n<meta property=\"og:url\" content=\"https:\/\/ignaciomarin.com\/en\/vina-angela\/\" \/>\n<meta property=\"og:site_name\" content=\"Bodegas Ignacio Mar\u00edn\" \/>\n<meta property=\"article:publisher\" content=\"https:\/\/www.facebook.com\/BodegasIgnacioMarin\/\" \/>\n<meta property=\"article:modified_time\" content=\"2024-03-12T08:16:04+00:00\" \/>\n<meta property=\"og:image\" content=\"https:\/\/ignaciomarin.com\/wp-content\/uploads\/2024\/02\/Vina-Angela-Gran-Reserva.png\" \/>\n<meta name=\"twitter:card\" content=\"summary_large_image\" \/>\n<script type=\"application\/ld+json\" class=\"yoast-schema-graph\">{\"@context\":\"https:\/\/schema.org\",\"@graph\":[{\"@type\":\"WebPage\",\"@id\":\"https:\/\/ignaciomarin.com\/en\/vina-angela\/\",\"url\":\"https:\/\/ignaciomarin.com\/en\/vina-angela\/\",\"name\":\"Vi\u00f1a Angela Wines | Bodegas Ignacio Mar\u00edn\",\"isPartOf\":{\"@id\":\"https:\/\/ignaciomarin.com\/en\/#website\"},\"primaryImageOfPage\":{\"@id\":\"https:\/\/ignaciomarin.com\/en\/vina-angela\/#primaryimage\"},\"image\":{\"@id\":\"https:\/\/ignaciomarin.com\/en\/vina-angela\/#primaryimage\"},\"thumbnailUrl\":\"https:\/\/ignaciomarin.com\/wp-content\/uploads\/2024\/02\/Vina-Angela-Gran-Reserva.png\",\"datePublished\":\"2024-03-12T08:11:43+00:00\",\"dateModified\":\"2024-03-12T08:16:04+00:00\",\"description\":\"Vinos Vi\u00f1a Angela: Taste the tradition, the terroir and the passion for wine in every bottle. Wide selection of wines from the best grapes.\",\"breadcrumb\":{\"@id\":\"https:\/\/ignaciomarin.com\/en\/vina-angela\/#breadcrumb\"},\"inLanguage\":\"en-US\",\"potentialAction\":[{\"@type\":\"ReadAction\",\"target\":[\"https:\/\/ignaciomarin.com\/en\/vina-angela\/\"]}]},{\"@type\":\"ImageObject\",\"inLanguage\":\"en-US\",\"@id\":\"https:\/\/ignaciomarin.com\/en\/vina-angela\/#primaryimage\",\"url\":\"https:\/\/ignaciomarin.com\/wp-content\/uploads\/2024\/02\/Vina-Angela-Gran-Reserva.png\",\"contentUrl\":\"https:\/\/ignaciomarin.com\/wp-content\/uploads\/2024\/02\/Vina-Angela-Gran-Reserva.png\"},{\"@type\":\"BreadcrumbList\",\"@id\":\"https:\/\/ignaciomarin.com\/en\/vina-angela\/#breadcrumb\",\"itemListElement\":[{\"@type\":\"ListItem\",\"position\":1,\"name\":\"Portada\",\"item\":\"https:\/\/ignaciomarin.com\/en\/\"},{\"@type\":\"ListItem\",\"position\":2,\"name\":\"Vi\u00f1a Angela Wines\"}]},{\"@type\":\"WebSite\",\"@id\":\"https:\/\/ignaciomarin.com\/en\/#website\",\"url\":\"https:\/\/ignaciomarin.com\/en\/\",\"name\":\"Bodegas Ignacio Mar\u00edn | Vinos de Cari\u00f1ena\",\"description\":\"Bodegas Ignacio Mar\u00edn: tradici\u00f3n familiar y pasi\u00f3n por el vino desde 1903. Descubre nuestros vinos de calidad elaborados en Cari\u00f1ena.\",\"alternateName\":\"Bodegas Ignacio Mar\u00edn\",\"potentialAction\":[{\"@type\":\"SearchAction\",\"target\":{\"@type\":\"EntryPoint\",\"urlTemplate\":\"https:\/\/ignaciomarin.com\/en\/?s={search_term_string}\"},\"query-input\":{\"@type\":\"PropertyValueSpecification\",\"valueRequired\":true,\"valueName\":\"search_term_string\"}}],\"inLanguage\":\"en-US\"}]}<\/script>\n<!-- \/ Yoast SEO plugin. -->","yoast_head_json":{"title":"Vi\u00f1a Angela Wines | Bodegas Ignacio Mar\u00edn","description":"Vinos Vi\u00f1a Angela: Taste the tradition, the terroir and the passion for wine in every bottle. Wide selection of wines from the best grapes.","robots":{"index":"index","follow":"follow","max-snippet":"max-snippet:-1","max-image-preview":"max-image-preview:large","max-video-preview":"max-video-preview:-1"},"canonical":"https:\/\/ignaciomarin.com\/en\/vina-angela\/","og_locale":"en_US","og_type":"article","og_title":"Vi\u00f1a Angela Wines | Bodegas Ignacio Mar\u00edn","og_description":"Vinos Vi\u00f1a Angela: Taste the tradition, the terroir and the passion for wine in every bottle. Wide selection of wines from the best grapes.","og_url":"https:\/\/ignaciomarin.com\/en\/vina-angela\/","og_site_name":"Bodegas Ignacio Mar\u00edn","article_publisher":"https:\/\/www.facebook.com\/BodegasIgnacioMarin\/","article_modified_time":"2024-03-12T08:16:04+00:00","og_image":[{"url":"https:\/\/ignaciomarin.com\/wp-content\/uploads\/2024\/02\/Vina-Angela-Gran-Reserva.png","type":"","width":"","height":""}],"twitter_card":"summary_large_image","schema":{"@context":"https:\/\/schema.org","@graph":[{"@type":"WebPage","@id":"https:\/\/ignaciomarin.com\/en\/vina-angela\/","url":"https:\/\/ignaciomarin.com\/en\/vina-angela\/","name":"Vi\u00f1a Angela Wines | Bodegas Ignacio Mar\u00edn","isPartOf":{"@id":"https:\/\/ignaciomarin.com\/en\/#website"},"primaryImageOfPage":{"@id":"https:\/\/ignaciomarin.com\/en\/vina-angela\/#primaryimage"},"image":{"@id":"https:\/\/ignaciomarin.com\/en\/vina-angela\/#primaryimage"},"thumbnailUrl":"https:\/\/ignaciomarin.com\/wp-content\/uploads\/2024\/02\/Vina-Angela-Gran-Reserva.png","datePublished":"2024-03-12T08:11:43+00:00","dateModified":"2024-03-12T08:16:04+00:00","description":"Vinos Vi\u00f1a Angela: Taste the tradition, the terroir and the passion for wine in every bottle. Wide selection of wines from the best grapes.","breadcrumb":{"@id":"https:\/\/ignaciomarin.com\/en\/vina-angela\/#breadcrumb"},"inLanguage":"en-US","potentialAction":[{"@type":"ReadAction","target":["https:\/\/ignaciomarin.com\/en\/vina-angela\/"]}]},{"@type":"ImageObject","inLanguage":"en-US","@id":"https:\/\/ignaciomarin.com\/en\/vina-angela\/#primaryimage","url":"https:\/\/ignaciomarin.com\/wp-content\/uploads\/2024\/02\/Vina-Angela-Gran-Reserva.png","contentUrl":"https:\/\/ignaciomarin.com\/wp-content\/uploads\/2024\/02\/Vina-Angela-Gran-Reserva.png"},{"@type":"BreadcrumbList","@id":"https:\/\/ignaciomarin.com\/en\/vina-angela\/#breadcrumb","itemListElement":[{"@type":"ListItem","position":1,"name":"Portada","item":"https:\/\/ignaciomarin.com\/en\/"},{"@type":"ListItem","position":2,"name":"Vi\u00f1a Angela Wines"}]},{"@type":"WebSite","@id":"https:\/\/ignaciomarin.com\/en\/#website","url":"https:\/\/ignaciomarin.com\/en\/","name":"Bodegas Ignacio Mar\u00edn | Vinos de Cari\u00f1ena","description":"Bodegas Ignacio Mar\u00edn: tradici\u00f3n familiar y pasi\u00f3n por el vino desde 1903. Descubre nuestros vinos de calidad elaborados en Cari\u00f1ena.","alternateName":"Bodegas Ignacio Mar\u00edn","potentialAction":[{"@type":"SearchAction","target":{"@type":"EntryPoint","urlTemplate":"https:\/\/ignaciomarin.com\/en\/?s={search_term_string}"},"query-input":{"@type":"PropertyValueSpecification","valueRequired":true,"valueName":"search_term_string"}}],"inLanguage":"en-US"}]}},"_links":{"self":[{"href":"https:\/\/ignaciomarin.com\/en\/wp-json\/wp\/v2\/pages\/2628","targetHints":{"allow":["GET"]}}],"collection":[{"href":"https:\/\/ignaciomarin.com\/en\/wp-json\/wp\/v2\/pages"}],"about":[{"href":"https:\/\/ignaciomarin.com\/en\/wp-json\/wp\/v2\/types\/page"}],"author":[{"embeddable":true,"href":"https:\/\/ignaciomarin.com\/en\/wp-json\/wp\/v2\/users\/1"}],"replies":[{"embeddable":true,"href":"https:\/\/ignaciomarin.com\/en\/wp-json\/wp\/v2\/comments?post=2628"}],"version-history":[{"count":1,"href":"https:\/\/ignaciomarin.com\/en\/wp-json\/wp\/v2\/pages\/2628\/revisions"}],"predecessor-version":[{"id":2629,"href":"https:\/\/ignaciomarin.com\/en\/wp-json\/wp\/v2\/pages\/2628\/revisions\/2629"}],"wp:attachment":[{"href":"https:\/\/ignaciomarin.com\/en\/wp-json\/wp\/v2\/media?parent=2628"}],"curies":[{"name":"wp","href":"https:\/\/api.w.org\/{rel}","templated":true}]}}