{"id":2626,"date":"2024-03-12T08:14:54","date_gmt":"2024-03-12T08:14:54","guid":{"rendered":"https:\/\/ignaciomarin.com\/wine-wings\/"},"modified":"2024-03-12T08:15:29","modified_gmt":"2024-03-12T08:15:29","slug":"wine-wings","status":"publish","type":"page","link":"https:\/\/ignaciomarin.com\/en\/wine-wings\/","title":{"rendered":"Wine Wings Wines"},"content":{"rendered":"\t\t<div data-elementor-type=\"wp-page\" data-elementor-id=\"2626\" class=\"elementor elementor-2626 elementor-2624\">\n\t\t\t\t<div class=\"elementor-element elementor-element-7b2fad0 e-con-full e-flex e-con e-parent\" data-id=\"7b2fad0\" data-element_type=\"container\" data-settings=\"{&quot;background_background&quot;:&quot;classic&quot;}\">\n\t\t<div class=\"elementor-element elementor-element-90a21b8 e-flex e-con-boxed e-con e-child\" data-id=\"90a21b8\" data-element_type=\"container\" data-settings=\"{&quot;shape_divider_bottom&quot;:&quot;pyramids&quot;,&quot;background_background&quot;:&quot;classic&quot;}\">\n\t\t\t\t\t<div class=\"e-con-inner\">\n\t\t\t\t<div class=\"elementor-shape elementor-shape-bottom\" aria-hidden=\"true\" data-negative=\"false\">\n\t\t\t<svg xmlns=\"http:\/\/www.w3.org\/2000\/svg\" viewBox=\"0 0 1000 100\" preserveAspectRatio=\"none\">\n\t<path class=\"elementor-shape-fill\" d=\"M761.9,44.1L643.1,27.2L333.8,98L0,3.8V0l1000,0v3.9\"\/>\n<\/svg>\t\t<\/div>\n\t\t<div class=\"elementor-element elementor-element-deda8e6 e-con-full e-flex e-con e-child\" data-id=\"deda8e6\" data-element_type=\"container\">\n\t\t\t\t<div class=\"elementor-element elementor-element-7c6ca46 elementor-widget elementor-widget-heading\" data-id=\"7c6ca46\" data-element_type=\"widget\" data-widget_type=\"heading.default\">\n\t\t\t\t<div class=\"elementor-widget-container\">\n\t\t\t\t\t<h1 class=\"elementor-heading-title elementor-size-default\">Wine Wings<\/h1>\t\t\t\t<\/div>\n\t\t\t\t<\/div>\n\t\t\t\t<\/div>\n\t\t\t\t\t<\/div>\n\t\t\t\t<\/div>\n\t\t\t\t<\/div>\n\t\t<div class=\"elementor-element elementor-element-94b2cf8 e-flex e-con-boxed e-con e-parent\" data-id=\"94b2cf8\" data-element_type=\"container\">\n\t\t\t\t\t<div class=\"e-con-inner\">\n\t\t<div class=\"elementor-element elementor-element-0cc6037 e-con-full e-flex e-con e-child\" data-id=\"0cc6037\" data-element_type=\"container\">\n\t\t\t\t<div class=\"elementor-element elementor-element-a4af327 elementor-widget elementor-widget-image\" data-id=\"a4af327\" data-element_type=\"widget\" data-widget_type=\"image.default\">\n\t\t\t\t<div class=\"elementor-widget-container\">\n\t\t\t\t\t\t\t\t\t\t\t\t\t\t\t<img fetchpriority=\"high\" decoding=\"async\" width=\"1134\" height=\"3827\" src=\"https:\/\/ignaciomarin.com\/wp-content\/uploads\/2024\/02\/BTLL-WINGS_flamenco.png\" class=\"attachment-full size-full wp-image-1774\" alt=\"\" srcset=\"https:\/\/ignaciomarin.com\/wp-content\/uploads\/2024\/02\/BTLL-WINGS_flamenco.png 1134w, https:\/\/ignaciomarin.com\/wp-content\/uploads\/2024\/02\/BTLL-WINGS_flamenco-89x300.png 89w, https:\/\/ignaciomarin.com\/wp-content\/uploads\/2024\/02\/BTLL-WINGS_flamenco-303x1024.png 303w, https:\/\/ignaciomarin.com\/wp-content\/uploads\/2024\/02\/BTLL-WINGS_flamenco-768x2592.png 768w, https:\/\/ignaciomarin.com\/wp-content\/uploads\/2024\/02\/BTLL-WINGS_flamenco-455x1536.png 455w, https:\/\/ignaciomarin.com\/wp-content\/uploads\/2024\/02\/BTLL-WINGS_flamenco-607x2048.png 607w, https:\/\/ignaciomarin.com\/wp-content\/uploads\/2024\/02\/BTLL-WINGS_flamenco-600x2025.png 600w\" sizes=\"(max-width: 1134px) 100vw, 1134px\" \/>\t\t\t\t\t\t\t\t\t\t\t\t\t\t\t<\/div>\n\t\t\t\t<\/div>\n\t\t\t\t<div class=\"elementor-element elementor-element-8056f65 elementor-widget elementor-widget-heading\" data-id=\"8056f65\" data-element_type=\"widget\" data-widget_type=\"heading.default\">\n\t\t\t\t<div class=\"elementor-widget-container\">\n\t\t\t\t\t<h2 class=\"elementor-heading-title elementor-size-default\">Wine Wings Flamenco<\/h2>\t\t\t\t<\/div>\n\t\t\t\t<\/div>\n\t\t\t\t<\/div>\n\t\t<div class=\"elementor-element elementor-element-2354f40 e-con-full e-flex e-con e-child\" data-id=\"2354f40\" data-element_type=\"container\">\n\t\t\t\t<div class=\"elementor-element elementor-element-4c7509d elementor-widget elementor-widget-image\" data-id=\"4c7509d\" data-element_type=\"widget\" data-widget_type=\"image.default\">\n\t\t\t\t<div class=\"elementor-widget-container\">\n\t\t\t\t\t\t\t\t\t\t\t\t\t\t\t<img decoding=\"async\" width=\"1134\" height=\"3827\" src=\"https:\/\/ignaciomarin.com\/wp-content\/uploads\/2024\/02\/BTLL-WINGS_rayamanta.png\" class=\"attachment-full size-full wp-image-1775\" alt=\"Wine Wings Mantarraya\" srcset=\"https:\/\/ignaciomarin.com\/wp-content\/uploads\/2024\/02\/BTLL-WINGS_rayamanta.png 1134w, https:\/\/ignaciomarin.com\/wp-content\/uploads\/2024\/02\/BTLL-WINGS_rayamanta-89x300.png 89w, https:\/\/ignaciomarin.com\/wp-content\/uploads\/2024\/02\/BTLL-WINGS_rayamanta-303x1024.png 303w, https:\/\/ignaciomarin.com\/wp-content\/uploads\/2024\/02\/BTLL-WINGS_rayamanta-768x2592.png 768w, https:\/\/ignaciomarin.com\/wp-content\/uploads\/2024\/02\/BTLL-WINGS_rayamanta-455x1536.png 455w, https:\/\/ignaciomarin.com\/wp-content\/uploads\/2024\/02\/BTLL-WINGS_rayamanta-607x2048.png 607w, https:\/\/ignaciomarin.com\/wp-content\/uploads\/2024\/02\/BTLL-WINGS_rayamanta-600x2025.png 600w\" sizes=\"(max-width: 1134px) 100vw, 1134px\" \/>\t\t\t\t\t\t\t\t\t\t\t\t\t\t\t<\/div>\n\t\t\t\t<\/div>\n\t\t\t\t<div class=\"elementor-element elementor-element-ab57c78 elementor-widget elementor-widget-heading\" data-id=\"ab57c78\" data-element_type=\"widget\" data-widget_type=\"heading.default\">\n\t\t\t\t<div class=\"elementor-widget-container\">\n\t\t\t\t\t<h2 class=\"elementor-heading-title elementor-size-default\">Wine Wings Mantarraya<\/h2>\t\t\t\t<\/div>\n\t\t\t\t<\/div>\n\t\t\t\t<\/div>\n\t\t<div class=\"elementor-element elementor-element-311669a e-con-full e-flex e-con e-child\" data-id=\"311669a\" data-element_type=\"container\">\n\t\t\t\t<div class=\"elementor-element elementor-element-4f0a75a elementor-widget elementor-widget-image\" data-id=\"4f0a75a\" data-element_type=\"widget\" data-widget_type=\"image.default\">\n\t\t\t\t<div class=\"elementor-widget-container\">\n\t\t\t\t\t\t\t\t\t\t\t\t\t\t\t<img decoding=\"async\" width=\"1134\" height=\"3827\" src=\"https:\/\/ignaciomarin.com\/wp-content\/uploads\/2024\/02\/BTLL_WINGS_aguila.png\" class=\"attachment-full size-full wp-image-1776\" alt=\"Wine Wings Aguila\" srcset=\"https:\/\/ignaciomarin.com\/wp-content\/uploads\/2024\/02\/BTLL_WINGS_aguila.png 1134w, https:\/\/ignaciomarin.com\/wp-content\/uploads\/2024\/02\/BTLL_WINGS_aguila-89x300.png 89w, https:\/\/ignaciomarin.com\/wp-content\/uploads\/2024\/02\/BTLL_WINGS_aguila-303x1024.png 303w, https:\/\/ignaciomarin.com\/wp-content\/uploads\/2024\/02\/BTLL_WINGS_aguila-768x2592.png 768w, https:\/\/ignaciomarin.com\/wp-content\/uploads\/2024\/02\/BTLL_WINGS_aguila-455x1536.png 455w, https:\/\/ignaciomarin.com\/wp-content\/uploads\/2024\/02\/BTLL_WINGS_aguila-607x2048.png 607w, https:\/\/ignaciomarin.com\/wp-content\/uploads\/2024\/02\/BTLL_WINGS_aguila-600x2025.png 600w\" sizes=\"(max-width: 1134px) 100vw, 1134px\" \/>\t\t\t\t\t\t\t\t\t\t\t\t\t\t\t<\/div>\n\t\t\t\t<\/div>\n\t\t\t\t<div class=\"elementor-element elementor-element-bd32698 elementor-widget elementor-widget-heading\" data-id=\"bd32698\" data-element_type=\"widget\" data-widget_type=\"heading.default\">\n\t\t\t\t<div class=\"elementor-widget-container\">\n\t\t\t\t\t<h2 class=\"elementor-heading-title elementor-size-default\">Wine Wings \u00c1guila<\/h2>\t\t\t\t<\/div>\n\t\t\t\t<\/div>\n\t\t\t\t<\/div>\n\t\t<div class=\"elementor-element elementor-element-cd610fc e-con-full e-flex e-con e-child\" data-id=\"cd610fc\" data-element_type=\"container\">\n\t\t\t\t<div class=\"elementor-element elementor-element-050b79d elementor-widget elementor-widget-image\" data-id=\"050b79d\" data-element_type=\"widget\" data-widget_type=\"image.default\">\n\t\t\t\t<div class=\"elementor-widget-container\">\n\t\t\t\t\t\t\t\t\t\t\t\t\t\t\t<img loading=\"lazy\" decoding=\"async\" width=\"1134\" height=\"3827\" src=\"https:\/\/ignaciomarin.com\/wp-content\/uploads\/2024\/02\/BTLL_WINGS_golondrina.png\" class=\"attachment-full size-full wp-image-1777\" alt=\"Wine Wings Golondrina\" srcset=\"https:\/\/ignaciomarin.com\/wp-content\/uploads\/2024\/02\/BTLL_WINGS_golondrina.png 1134w, https:\/\/ignaciomarin.com\/wp-content\/uploads\/2024\/02\/BTLL_WINGS_golondrina-89x300.png 89w, https:\/\/ignaciomarin.com\/wp-content\/uploads\/2024\/02\/BTLL_WINGS_golondrina-303x1024.png 303w, https:\/\/ignaciomarin.com\/wp-content\/uploads\/2024\/02\/BTLL_WINGS_golondrina-768x2592.png 768w, https:\/\/ignaciomarin.com\/wp-content\/uploads\/2024\/02\/BTLL_WINGS_golondrina-455x1536.png 455w, https:\/\/ignaciomarin.com\/wp-content\/uploads\/2024\/02\/BTLL_WINGS_golondrina-607x2048.png 607w, https:\/\/ignaciomarin.com\/wp-content\/uploads\/2024\/02\/BTLL_WINGS_golondrina-600x2025.png 600w\" sizes=\"(max-width: 1134px) 100vw, 1134px\" \/>\t\t\t\t\t\t\t\t\t\t\t\t\t\t\t<\/div>\n\t\t\t\t<\/div>\n\t\t\t\t<div class=\"elementor-element elementor-element-67a85b5 elementor-widget elementor-widget-heading\" data-id=\"67a85b5\" data-element_type=\"widget\" data-widget_type=\"heading.default\">\n\t\t\t\t<div class=\"elementor-widget-container\">\n\t\t\t\t\t<h2 class=\"elementor-heading-title elementor-size-default\">Wine Wings Golondrina<\/h2>\t\t\t\t<\/div>\n\t\t\t\t<\/div>\n\t\t\t\t<\/div>\n\t\t\t\t\t<\/div>\n\t\t\t\t<\/div>\n\t\t<div class=\"elementor-element elementor-element-75177cd e-flex e-con-boxed e-con e-parent\" data-id=\"75177cd\" data-element_type=\"container\">\n\t\t\t\t\t<div class=\"e-con-inner\">\n\t\t<div class=\"elementor-element elementor-element-beb12b8 e-con-full e-flex e-con e-child\" data-id=\"beb12b8\" data-element_type=\"container\">\n\t\t\t\t<div class=\"elementor-element elementor-element-479bf71 elementor-widget elementor-widget-image\" data-id=\"479bf71\" data-element_type=\"widget\" data-widget_type=\"image.default\">\n\t\t\t\t<div class=\"elementor-widget-container\">\n\t\t\t\t\t\t\t\t\t\t\t\t\t\t\t<img loading=\"lazy\" decoding=\"async\" width=\"1134\" height=\"3827\" src=\"https:\/\/ignaciomarin.com\/wp-content\/uploads\/2024\/02\/BTLL_WINGS_mariposa.png\" class=\"attachment-full size-full wp-image-1778\" alt=\"Wine Wings Mariposa\" srcset=\"https:\/\/ignaciomarin.com\/wp-content\/uploads\/2024\/02\/BTLL_WINGS_mariposa.png 1134w, https:\/\/ignaciomarin.com\/wp-content\/uploads\/2024\/02\/BTLL_WINGS_mariposa-89x300.png 89w, https:\/\/ignaciomarin.com\/wp-content\/uploads\/2024\/02\/BTLL_WINGS_mariposa-303x1024.png 303w, https:\/\/ignaciomarin.com\/wp-content\/uploads\/2024\/02\/BTLL_WINGS_mariposa-768x2592.png 768w, https:\/\/ignaciomarin.com\/wp-content\/uploads\/2024\/02\/BTLL_WINGS_mariposa-455x1536.png 455w, https:\/\/ignaciomarin.com\/wp-content\/uploads\/2024\/02\/BTLL_WINGS_mariposa-607x2048.png 607w, https:\/\/ignaciomarin.com\/wp-content\/uploads\/2024\/02\/BTLL_WINGS_mariposa-600x2025.png 600w\" sizes=\"(max-width: 1134px) 100vw, 1134px\" \/>\t\t\t\t\t\t\t\t\t\t\t\t\t\t\t<\/div>\n\t\t\t\t<\/div>\n\t\t\t\t<div class=\"elementor-element elementor-element-5ed26d4 elementor-widget elementor-widget-heading\" data-id=\"5ed26d4\" data-element_type=\"widget\" data-widget_type=\"heading.default\">\n\t\t\t\t<div class=\"elementor-widget-container\">\n\t\t\t\t\t<h2 class=\"elementor-heading-title elementor-size-default\">Wine Wings Mariposa<\/h2>\t\t\t\t<\/div>\n\t\t\t\t<\/div>\n\t\t\t\t<\/div>\n\t\t<div class=\"elementor-element elementor-element-5120ea9 e-con-full e-flex e-con e-child\" data-id=\"5120ea9\" data-element_type=\"container\">\n\t\t\t\t<\/div>\n\t\t<div class=\"elementor-element elementor-element-4c08474 e-con-full e-flex e-con e-child\" data-id=\"4c08474\" data-element_type=\"container\">\n\t\t\t\t<\/div>\n\t\t<div class=\"elementor-element elementor-element-0c0b135 e-con-full e-flex e-con e-child\" data-id=\"0c0b135\" data-element_type=\"container\">\n\t\t\t\t<\/div>\n\t\t\t\t\t<\/div>\n\t\t\t\t<\/div>\n\t\t\t\t<\/div>\n\t\t","protected":false},"excerpt":{"rendered":"<p>Wine Wings Wine Wings Flamenco Wine Wings Mantarraya Wine Wings \u00c1guila Wine Wings Golondrina Wine Wings Mariposa<\/p>\n","protected":false},"author":1,"featured_media":0,"parent":0,"menu_order":0,"comment_status":"closed","ping_status":"closed","template":"elementor_header_footer","meta":{"site-sidebar-layout":"no-sidebar","site-content-layout":"page-builder","ast-site-content-layout":"full-width-container","site-content-style":"default","site-sidebar-style":"default","ast-global-header-display":"","ast-banner-title-visibility":"","ast-main-header-display":"","ast-hfb-above-header-display":"","ast-hfb-below-header-display":"","ast-hfb-mobile-header-display":"","site-post-title":"disabled","ast-breadcrumbs-content":"","ast-featured-img":"disabled","footer-sml-layout":"","theme-transparent-header-meta":"","adv-header-id-meta":"","stick-header-meta":"","header-above-stick-meta":"","header-main-stick-meta":"","header-below-stick-meta":"","astra-migrate-meta-layouts":"default","ast-page-background-enabled":"default","ast-page-background-meta":{"desktop":{"background-color":"var(--ast-global-color-4)","background-image":"","background-repeat":"repeat","background-position":"center center","background-size":"auto","background-attachment":"scroll","background-type":"","background-media":"","overlay-type":"","overlay-color":"","overlay-opacity":"","overlay-gradient":""},"tablet":{"background-color":"","background-image":"","background-repeat":"repeat","background-position":"center center","background-size":"auto","background-attachment":"scroll","background-type":"","background-media":"","overlay-type":"","overlay-color":"","overlay-opacity":"","overlay-gradient":""},"mobile":{"background-color":"","background-image":"","background-repeat":"repeat","background-position":"center center","background-size":"auto","background-attachment":"scroll","background-type":"","background-media":"","overlay-type":"","overlay-color":"","overlay-opacity":"","overlay-gradient":""}},"ast-content-background-meta":{"desktop":{"background-color":"var(--ast-global-color-5)","background-image":"","background-repeat":"repeat","background-position":"center center","background-size":"auto","background-attachment":"scroll","background-type":"","background-media":"","overlay-type":"","overlay-color":"","overlay-opacity":"","overlay-gradient":""},"tablet":{"background-color":"var(--ast-global-color-5)","background-image":"","background-repeat":"repeat","background-position":"center center","background-size":"auto","background-attachment":"scroll","background-type":"","background-media":"","overlay-type":"","overlay-color":"","overlay-opacity":"","overlay-gradient":""},"mobile":{"background-color":"var(--ast-global-color-5)","background-image":"","background-repeat":"repeat","background-position":"center center","background-size":"auto","background-attachment":"scroll","background-type":"","background-media":"","overlay-type":"","overlay-color":"","overlay-opacity":"","overlay-gradient":""}},"footnotes":""},"class_list":["post-2626","page","type-page","status-publish","hentry"],"yoast_head":"<!-- This site is optimized with the Yoast SEO plugin v26.0 - https:\/\/yoast.com\/wordpress\/plugins\/seo\/ -->\n<title>Wine Wings Wines | Bodegas Ignacio Mar\u00edn<\/title>\n<meta name=\"description\" content=\"Wine Wings. Explore a unique selection of red, white, ros\u00e9 and sparkling wines from Bodega Ignacio Mar\u00edn.\" \/>\n<meta name=\"robots\" content=\"index, follow, max-snippet:-1, max-image-preview:large, max-video-preview:-1\" \/>\n<link rel=\"canonical\" href=\"https:\/\/ignaciomarin.com\/en\/wine-wings\/\" \/>\n<meta property=\"og:locale\" content=\"en_US\" \/>\n<meta property=\"og:type\" content=\"article\" \/>\n<meta property=\"og:title\" content=\"Wine Wings Wines | Bodegas Ignacio Mar\u00edn\" \/>\n<meta property=\"og:description\" content=\"Wine Wings. Explore a unique selection of red, white, ros\u00e9 and sparkling wines from Bodega Ignacio Mar\u00edn.\" \/>\n<meta property=\"og:url\" content=\"https:\/\/ignaciomarin.com\/en\/wine-wings\/\" \/>\n<meta property=\"og:site_name\" content=\"Bodegas Ignacio Mar\u00edn\" \/>\n<meta property=\"article:publisher\" content=\"https:\/\/www.facebook.com\/BodegasIgnacioMarin\/\" \/>\n<meta property=\"article:modified_time\" content=\"2024-03-12T08:15:29+00:00\" \/>\n<meta property=\"og:image\" content=\"https:\/\/ignaciomarin.com\/wp-content\/uploads\/2024\/02\/BTLL-WINGS_flamenco.png\" \/>\n<meta name=\"twitter:card\" content=\"summary_large_image\" \/>\n<script type=\"application\/ld+json\" class=\"yoast-schema-graph\">{\"@context\":\"https:\/\/schema.org\",\"@graph\":[{\"@type\":\"WebPage\",\"@id\":\"https:\/\/ignaciomarin.com\/en\/wine-wings\/\",\"url\":\"https:\/\/ignaciomarin.com\/en\/wine-wings\/\",\"name\":\"Wine Wings Wines | Bodegas Ignacio Mar\u00edn\",\"isPartOf\":{\"@id\":\"https:\/\/ignaciomarin.com\/en\/#website\"},\"primaryImageOfPage\":{\"@id\":\"https:\/\/ignaciomarin.com\/en\/wine-wings\/#primaryimage\"},\"image\":{\"@id\":\"https:\/\/ignaciomarin.com\/en\/wine-wings\/#primaryimage\"},\"thumbnailUrl\":\"https:\/\/ignaciomarin.com\/wp-content\/uploads\/2024\/02\/BTLL-WINGS_flamenco.png\",\"datePublished\":\"2024-03-12T08:14:54+00:00\",\"dateModified\":\"2024-03-12T08:15:29+00:00\",\"description\":\"Wine Wings. Explore a unique selection of red, white, ros\u00e9 and sparkling wines from Bodega Ignacio Mar\u00edn.\",\"breadcrumb\":{\"@id\":\"https:\/\/ignaciomarin.com\/en\/wine-wings\/#breadcrumb\"},\"inLanguage\":\"en-US\",\"potentialAction\":[{\"@type\":\"ReadAction\",\"target\":[\"https:\/\/ignaciomarin.com\/en\/wine-wings\/\"]}]},{\"@type\":\"ImageObject\",\"inLanguage\":\"en-US\",\"@id\":\"https:\/\/ignaciomarin.com\/en\/wine-wings\/#primaryimage\",\"url\":\"https:\/\/ignaciomarin.com\/wp-content\/uploads\/2024\/02\/BTLL-WINGS_flamenco.png\",\"contentUrl\":\"https:\/\/ignaciomarin.com\/wp-content\/uploads\/2024\/02\/BTLL-WINGS_flamenco.png\"},{\"@type\":\"BreadcrumbList\",\"@id\":\"https:\/\/ignaciomarin.com\/en\/wine-wings\/#breadcrumb\",\"itemListElement\":[{\"@type\":\"ListItem\",\"position\":1,\"name\":\"Portada\",\"item\":\"https:\/\/ignaciomarin.com\/en\/\"},{\"@type\":\"ListItem\",\"position\":2,\"name\":\"Wine Wings Wines\"}]},{\"@type\":\"WebSite\",\"@id\":\"https:\/\/ignaciomarin.com\/en\/#website\",\"url\":\"https:\/\/ignaciomarin.com\/en\/\",\"name\":\"Bodegas Ignacio Mar\u00edn | Vinos de Cari\u00f1ena\",\"description\":\"Bodegas Ignacio Mar\u00edn: tradici\u00f3n familiar y pasi\u00f3n por el vino desde 1903. Descubre nuestros vinos de calidad elaborados en Cari\u00f1ena.\",\"alternateName\":\"Bodegas Ignacio Mar\u00edn\",\"potentialAction\":[{\"@type\":\"SearchAction\",\"target\":{\"@type\":\"EntryPoint\",\"urlTemplate\":\"https:\/\/ignaciomarin.com\/en\/?s={search_term_string}\"},\"query-input\":{\"@type\":\"PropertyValueSpecification\",\"valueRequired\":true,\"valueName\":\"search_term_string\"}}],\"inLanguage\":\"en-US\"}]}<\/script>\n<!-- \/ Yoast SEO plugin. -->","yoast_head_json":{"title":"Wine Wings Wines | Bodegas Ignacio Mar\u00edn","description":"Wine Wings. Explore a unique selection of red, white, ros\u00e9 and sparkling wines from Bodega Ignacio Mar\u00edn.","robots":{"index":"index","follow":"follow","max-snippet":"max-snippet:-1","max-image-preview":"max-image-preview:large","max-video-preview":"max-video-preview:-1"},"canonical":"https:\/\/ignaciomarin.com\/en\/wine-wings\/","og_locale":"en_US","og_type":"article","og_title":"Wine Wings Wines | Bodegas Ignacio Mar\u00edn","og_description":"Wine Wings. Explore a unique selection of red, white, ros\u00e9 and sparkling wines from Bodega Ignacio Mar\u00edn.","og_url":"https:\/\/ignaciomarin.com\/en\/wine-wings\/","og_site_name":"Bodegas Ignacio Mar\u00edn","article_publisher":"https:\/\/www.facebook.com\/BodegasIgnacioMarin\/","article_modified_time":"2024-03-12T08:15:29+00:00","og_image":[{"url":"https:\/\/ignaciomarin.com\/wp-content\/uploads\/2024\/02\/BTLL-WINGS_flamenco.png","type":"","width":"","height":""}],"twitter_card":"summary_large_image","schema":{"@context":"https:\/\/schema.org","@graph":[{"@type":"WebPage","@id":"https:\/\/ignaciomarin.com\/en\/wine-wings\/","url":"https:\/\/ignaciomarin.com\/en\/wine-wings\/","name":"Wine Wings Wines | Bodegas Ignacio Mar\u00edn","isPartOf":{"@id":"https:\/\/ignaciomarin.com\/en\/#website"},"primaryImageOfPage":{"@id":"https:\/\/ignaciomarin.com\/en\/wine-wings\/#primaryimage"},"image":{"@id":"https:\/\/ignaciomarin.com\/en\/wine-wings\/#primaryimage"},"thumbnailUrl":"https:\/\/ignaciomarin.com\/wp-content\/uploads\/2024\/02\/BTLL-WINGS_flamenco.png","datePublished":"2024-03-12T08:14:54+00:00","dateModified":"2024-03-12T08:15:29+00:00","description":"Wine Wings. Explore a unique selection of red, white, ros\u00e9 and sparkling wines from Bodega Ignacio Mar\u00edn.","breadcrumb":{"@id":"https:\/\/ignaciomarin.com\/en\/wine-wings\/#breadcrumb"},"inLanguage":"en-US","potentialAction":[{"@type":"ReadAction","target":["https:\/\/ignaciomarin.com\/en\/wine-wings\/"]}]},{"@type":"ImageObject","inLanguage":"en-US","@id":"https:\/\/ignaciomarin.com\/en\/wine-wings\/#primaryimage","url":"https:\/\/ignaciomarin.com\/wp-content\/uploads\/2024\/02\/BTLL-WINGS_flamenco.png","contentUrl":"https:\/\/ignaciomarin.com\/wp-content\/uploads\/2024\/02\/BTLL-WINGS_flamenco.png"},{"@type":"BreadcrumbList","@id":"https:\/\/ignaciomarin.com\/en\/wine-wings\/#breadcrumb","itemListElement":[{"@type":"ListItem","position":1,"name":"Portada","item":"https:\/\/ignaciomarin.com\/en\/"},{"@type":"ListItem","position":2,"name":"Wine Wings Wines"}]},{"@type":"WebSite","@id":"https:\/\/ignaciomarin.com\/en\/#website","url":"https:\/\/ignaciomarin.com\/en\/","name":"Bodegas Ignacio Mar\u00edn | Vinos de Cari\u00f1ena","description":"Bodegas Ignacio Mar\u00edn: tradici\u00f3n familiar y pasi\u00f3n por el vino desde 1903. Descubre nuestros vinos de calidad elaborados en Cari\u00f1ena.","alternateName":"Bodegas Ignacio Mar\u00edn","potentialAction":[{"@type":"SearchAction","target":{"@type":"EntryPoint","urlTemplate":"https:\/\/ignaciomarin.com\/en\/?s={search_term_string}"},"query-input":{"@type":"PropertyValueSpecification","valueRequired":true,"valueName":"search_term_string"}}],"inLanguage":"en-US"}]}},"_links":{"self":[{"href":"https:\/\/ignaciomarin.com\/en\/wp-json\/wp\/v2\/pages\/2626","targetHints":{"allow":["GET"]}}],"collection":[{"href":"https:\/\/ignaciomarin.com\/en\/wp-json\/wp\/v2\/pages"}],"about":[{"href":"https:\/\/ignaciomarin.com\/en\/wp-json\/wp\/v2\/types\/page"}],"author":[{"embeddable":true,"href":"https:\/\/ignaciomarin.com\/en\/wp-json\/wp\/v2\/users\/1"}],"replies":[{"embeddable":true,"href":"https:\/\/ignaciomarin.com\/en\/wp-json\/wp\/v2\/comments?post=2626"}],"version-history":[{"count":1,"href":"https:\/\/ignaciomarin.com\/en\/wp-json\/wp\/v2\/pages\/2626\/revisions"}],"predecessor-version":[{"id":2627,"href":"https:\/\/ignaciomarin.com\/en\/wp-json\/wp\/v2\/pages\/2626\/revisions\/2627"}],"wp:attachment":[{"href":"https:\/\/ignaciomarin.com\/en\/wp-json\/wp\/v2\/media?parent=2626"}],"curies":[{"name":"wp","href":"https:\/\/api.w.org\/{rel}","templated":true}]}}