{"id":2612,"date":"2024-03-12T07:40:24","date_gmt":"2024-03-12T07:40:24","guid":{"rendered":"https:\/\/ignaciomarin.com\/marin\/"},"modified":"2024-12-11T07:12:14","modified_gmt":"2024-12-11T07:12:14","slug":"marin","status":"publish","type":"page","link":"https:\/\/ignaciomarin.com\/en\/marin\/","title":{"rendered":"Mar\u00edn"},"content":{"rendered":"\t\t<div data-elementor-type=\"wp-page\" data-elementor-id=\"2612\" class=\"elementor elementor-2612 elementor-2610\">\n\t\t\t\t<div class=\"elementor-element elementor-element-8872ddf e-con-full e-flex e-con e-parent\" data-id=\"8872ddf\" data-element_type=\"container\" data-settings=\"{&quot;background_background&quot;:&quot;classic&quot;}\">\n\t\t<div class=\"elementor-element elementor-element-d63db5f e-flex e-con-boxed e-con e-child\" data-id=\"d63db5f\" data-element_type=\"container\" data-settings=\"{&quot;shape_divider_bottom&quot;:&quot;pyramids&quot;,&quot;background_background&quot;:&quot;classic&quot;}\">\n\t\t\t\t\t<div class=\"e-con-inner\">\n\t\t\t\t<div class=\"elementor-shape elementor-shape-bottom\" aria-hidden=\"true\" data-negative=\"false\">\n\t\t\t<svg xmlns=\"http:\/\/www.w3.org\/2000\/svg\" viewBox=\"0 0 1000 100\" preserveAspectRatio=\"none\">\n\t<path class=\"elementor-shape-fill\" d=\"M761.9,44.1L643.1,27.2L333.8,98L0,3.8V0l1000,0v3.9\"\/>\n<\/svg>\t\t<\/div>\n\t\t<div class=\"elementor-element elementor-element-4154063 e-con-full e-flex e-con e-child\" data-id=\"4154063\" data-element_type=\"container\">\n\t\t\t\t<div class=\"elementor-element elementor-element-9b10b21 elementor-widget elementor-widget-heading\" data-id=\"9b10b21\" data-element_type=\"widget\" data-widget_type=\"heading.default\">\n\t\t\t\t<div class=\"elementor-widget-container\">\n\t\t\t\t\t<h1 class=\"elementor-heading-title elementor-size-default\">Mar\u00edn<\/h1>\t\t\t\t<\/div>\n\t\t\t\t<\/div>\n\t\t\t\t<\/div>\n\t\t\t\t\t<\/div>\n\t\t\t\t<\/div>\n\t\t\t\t<\/div>\n\t\t<div class=\"elementor-element elementor-element-46a709e e-flex e-con-boxed e-con e-parent\" data-id=\"46a709e\" data-element_type=\"container\">\n\t\t\t\t\t<div class=\"e-con-inner\">\n\t\t<div class=\"elementor-element elementor-element-07f57c7 e-con-full e-flex e-con e-child\" data-id=\"07f57c7\" data-element_type=\"container\">\n\t\t\t\t<div class=\"elementor-element elementor-element-1e7b704 elementor-widget elementor-widget-image\" data-id=\"1e7b704\" data-element_type=\"widget\" data-widget_type=\"image.default\">\n\t\t\t\t<div class=\"elementor-widget-container\">\n\t\t\t\t\t\t\t\t\t\t\t\t\t\t\t<img fetchpriority=\"high\" decoding=\"async\" width=\"336\" height=\"1080\" src=\"https:\/\/ignaciomarin.com\/wp-content\/uploads\/2024\/02\/garnacha-blanca-Ignacio-Marin-LOW.png\" class=\"attachment-full size-full wp-image-2599\" alt=\"\" srcset=\"https:\/\/ignaciomarin.com\/wp-content\/uploads\/2024\/02\/garnacha-blanca-Ignacio-Marin-LOW.png 336w, https:\/\/ignaciomarin.com\/wp-content\/uploads\/2024\/02\/garnacha-blanca-Ignacio-Marin-LOW-93x300.png 93w, https:\/\/ignaciomarin.com\/wp-content\/uploads\/2024\/02\/garnacha-blanca-Ignacio-Marin-LOW-319x1024.png 319w\" sizes=\"(max-width: 336px) 100vw, 336px\" \/>\t\t\t\t\t\t\t\t\t\t\t\t\t\t\t<\/div>\n\t\t\t\t<\/div>\n\t\t\t\t<div class=\"elementor-element elementor-element-2287005 elementor-widget elementor-widget-heading\" data-id=\"2287005\" data-element_type=\"widget\" data-widget_type=\"heading.default\">\n\t\t\t\t<div class=\"elementor-widget-container\">\n\t\t\t\t\t<h2 class=\"elementor-heading-title elementor-size-default\">Mar\u00edn White Grenache<\/h2>\t\t\t\t<\/div>\n\t\t\t\t<\/div>\n\t\t\t\t<\/div>\n\t\t<div class=\"elementor-element elementor-element-7856c68 e-con-full e-flex e-con e-child\" data-id=\"7856c68\" data-element_type=\"container\">\n\t\t\t\t<div class=\"elementor-element elementor-element-c3c4eb8 elementor-widget elementor-widget-image\" data-id=\"c3c4eb8\" data-element_type=\"widget\" data-widget_type=\"image.default\">\n\t\t\t\t<div class=\"elementor-widget-container\">\n\t\t\t\t\t\t\t\t\t\t\t\t\t\t\t<img decoding=\"async\" width=\"659\" height=\"1053\" src=\"https:\/\/ignaciomarin.com\/wp-content\/uploads\/2024\/02\/fotografia-rosado-IGNACIO-MARIN-02-LOW.png\" class=\"attachment-full size-full wp-image-2600\" alt=\"\" srcset=\"https:\/\/ignaciomarin.com\/wp-content\/uploads\/2024\/02\/fotografia-rosado-IGNACIO-MARIN-02-LOW.png 659w, https:\/\/ignaciomarin.com\/wp-content\/uploads\/2024\/02\/fotografia-rosado-IGNACIO-MARIN-02-LOW-188x300.png 188w, https:\/\/ignaciomarin.com\/wp-content\/uploads\/2024\/02\/fotografia-rosado-IGNACIO-MARIN-02-LOW-641x1024.png 641w, https:\/\/ignaciomarin.com\/wp-content\/uploads\/2024\/02\/fotografia-rosado-IGNACIO-MARIN-02-LOW-600x959.png 600w\" sizes=\"(max-width: 659px) 100vw, 659px\" \/>\t\t\t\t\t\t\t\t\t\t\t\t\t\t\t<\/div>\n\t\t\t\t<\/div>\n\t\t\t\t<div class=\"elementor-element elementor-element-169d6cd elementor-widget elementor-widget-heading\" data-id=\"169d6cd\" data-element_type=\"widget\" data-widget_type=\"heading.default\">\n\t\t\t\t<div class=\"elementor-widget-container\">\n\t\t\t\t\t<h2 class=\"elementor-heading-title elementor-size-default\">Mar\u00edn Rosado<\/h2>\t\t\t\t<\/div>\n\t\t\t\t<\/div>\n\t\t\t\t<\/div>\n\t\t<div class=\"elementor-element elementor-element-5bf5623 e-con-full e-flex e-con e-child\" data-id=\"5bf5623\" data-element_type=\"container\">\n\t\t\t\t<div class=\"elementor-element elementor-element-0bc7503 elementor-widget elementor-widget-image\" data-id=\"0bc7503\" data-element_type=\"widget\" data-widget_type=\"image.default\">\n\t\t\t\t<div class=\"elementor-widget-container\">\n\t\t\t\t\t\t\t\t\t\t\t\t\t\t\t<img decoding=\"async\" width=\"330\" height=\"1080\" src=\"https:\/\/ignaciomarin.com\/wp-content\/uploads\/2024\/02\/roble-vinas-viejas-Ignacio-Marin-LOW.png\" class=\"attachment-full size-full wp-image-2590\" alt=\"\" srcset=\"https:\/\/ignaciomarin.com\/wp-content\/uploads\/2024\/02\/roble-vinas-viejas-Ignacio-Marin-LOW.png 330w, https:\/\/ignaciomarin.com\/wp-content\/uploads\/2024\/02\/roble-vinas-viejas-Ignacio-Marin-LOW-92x300.png 92w, https:\/\/ignaciomarin.com\/wp-content\/uploads\/2024\/02\/roble-vinas-viejas-Ignacio-Marin-LOW-313x1024.png 313w\" sizes=\"(max-width: 330px) 100vw, 330px\" \/>\t\t\t\t\t\t\t\t\t\t\t\t\t\t\t<\/div>\n\t\t\t\t<\/div>\n\t\t\t\t<div class=\"elementor-element elementor-element-63dab6a elementor-widget elementor-widget-heading\" data-id=\"63dab6a\" data-element_type=\"widget\" data-widget_type=\"heading.default\">\n\t\t\t\t<div class=\"elementor-widget-container\">\n\t\t\t\t\t<h2 class=\"elementor-heading-title elementor-size-default\">Mar\u00edn Roble Old Vines<\/h2>\t\t\t\t<\/div>\n\t\t\t\t<\/div>\n\t\t\t\t<\/div>\n\t\t<div class=\"elementor-element elementor-element-e19b31b e-con-full e-flex e-con e-child\" data-id=\"e19b31b\" data-element_type=\"container\">\n\t\t\t\t<div class=\"elementor-element elementor-element-b63a975 elementor-widget elementor-widget-image\" data-id=\"b63a975\" data-element_type=\"widget\" data-widget_type=\"image.default\">\n\t\t\t\t<div class=\"elementor-widget-container\">\n\t\t\t\t\t\t\t\t\t\t\t\t\t\t\t<img loading=\"lazy\" decoding=\"async\" width=\"342\" height=\"1080\" src=\"https:\/\/ignaciomarin.com\/wp-content\/uploads\/2024\/02\/garnachas-viejas-de-altura-Ignacio-Marin-LOW.png\" class=\"attachment-full size-full wp-image-2598\" alt=\"\" srcset=\"https:\/\/ignaciomarin.com\/wp-content\/uploads\/2024\/02\/garnachas-viejas-de-altura-Ignacio-Marin-LOW.png 342w, https:\/\/ignaciomarin.com\/wp-content\/uploads\/2024\/02\/garnachas-viejas-de-altura-Ignacio-Marin-LOW-95x300.png 95w, https:\/\/ignaciomarin.com\/wp-content\/uploads\/2024\/02\/garnachas-viejas-de-altura-Ignacio-Marin-LOW-324x1024.png 324w\" sizes=\"(max-width: 342px) 100vw, 342px\" \/>\t\t\t\t\t\t\t\t\t\t\t\t\t\t\t<\/div>\n\t\t\t\t<\/div>\n\t\t\t\t<div class=\"elementor-element elementor-element-55e283b elementor-widget elementor-widget-heading\" data-id=\"55e283b\" data-element_type=\"widget\" data-widget_type=\"heading.default\">\n\t\t\t\t<div class=\"elementor-widget-container\">\n\t\t\t\t\t<h2 class=\"elementor-heading-title elementor-size-default\">Mar\u00edn Garnachas Viejas de Altura<\/h2>\t\t\t\t<\/div>\n\t\t\t\t<\/div>\n\t\t\t\t<\/div>\n\t\t\t\t\t<\/div>\n\t\t\t\t<\/div>\n\t\t\t\t<\/div>\n\t\t","protected":false},"excerpt":{"rendered":"<p>Mar\u00edn Mar\u00edn White Grenache Mar\u00edn Rosado Mar\u00edn Roble Old Vines Mar\u00edn Garnachas Viejas de Altura<\/p>\n","protected":false},"author":1,"featured_media":0,"parent":0,"menu_order":0,"comment_status":"closed","ping_status":"closed","template":"","meta":{"site-sidebar-layout":"no-sidebar","site-content-layout":"page-builder","ast-site-content-layout":"full-width-container","site-content-style":"default","site-sidebar-style":"default","ast-global-header-display":"","ast-banner-title-visibility":"","ast-main-header-display":"","ast-hfb-above-header-display":"","ast-hfb-below-header-display":"","ast-hfb-mobile-header-display":"","site-post-title":"disabled","ast-breadcrumbs-content":"","ast-featured-img":"disabled","footer-sml-layout":"","theme-transparent-header-meta":"","adv-header-id-meta":"","stick-header-meta":"","header-above-stick-meta":"","header-main-stick-meta":"","header-below-stick-meta":"","astra-migrate-meta-layouts":"default","ast-page-background-enabled":"default","ast-page-background-meta":{"desktop":{"background-color":"var(--ast-global-color-4)","background-image":"","background-repeat":"repeat","background-position":"center center","background-size":"auto","background-attachment":"scroll","background-type":"","background-media":"","overlay-type":"","overlay-color":"","overlay-opacity":"","overlay-gradient":""},"tablet":{"background-color":"","background-image":"","background-repeat":"repeat","background-position":"center center","background-size":"auto","background-attachment":"scroll","background-type":"","background-media":"","overlay-type":"","overlay-color":"","overlay-opacity":"","overlay-gradient":""},"mobile":{"background-color":"","background-image":"","background-repeat":"repeat","background-position":"center center","background-size":"auto","background-attachment":"scroll","background-type":"","background-media":"","overlay-type":"","overlay-color":"","overlay-opacity":"","overlay-gradient":""}},"ast-content-background-meta":{"desktop":{"background-color":"var(--ast-global-color-5)","background-image":"","background-repeat":"repeat","background-position":"center center","background-size":"auto","background-attachment":"scroll","background-type":"","background-media":"","overlay-type":"","overlay-color":"","overlay-opacity":"","overlay-gradient":""},"tablet":{"background-color":"var(--ast-global-color-5)","background-image":"","background-repeat":"repeat","background-position":"center center","background-size":"auto","background-attachment":"scroll","background-type":"","background-media":"","overlay-type":"","overlay-color":"","overlay-opacity":"","overlay-gradient":""},"mobile":{"background-color":"var(--ast-global-color-5)","background-image":"","background-repeat":"repeat","background-position":"center center","background-size":"auto","background-attachment":"scroll","background-type":"","background-media":"","overlay-type":"","overlay-color":"","overlay-opacity":"","overlay-gradient":""}},"footnotes":""},"class_list":["post-2612","page","type-page","status-publish","hentry"],"yoast_head":"<!-- This site is optimized with the Yoast SEO plugin v26.0 - https:\/\/yoast.com\/wordpress\/plugins\/seo\/ -->\n<title>Mar\u00edn | Bodegas Ignacio Mar\u00edn<\/title>\n<meta name=\"robots\" content=\"index, follow, max-snippet:-1, max-image-preview:large, max-video-preview:-1\" \/>\n<link rel=\"canonical\" href=\"https:\/\/ignaciomarin.com\/en\/marin\/\" \/>\n<meta property=\"og:locale\" content=\"en_US\" \/>\n<meta property=\"og:type\" content=\"article\" \/>\n<meta property=\"og:title\" content=\"Mar\u00edn | Bodegas Ignacio Mar\u00edn\" \/>\n<meta property=\"og:description\" content=\"Mar\u00edn Mar\u00edn White Grenache Mar\u00edn Rosado Mar\u00edn Roble Old Vines Mar\u00edn Garnachas Viejas de Altura\" \/>\n<meta property=\"og:url\" content=\"https:\/\/ignaciomarin.com\/en\/marin\/\" \/>\n<meta property=\"og:site_name\" content=\"Bodegas Ignacio Mar\u00edn\" \/>\n<meta property=\"article:publisher\" content=\"https:\/\/www.facebook.com\/BodegasIgnacioMarin\/\" \/>\n<meta property=\"article:modified_time\" content=\"2024-12-11T07:12:14+00:00\" \/>\n<meta property=\"og:image\" content=\"https:\/\/ignaciomarin.com\/wp-content\/uploads\/2024\/02\/garnacha-blanca-Ignacio-Marin-LOW.png\" \/>\n<meta name=\"twitter:card\" content=\"summary_large_image\" \/>\n<script type=\"application\/ld+json\" class=\"yoast-schema-graph\">{\"@context\":\"https:\/\/schema.org\",\"@graph\":[{\"@type\":\"WebPage\",\"@id\":\"https:\/\/ignaciomarin.com\/en\/marin\/\",\"url\":\"https:\/\/ignaciomarin.com\/en\/marin\/\",\"name\":\"Mar\u00edn | Bodegas Ignacio Mar\u00edn\",\"isPartOf\":{\"@id\":\"https:\/\/ignaciomarin.com\/en\/#website\"},\"primaryImageOfPage\":{\"@id\":\"https:\/\/ignaciomarin.com\/en\/marin\/#primaryimage\"},\"image\":{\"@id\":\"https:\/\/ignaciomarin.com\/en\/marin\/#primaryimage\"},\"thumbnailUrl\":\"https:\/\/ignaciomarin.com\/wp-content\/uploads\/2024\/02\/garnacha-blanca-Ignacio-Marin-LOW.png\",\"datePublished\":\"2024-03-12T07:40:24+00:00\",\"dateModified\":\"2024-12-11T07:12:14+00:00\",\"breadcrumb\":{\"@id\":\"https:\/\/ignaciomarin.com\/en\/marin\/#breadcrumb\"},\"inLanguage\":\"en-US\",\"potentialAction\":[{\"@type\":\"ReadAction\",\"target\":[\"https:\/\/ignaciomarin.com\/en\/marin\/\"]}]},{\"@type\":\"ImageObject\",\"inLanguage\":\"en-US\",\"@id\":\"https:\/\/ignaciomarin.com\/en\/marin\/#primaryimage\",\"url\":\"https:\/\/ignaciomarin.com\/wp-content\/uploads\/2024\/02\/garnacha-blanca-Ignacio-Marin-LOW.png\",\"contentUrl\":\"https:\/\/ignaciomarin.com\/wp-content\/uploads\/2024\/02\/garnacha-blanca-Ignacio-Marin-LOW.png\"},{\"@type\":\"BreadcrumbList\",\"@id\":\"https:\/\/ignaciomarin.com\/en\/marin\/#breadcrumb\",\"itemListElement\":[{\"@type\":\"ListItem\",\"position\":1,\"name\":\"Portada\",\"item\":\"https:\/\/ignaciomarin.com\/en\/\"},{\"@type\":\"ListItem\",\"position\":2,\"name\":\"Mar\u00edn\"}]},{\"@type\":\"WebSite\",\"@id\":\"https:\/\/ignaciomarin.com\/en\/#website\",\"url\":\"https:\/\/ignaciomarin.com\/en\/\",\"name\":\"Bodegas Ignacio Mar\u00edn | Vinos de Cari\u00f1ena\",\"description\":\"Bodegas Ignacio Mar\u00edn: tradici\u00f3n familiar y pasi\u00f3n por el vino desde 1903. Descubre nuestros vinos de calidad elaborados en Cari\u00f1ena.\",\"alternateName\":\"Bodegas Ignacio Mar\u00edn\",\"potentialAction\":[{\"@type\":\"SearchAction\",\"target\":{\"@type\":\"EntryPoint\",\"urlTemplate\":\"https:\/\/ignaciomarin.com\/en\/?s={search_term_string}\"},\"query-input\":{\"@type\":\"PropertyValueSpecification\",\"valueRequired\":true,\"valueName\":\"search_term_string\"}}],\"inLanguage\":\"en-US\"}]}<\/script>\n<!-- \/ Yoast SEO plugin. -->","yoast_head_json":{"title":"Mar\u00edn | Bodegas Ignacio Mar\u00edn","robots":{"index":"index","follow":"follow","max-snippet":"max-snippet:-1","max-image-preview":"max-image-preview:large","max-video-preview":"max-video-preview:-1"},"canonical":"https:\/\/ignaciomarin.com\/en\/marin\/","og_locale":"en_US","og_type":"article","og_title":"Mar\u00edn | Bodegas Ignacio Mar\u00edn","og_description":"Mar\u00edn Mar\u00edn White Grenache Mar\u00edn Rosado Mar\u00edn Roble Old Vines Mar\u00edn Garnachas Viejas de Altura","og_url":"https:\/\/ignaciomarin.com\/en\/marin\/","og_site_name":"Bodegas Ignacio Mar\u00edn","article_publisher":"https:\/\/www.facebook.com\/BodegasIgnacioMarin\/","article_modified_time":"2024-12-11T07:12:14+00:00","og_image":[{"url":"https:\/\/ignaciomarin.com\/wp-content\/uploads\/2024\/02\/garnacha-blanca-Ignacio-Marin-LOW.png","type":"","width":"","height":""}],"twitter_card":"summary_large_image","schema":{"@context":"https:\/\/schema.org","@graph":[{"@type":"WebPage","@id":"https:\/\/ignaciomarin.com\/en\/marin\/","url":"https:\/\/ignaciomarin.com\/en\/marin\/","name":"Mar\u00edn | Bodegas Ignacio Mar\u00edn","isPartOf":{"@id":"https:\/\/ignaciomarin.com\/en\/#website"},"primaryImageOfPage":{"@id":"https:\/\/ignaciomarin.com\/en\/marin\/#primaryimage"},"image":{"@id":"https:\/\/ignaciomarin.com\/en\/marin\/#primaryimage"},"thumbnailUrl":"https:\/\/ignaciomarin.com\/wp-content\/uploads\/2024\/02\/garnacha-blanca-Ignacio-Marin-LOW.png","datePublished":"2024-03-12T07:40:24+00:00","dateModified":"2024-12-11T07:12:14+00:00","breadcrumb":{"@id":"https:\/\/ignaciomarin.com\/en\/marin\/#breadcrumb"},"inLanguage":"en-US","potentialAction":[{"@type":"ReadAction","target":["https:\/\/ignaciomarin.com\/en\/marin\/"]}]},{"@type":"ImageObject","inLanguage":"en-US","@id":"https:\/\/ignaciomarin.com\/en\/marin\/#primaryimage","url":"https:\/\/ignaciomarin.com\/wp-content\/uploads\/2024\/02\/garnacha-blanca-Ignacio-Marin-LOW.png","contentUrl":"https:\/\/ignaciomarin.com\/wp-content\/uploads\/2024\/02\/garnacha-blanca-Ignacio-Marin-LOW.png"},{"@type":"BreadcrumbList","@id":"https:\/\/ignaciomarin.com\/en\/marin\/#breadcrumb","itemListElement":[{"@type":"ListItem","position":1,"name":"Portada","item":"https:\/\/ignaciomarin.com\/en\/"},{"@type":"ListItem","position":2,"name":"Mar\u00edn"}]},{"@type":"WebSite","@id":"https:\/\/ignaciomarin.com\/en\/#website","url":"https:\/\/ignaciomarin.com\/en\/","name":"Bodegas Ignacio Mar\u00edn | Vinos de Cari\u00f1ena","description":"Bodegas Ignacio Mar\u00edn: tradici\u00f3n familiar y pasi\u00f3n por el vino desde 1903. Descubre nuestros vinos de calidad elaborados en Cari\u00f1ena.","alternateName":"Bodegas Ignacio Mar\u00edn","potentialAction":[{"@type":"SearchAction","target":{"@type":"EntryPoint","urlTemplate":"https:\/\/ignaciomarin.com\/en\/?s={search_term_string}"},"query-input":{"@type":"PropertyValueSpecification","valueRequired":true,"valueName":"search_term_string"}}],"inLanguage":"en-US"}]}},"_links":{"self":[{"href":"https:\/\/ignaciomarin.com\/en\/wp-json\/wp\/v2\/pages\/2612","targetHints":{"allow":["GET"]}}],"collection":[{"href":"https:\/\/ignaciomarin.com\/en\/wp-json\/wp\/v2\/pages"}],"about":[{"href":"https:\/\/ignaciomarin.com\/en\/wp-json\/wp\/v2\/types\/page"}],"author":[{"embeddable":true,"href":"https:\/\/ignaciomarin.com\/en\/wp-json\/wp\/v2\/users\/1"}],"replies":[{"embeddable":true,"href":"https:\/\/ignaciomarin.com\/en\/wp-json\/wp\/v2\/comments?post=2612"}],"version-history":[{"count":2,"href":"https:\/\/ignaciomarin.com\/en\/wp-json\/wp\/v2\/pages\/2612\/revisions"}],"predecessor-version":[{"id":2766,"href":"https:\/\/ignaciomarin.com\/en\/wp-json\/wp\/v2\/pages\/2612\/revisions\/2766"}],"wp:attachment":[{"href":"https:\/\/ignaciomarin.com\/en\/wp-json\/wp\/v2\/media?parent=2612"}],"curies":[{"name":"wp","href":"https:\/\/api.w.org\/{rel}","templated":true}]}}