{"id":2548,"date":"2024-03-11T14:36:35","date_gmt":"2024-03-11T14:36:35","guid":{"rendered":"https:\/\/ignaciomarin.com\/vineyards-and-winery\/"},"modified":"2024-12-16T08:03:19","modified_gmt":"2024-12-16T08:03:19","slug":"vineyards-and-winery","status":"publish","type":"page","link":"https:\/\/ignaciomarin.com\/en\/vineyards-and-winery\/","title":{"rendered":"Vineyards &amp; Winery"},"content":{"rendered":"\t\t<div data-elementor-type=\"wp-page\" data-elementor-id=\"2548\" class=\"elementor elementor-2548 elementor-2545\">\n\t\t\t\t<div class=\"elementor-element elementor-element-4e7ac5a e-con-full e-flex e-con e-parent\" data-id=\"4e7ac5a\" data-element_type=\"container\">\n\t\t<div class=\"elementor-element elementor-element-f40d093 e-flex e-con-boxed e-con e-child\" data-id=\"f40d093\" data-element_type=\"container\" data-settings=\"{&quot;background_background&quot;:&quot;classic&quot;,&quot;shape_divider_bottom&quot;:&quot;pyramids&quot;}\">\n\t\t\t\t\t<div class=\"e-con-inner\">\n\t\t\t\t<div class=\"elementor-shape elementor-shape-bottom\" aria-hidden=\"true\" data-negative=\"false\">\n\t\t\t<svg xmlns=\"http:\/\/www.w3.org\/2000\/svg\" viewBox=\"0 0 1000 100\" preserveAspectRatio=\"none\">\n\t<path class=\"elementor-shape-fill\" d=\"M761.9,44.1L643.1,27.2L333.8,98L0,3.8V0l1000,0v3.9\"\/>\n<\/svg>\t\t<\/div>\n\t\t<div class=\"elementor-element elementor-element-a291543 e-con-full e-flex e-con e-child\" data-id=\"a291543\" data-element_type=\"container\">\n\t\t\t\t<div class=\"elementor-element elementor-element-0dbe3ab elementor-widget elementor-widget-heading\" data-id=\"0dbe3ab\" data-element_type=\"widget\" data-widget_type=\"heading.default\">\n\t\t\t\t<div class=\"elementor-widget-container\">\n\t\t\t\t\t<h1 class=\"elementor-heading-title elementor-size-default\">Vineyards &amp; Winery<\/h1>\t\t\t\t<\/div>\n\t\t\t\t<\/div>\n\t\t\t\t<\/div>\n\t\t\t\t\t<\/div>\n\t\t\t\t<\/div>\n\t\t\t\t<\/div>\n\t\t<div class=\"elementor-element elementor-element-5a84f3e e-flex e-con-boxed e-con e-parent\" data-id=\"5a84f3e\" data-element_type=\"container\">\n\t\t\t\t\t<div class=\"e-con-inner\">\n\t\t\t\t<div class=\"elementor-element elementor-element-9c6aba6 elementor-widget elementor-widget-heading\" data-id=\"9c6aba6\" data-element_type=\"widget\" data-widget_type=\"heading.default\">\n\t\t\t\t<div class=\"elementor-widget-container\">\n\t\t\t\t\t<h6 class=\"elementor-heading-title elementor-size-default\">Vineyards<\/h6>\t\t\t\t<\/div>\n\t\t\t\t<\/div>\n\t\t\t\t<div class=\"elementor-element elementor-element-ce16477 elementor-widget elementor-widget-heading\" data-id=\"ce16477\" data-element_type=\"widget\" data-widget_type=\"heading.default\">\n\t\t\t\t<div class=\"elementor-widget-container\">\n\t\t\t\t\t<h2 class=\"elementor-heading-title elementor-size-default\">Wines Designed from the Vineyards<\/h2>\t\t\t\t<\/div>\n\t\t\t\t<\/div>\n\t\t\t\t<div class=\"elementor-element elementor-element-978e69c elementor-widget elementor-widget-text-editor\" data-id=\"978e69c\" data-element_type=\"widget\" data-widget_type=\"text-editor.default\">\n\t\t\t\t<div class=\"elementor-widget-container\">\n\t\t\t\t\t\t\t\t\t<p>Our vineyards are located in the heart of the D.O. Cari\u00f1ena.Cari\u00f1ena, with an altitude<br \/>between 600 and 850 metres and located in the towns of Encinacorba and Cari\u00f1ena, to<br \/>take advantage of the different microclimates and grow perfectly adapted varieties,<br \/>especially:<\/p>\n\t\t\t\t\t\t\t\t<\/div>\n\t\t\t\t<\/div>\n\t\t\t\t\t<\/div>\n\t\t\t\t<\/div>\n\t\t<div class=\"elementor-element elementor-element-adee81f e-flex e-con-boxed e-con e-parent\" data-id=\"adee81f\" data-element_type=\"container\">\n\t\t\t\t\t<div class=\"e-con-inner\">\n\t\t<div class=\"elementor-element elementor-element-73efbcf e-con-full e-flex e-con e-child\" data-id=\"73efbcf\" data-element_type=\"container\">\n\t\t\t\t<div class=\"elementor-element elementor-element-48d7332 elementor-widget elementor-widget-image\" data-id=\"48d7332\" data-element_type=\"widget\" data-widget_type=\"image.default\">\n\t\t\t\t<div class=\"elementor-widget-container\">\n\t\t\t\t\t\t\t\t\t\t\t\t\t\t\t<img fetchpriority=\"high\" decoding=\"async\" width=\"1024\" height=\"684\" src=\"https:\/\/ignaciomarin.com\/wp-content\/uploads\/2024\/03\/DSC7911-1024x684.webp\" class=\"attachment-large size-large wp-image-2682\" alt=\"Uva blanca Bodega Ignacio Mar\u00edn\" srcset=\"https:\/\/ignaciomarin.com\/wp-content\/uploads\/2024\/03\/DSC7911-1024x684.webp 1024w, https:\/\/ignaciomarin.com\/wp-content\/uploads\/2024\/03\/DSC7911-300x200.webp 300w, https:\/\/ignaciomarin.com\/wp-content\/uploads\/2024\/03\/DSC7911-768x513.webp 768w\" sizes=\"(max-width: 1024px) 100vw, 1024px\" \/>\t\t\t\t\t\t\t\t\t\t\t\t\t\t\t<\/div>\n\t\t\t\t<\/div>\n\t\t\t\t<div class=\"elementor-element elementor-element-0cb4d9b elementor-widget elementor-widget-text-editor\" data-id=\"0cb4d9b\" data-element_type=\"widget\" data-widget_type=\"text-editor.default\">\n\t\t\t\t<div class=\"elementor-widget-container\">\n\t\t\t\t\t\t\t\t\t<p>From its roots in Cari\u00f1ena in 1903, Bodegas Ignacio Mar\u00edn is a jewel in the family&#8217;s wine heritage. Founded by D. Ignacio Mar\u00edn, our legacy has been woven over the years, generation after generation, making us a family business with an unwavering dedication to making wines of the highest quality and to the careful cultivation of our vineyards.<\/p>\n<p>The essence of Ignacio Mar\u00edn lies in the meticulous work that emanates from the vineyard, with the affection and knowledge transmitted over time. Our founder, Mr. Ignacio Mar\u00edn, marked the beginning of a path that has led our wines to conquer palates on five continents.<\/p><\/p>\n\t\t\t\t\t\t\t\t<\/div>\n\t\t\t\t<\/div>\n\t\t\t\t<\/div>\n\t\t<div class=\"elementor-element elementor-element-9945188 e-con-full e-flex e-con e-child\" data-id=\"9945188\" data-element_type=\"container\">\n\t\t\t\t<div class=\"elementor-element elementor-element-af5ac67 elementor-widget elementor-widget-heading\" data-id=\"af5ac67\" data-element_type=\"widget\" data-widget_type=\"heading.default\">\n\t\t\t\t<div class=\"elementor-widget-container\">\n\t\t\t\t\t<h6 class=\"elementor-heading-title elementor-size-default\">Our History<\/h6>\t\t\t\t<\/div>\n\t\t\t\t<\/div>\n\t\t\t\t<div class=\"elementor-element elementor-element-71d2da8 elementor-widget elementor-widget-heading\" data-id=\"71d2da8\" data-element_type=\"widget\" data-widget_type=\"heading.default\">\n\t\t\t\t<div class=\"elementor-widget-container\">\n\t\t\t\t\t<h2 class=\"elementor-heading-title elementor-size-default\">Grenache, White Grenache and Carignan<\/h2>\t\t\t\t<\/div>\n\t\t\t\t<\/div>\n\t\t\t\t<div class=\"elementor-element elementor-element-92add29 elementor-widget elementor-widget-image\" data-id=\"92add29\" data-element_type=\"widget\" data-widget_type=\"image.default\">\n\t\t\t\t<div class=\"elementor-widget-container\">\n\t\t\t\t\t\t\t\t\t\t\t\t\t\t\t<img decoding=\"async\" src=\"https:\/\/ignaciomarin.mique.es\/wp-content\/uploads\/2024\/02\/Campo2-scaled.webp\" title=\"\" alt=\"\" loading=\"lazy\" \/>\t\t\t\t\t\t\t\t\t\t\t\t\t\t\t<\/div>\n\t\t\t\t<\/div>\n\t\t\t\t<div class=\"elementor-element elementor-element-a3599e8 elementor-widget elementor-widget-text-editor\" data-id=\"a3599e8\" data-element_type=\"widget\" data-widget_type=\"text-editor.default\">\n\t\t\t\t<div class=\"elementor-widget-container\">\n\t\t\t\t\t\t\t\t\t<p>Each generation of the family has brought its skills and experience to this arduous process, from the selection of the grapes to the expert vinification and careful ageing. This work is reflected in every bottle that leaves our cellars.<\/p>\n\t\t\t\t\t\t\t\t<\/div>\n\t\t\t\t<\/div>\n\t\t\t\t<\/div>\n\t\t\t\t\t<\/div>\n\t\t\t\t<\/div>\n\t\t\t\t<\/div>\n\t\t","protected":false},"excerpt":{"rendered":"<p>Vineyards &amp; Winery Vineyards Wines Designed from the Vineyards Our vineyards are located in the heart of the D.O. Cari\u00f1ena.Cari\u00f1ena, with an altitudebetween 600 and 850 metres and located in the towns of Encinacorba and Cari\u00f1ena, totake advantage of the different microclimates and grow perfectly adapted varieties,especially: From its roots in Cari\u00f1ena in 1903, Bodegas [&hellip;]<\/p>\n","protected":false},"author":1,"featured_media":0,"parent":0,"menu_order":0,"comment_status":"closed","ping_status":"closed","template":"","meta":{"site-sidebar-layout":"no-sidebar","site-content-layout":"page-builder","ast-site-content-layout":"full-width-container","site-content-style":"default","site-sidebar-style":"default","ast-global-header-display":"","ast-banner-title-visibility":"","ast-main-header-display":"","ast-hfb-above-header-display":"","ast-hfb-below-header-display":"","ast-hfb-mobile-header-display":"","site-post-title":"disabled","ast-breadcrumbs-content":"","ast-featured-img":"disabled","footer-sml-layout":"","theme-transparent-header-meta":"","adv-header-id-meta":"","stick-header-meta":"","header-above-stick-meta":"","header-main-stick-meta":"","header-below-stick-meta":"","astra-migrate-meta-layouts":"default","ast-page-background-enabled":"default","ast-page-background-meta":{"desktop":{"background-color":"var(--ast-global-color-4)","background-image":"","background-repeat":"repeat","background-position":"center center","background-size":"auto","background-attachment":"scroll","background-type":"","background-media":"","overlay-type":"","overlay-color":"","overlay-opacity":"","overlay-gradient":""},"tablet":{"background-color":"","background-image":"","background-repeat":"repeat","background-position":"center center","background-size":"auto","background-attachment":"scroll","background-type":"","background-media":"","overlay-type":"","overlay-color":"","overlay-opacity":"","overlay-gradient":""},"mobile":{"background-color":"","background-image":"","background-repeat":"repeat","background-position":"center center","background-size":"auto","background-attachment":"scroll","background-type":"","background-media":"","overlay-type":"","overlay-color":"","overlay-opacity":"","overlay-gradient":""}},"ast-content-background-meta":{"desktop":{"background-color":"var(--ast-global-color-5)","background-image":"","background-repeat":"repeat","background-position":"center center","background-size":"auto","background-attachment":"scroll","background-type":"","background-media":"","overlay-type":"","overlay-color":"","overlay-opacity":"","overlay-gradient":""},"tablet":{"background-color":"var(--ast-global-color-5)","background-image":"","background-repeat":"repeat","background-position":"center center","background-size":"auto","background-attachment":"scroll","background-type":"","background-media":"","overlay-type":"","overlay-color":"","overlay-opacity":"","overlay-gradient":""},"mobile":{"background-color":"var(--ast-global-color-5)","background-image":"","background-repeat":"repeat","background-position":"center center","background-size":"auto","background-attachment":"scroll","background-type":"","background-media":"","overlay-type":"","overlay-color":"","overlay-opacity":"","overlay-gradient":""}},"footnotes":""},"class_list":["post-2548","page","type-page","status-publish","hentry"],"yoast_head":"<!-- This site is optimized with the Yoast SEO plugin v26.0 - https:\/\/yoast.com\/wordpress\/plugins\/seo\/ -->\n<title>Vineyards &amp; Winery | Bodegas Ignacio Mar\u00edn<\/title>\n<meta name=\"description\" content=\"Come and discover our winery and our vineyards. Visit the land where our wines are born and learn about the winemaking process.\" \/>\n<meta name=\"robots\" content=\"index, follow, max-snippet:-1, max-image-preview:large, max-video-preview:-1\" \/>\n<link rel=\"canonical\" href=\"https:\/\/ignaciomarin.com\/en\/vineyards-and-winery\/\" \/>\n<meta property=\"og:locale\" content=\"en_US\" \/>\n<meta property=\"og:type\" content=\"article\" \/>\n<meta property=\"og:title\" content=\"Vineyards &amp; Winery | Bodegas Ignacio Mar\u00edn\" \/>\n<meta property=\"og:description\" content=\"Come and discover our winery and our vineyards. Visit the land where our wines are born and learn about the winemaking process.\" \/>\n<meta property=\"og:url\" content=\"https:\/\/ignaciomarin.com\/en\/vineyards-and-winery\/\" \/>\n<meta property=\"og:site_name\" content=\"Bodegas Ignacio Mar\u00edn\" \/>\n<meta property=\"article:publisher\" content=\"https:\/\/www.facebook.com\/BodegasIgnacioMarin\/\" \/>\n<meta property=\"article:modified_time\" content=\"2024-12-16T08:03:19+00:00\" \/>\n<meta property=\"og:image\" content=\"https:\/\/ignaciomarin.com\/wp-content\/uploads\/2024\/03\/DSC7911-scaled.webp\" \/>\n<meta name=\"twitter:card\" content=\"summary_large_image\" \/>\n<meta name=\"twitter:label1\" content=\"Est. reading time\" \/>\n\t<meta name=\"twitter:data1\" content=\"1 minute\" \/>\n<script type=\"application\/ld+json\" class=\"yoast-schema-graph\">{\"@context\":\"https:\/\/schema.org\",\"@graph\":[{\"@type\":\"WebPage\",\"@id\":\"https:\/\/ignaciomarin.com\/en\/vineyards-and-winery\/\",\"url\":\"https:\/\/ignaciomarin.com\/en\/vineyards-and-winery\/\",\"name\":\"Vineyards &amp; Winery | Bodegas Ignacio Mar\u00edn\",\"isPartOf\":{\"@id\":\"https:\/\/ignaciomarin.com\/en\/#website\"},\"primaryImageOfPage\":{\"@id\":\"https:\/\/ignaciomarin.com\/en\/vineyards-and-winery\/#primaryimage\"},\"image\":{\"@id\":\"https:\/\/ignaciomarin.com\/en\/vineyards-and-winery\/#primaryimage\"},\"thumbnailUrl\":\"https:\/\/ignaciomarin.com\/wp-content\/uploads\/2024\/03\/DSC7911-scaled.webp\",\"datePublished\":\"2024-03-11T14:36:35+00:00\",\"dateModified\":\"2024-12-16T08:03:19+00:00\",\"description\":\"Come and discover our winery and our vineyards. Visit the land where our wines are born and learn about the winemaking process.\",\"breadcrumb\":{\"@id\":\"https:\/\/ignaciomarin.com\/en\/vineyards-and-winery\/#breadcrumb\"},\"inLanguage\":\"en-US\",\"potentialAction\":[{\"@type\":\"ReadAction\",\"target\":[\"https:\/\/ignaciomarin.com\/en\/vineyards-and-winery\/\"]}]},{\"@type\":\"ImageObject\",\"inLanguage\":\"en-US\",\"@id\":\"https:\/\/ignaciomarin.com\/en\/vineyards-and-winery\/#primaryimage\",\"url\":\"https:\/\/ignaciomarin.com\/wp-content\/uploads\/2024\/03\/DSC7911-scaled.webp\",\"contentUrl\":\"https:\/\/ignaciomarin.com\/wp-content\/uploads\/2024\/03\/DSC7911-scaled.webp\"},{\"@type\":\"BreadcrumbList\",\"@id\":\"https:\/\/ignaciomarin.com\/en\/vineyards-and-winery\/#breadcrumb\",\"itemListElement\":[{\"@type\":\"ListItem\",\"position\":1,\"name\":\"Portada\",\"item\":\"https:\/\/ignaciomarin.com\/en\/\"},{\"@type\":\"ListItem\",\"position\":2,\"name\":\"Vineyards &amp; Winery\"}]},{\"@type\":\"WebSite\",\"@id\":\"https:\/\/ignaciomarin.com\/en\/#website\",\"url\":\"https:\/\/ignaciomarin.com\/en\/\",\"name\":\"Bodegas Ignacio Mar\u00edn | Vinos de Cari\u00f1ena\",\"description\":\"Bodegas Ignacio Mar\u00edn: tradici\u00f3n familiar y pasi\u00f3n por el vino desde 1903. Descubre nuestros vinos de calidad elaborados en Cari\u00f1ena.\",\"alternateName\":\"Bodegas Ignacio Mar\u00edn\",\"potentialAction\":[{\"@type\":\"SearchAction\",\"target\":{\"@type\":\"EntryPoint\",\"urlTemplate\":\"https:\/\/ignaciomarin.com\/en\/?s={search_term_string}\"},\"query-input\":{\"@type\":\"PropertyValueSpecification\",\"valueRequired\":true,\"valueName\":\"search_term_string\"}}],\"inLanguage\":\"en-US\"}]}<\/script>\n<!-- \/ Yoast SEO plugin. -->","yoast_head_json":{"title":"Vineyards &amp; Winery | Bodegas Ignacio Mar\u00edn","description":"Come and discover our winery and our vineyards. Visit the land where our wines are born and learn about the winemaking process.","robots":{"index":"index","follow":"follow","max-snippet":"max-snippet:-1","max-image-preview":"max-image-preview:large","max-video-preview":"max-video-preview:-1"},"canonical":"https:\/\/ignaciomarin.com\/en\/vineyards-and-winery\/","og_locale":"en_US","og_type":"article","og_title":"Vineyards &amp; Winery | Bodegas Ignacio Mar\u00edn","og_description":"Come and discover our winery and our vineyards. Visit the land where our wines are born and learn about the winemaking process.","og_url":"https:\/\/ignaciomarin.com\/en\/vineyards-and-winery\/","og_site_name":"Bodegas Ignacio Mar\u00edn","article_publisher":"https:\/\/www.facebook.com\/BodegasIgnacioMarin\/","article_modified_time":"2024-12-16T08:03:19+00:00","og_image":[{"url":"https:\/\/ignaciomarin.com\/wp-content\/uploads\/2024\/03\/DSC7911-scaled.webp","type":"","width":"","height":""}],"twitter_card":"summary_large_image","twitter_misc":{"Est. reading time":"1 minute"},"schema":{"@context":"https:\/\/schema.org","@graph":[{"@type":"WebPage","@id":"https:\/\/ignaciomarin.com\/en\/vineyards-and-winery\/","url":"https:\/\/ignaciomarin.com\/en\/vineyards-and-winery\/","name":"Vineyards &amp; Winery | Bodegas Ignacio Mar\u00edn","isPartOf":{"@id":"https:\/\/ignaciomarin.com\/en\/#website"},"primaryImageOfPage":{"@id":"https:\/\/ignaciomarin.com\/en\/vineyards-and-winery\/#primaryimage"},"image":{"@id":"https:\/\/ignaciomarin.com\/en\/vineyards-and-winery\/#primaryimage"},"thumbnailUrl":"https:\/\/ignaciomarin.com\/wp-content\/uploads\/2024\/03\/DSC7911-scaled.webp","datePublished":"2024-03-11T14:36:35+00:00","dateModified":"2024-12-16T08:03:19+00:00","description":"Come and discover our winery and our vineyards. Visit the land where our wines are born and learn about the winemaking process.","breadcrumb":{"@id":"https:\/\/ignaciomarin.com\/en\/vineyards-and-winery\/#breadcrumb"},"inLanguage":"en-US","potentialAction":[{"@type":"ReadAction","target":["https:\/\/ignaciomarin.com\/en\/vineyards-and-winery\/"]}]},{"@type":"ImageObject","inLanguage":"en-US","@id":"https:\/\/ignaciomarin.com\/en\/vineyards-and-winery\/#primaryimage","url":"https:\/\/ignaciomarin.com\/wp-content\/uploads\/2024\/03\/DSC7911-scaled.webp","contentUrl":"https:\/\/ignaciomarin.com\/wp-content\/uploads\/2024\/03\/DSC7911-scaled.webp"},{"@type":"BreadcrumbList","@id":"https:\/\/ignaciomarin.com\/en\/vineyards-and-winery\/#breadcrumb","itemListElement":[{"@type":"ListItem","position":1,"name":"Portada","item":"https:\/\/ignaciomarin.com\/en\/"},{"@type":"ListItem","position":2,"name":"Vineyards &amp; Winery"}]},{"@type":"WebSite","@id":"https:\/\/ignaciomarin.com\/en\/#website","url":"https:\/\/ignaciomarin.com\/en\/","name":"Bodegas Ignacio Mar\u00edn | Vinos de Cari\u00f1ena","description":"Bodegas Ignacio Mar\u00edn: tradici\u00f3n familiar y pasi\u00f3n por el vino desde 1903. Descubre nuestros vinos de calidad elaborados en Cari\u00f1ena.","alternateName":"Bodegas Ignacio Mar\u00edn","potentialAction":[{"@type":"SearchAction","target":{"@type":"EntryPoint","urlTemplate":"https:\/\/ignaciomarin.com\/en\/?s={search_term_string}"},"query-input":{"@type":"PropertyValueSpecification","valueRequired":true,"valueName":"search_term_string"}}],"inLanguage":"en-US"}]}},"_links":{"self":[{"href":"https:\/\/ignaciomarin.com\/en\/wp-json\/wp\/v2\/pages\/2548","targetHints":{"allow":["GET"]}}],"collection":[{"href":"https:\/\/ignaciomarin.com\/en\/wp-json\/wp\/v2\/pages"}],"about":[{"href":"https:\/\/ignaciomarin.com\/en\/wp-json\/wp\/v2\/types\/page"}],"author":[{"embeddable":true,"href":"https:\/\/ignaciomarin.com\/en\/wp-json\/wp\/v2\/users\/1"}],"replies":[{"embeddable":true,"href":"https:\/\/ignaciomarin.com\/en\/wp-json\/wp\/v2\/comments?post=2548"}],"version-history":[{"count":5,"href":"https:\/\/ignaciomarin.com\/en\/wp-json\/wp\/v2\/pages\/2548\/revisions"}],"predecessor-version":[{"id":2777,"href":"https:\/\/ignaciomarin.com\/en\/wp-json\/wp\/v2\/pages\/2548\/revisions\/2777"}],"wp:attachment":[{"href":"https:\/\/ignaciomarin.com\/en\/wp-json\/wp\/v2\/media?parent=2548"}],"curies":[{"name":"wp","href":"https:\/\/api.w.org\/{rel}","templated":true}]}}